{"id":39549,"date":"2023-12-22T23:37:08","date_gmt":"2023-12-22T23:37:08","guid":{"rendered":"https:\/\/e.kosmolat.eu\/product\/inoph-pe-sejas-serums-ar-matrixyl-3-un-hial-sk-30-ml\/"},"modified":"2026-04-20T10:26:06","modified_gmt":"2026-04-20T10:26:06","slug":"inoph-pe-sejas-serums-ar-matrixyl-3-un-hial-sk-30-ml","status":"publish","type":"product","link":"https:\/\/e.kosmolat.eu\/lv\/product\/inoph-pe-sejas-serums-ar-matrixyl-3-un-hial-sk-30-ml\/","title":{"rendered":"INOPH.PE Sejas serums ar Matrixyl 3% un hial.sk., 30 ml"},"content":{"rendered":"<p>Pept\u012bdu formula: liftinga serums ar 3% Matrixyl un hialuronsk\u0101bi.<\/p>\n<p>Dienas un nakts sejas un kakla kop\u0161ana. Izl\u012bdzina eso\u0161\u0101s grumbas un nov\u0113r\u0161 jaunu grumbu par\u0101d\u012b\u0161anos. Akt\u012bvo sast\u0101vda\u013cu komplekss pie\u0161\u0137ir sejai svaigumu un mirdzumu. Kav\u0113 smalko l\u012bniju un grumbu par\u0101d\u012b\u0161anos. &nbsp;Baudiet barotu un mitrin\u0101tu \u0101du.<\/p>\n<p><strong>Lieto\u0161ana: <\/strong>no r\u012bta vai vakar\u0101 uzkl\u0101jiet da\u017eus pilienus uz labi att\u012br\u012btas \u0101das. Izvairieties no zonas ap ac\u012bm.<br \/>\n&nbsp;<\/p>\n","protected":false},"excerpt":{"rendered":"<p>Pept\u012bdu formula: liftinga serums ar 3% Matrixyl un hialuronsk\u0101bi. Dienas un nakts sejas un kakla kop\u0161ana. Izl\u012bdzina eso\u0161\u0101s grumbas un nov\u0113r\u0161 jaunu grumbu par\u0101d\u012b\u0161anos. Akt\u012bvo sast\u0101vda\u013cu komplekss pie\u0161\u0137ir sejai svaigumu un mirdzumu. Kav\u0113 smalko l\u012bniju un grumbu par\u0101d\u012b\u0161anos. &nbsp;Baudiet barotu un mitrin\u0101tu \u0101du. Lieto\u0161ana: no r\u012bta vai vakar\u0101 uzkl\u0101jiet da\u017eus pilienus uz labi att\u012br\u012btas \u0101das. [&#8230;]\n","protected":false},"featured_media":101466,"template":"","meta":[],"product_cat":[1327],"product_tag":[],"class_list":{"0":"post-39549","1":"product","2":"type-product","3":"status-publish","4":"has-post-thumbnail","6":"product_brand-rubella-bg","7":"product_cat-serumai","9":"first","10":"outofstock","11":"taxable","12":"shipping-taxable","13":"product-type-simple"},"_links":{"self":[{"href":"https:\/\/e.kosmolat.eu\/lv\/wp-json\/wp\/v2\/product\/39549","targetHints":{"allow":["GET"]}}],"collection":[{"href":"https:\/\/e.kosmolat.eu\/lv\/wp-json\/wp\/v2\/product"}],"about":[{"href":"https:\/\/e.kosmolat.eu\/lv\/wp-json\/wp\/v2\/types\/product"}],"wp:featuredmedia":[{"embeddable":true,"href":"https:\/\/e.kosmolat.eu\/lv\/wp-json\/wp\/v2\/media\/101466"}],"wp:attachment":[{"href":"https:\/\/e.kosmolat.eu\/lv\/wp-json\/wp\/v2\/media?parent=39549"}],"wp:term":[{"taxonomy":"product_cat","embeddable":true,"href":"https:\/\/e.kosmolat.eu\/lv\/wp-json\/wp\/v2\/product_cat?post=39549"},{"taxonomy":"product_tag","embeddable":true,"href":"https:\/\/e.kosmolat.eu\/lv\/wp-json\/wp\/v2\/product_tag?post=39549"}],"curies":[{"name":"wp","href":"https:\/\/api.w.org\/{rel}","templated":true}]}}