{"id":39541,"date":"2023-12-22T23:36:41","date_gmt":"2023-12-22T23:36:41","guid":{"rendered":"https:\/\/e.kosmolat.eu\/product\/inoph-pe-sejas-serums-ar-2-hialuronskabi-30-ml\/"},"modified":"2026-04-20T10:11:31","modified_gmt":"2026-04-20T10:11:31","slug":"inoph-pe-sejas-serums-ar-2-hialuronskabi-30-ml","status":"publish","type":"product","link":"https:\/\/e.kosmolat.eu\/lv\/product\/inoph-pe-sejas-serums-ar-2-hialuronskabi-30-ml\/","title":{"rendered":"INOPH.PE Sejas serums ar 2% hialuronsk\u0101bi, 30 ml"},"content":{"rendered":"<p>\u0100das mitrin\u0101\u0161anas formula: 2% hialuronsk\u0101be + vitam\u012bns B5.<\/p>\n<p>Hialuronsk\u0101bes serums ir \u012bpa\u0161i izstr\u0101d\u0101ts dehidr\u0113tai \u0101dai ar noslieci uz smalko l\u012bniju un grumbu veido\u0161anos. Serums mitrina \u0101du, padara to elast\u012bg\u0101ku un m\u012bkst\u0101ku. Hialuronsk\u0101be iek\u013c\u016bst dzi\u013ci \u0101d\u0101 un atjauno t\u0101s gludumu.<\/p>\n<p><strong>Lieto\u0161ana:<\/strong> no r\u012bta vai vakar\u0101 uzkl\u0101jiet da\u017eus pilienus uz sejas \u0101das pirms vai kop\u0101 ar mitrino\u0161o l\u012bdzekli. Izvairieties no acu zonas.&nbsp;<br \/>\n&nbsp;<\/p>\n","protected":false},"excerpt":{"rendered":"<p>\u0100das mitrin\u0101\u0161anas formula: 2% hialuronsk\u0101be + vitam\u012bns B5. Hialuronsk\u0101bes serums ir \u012bpa\u0161i izstr\u0101d\u0101ts dehidr\u0113tai \u0101dai ar noslieci uz smalko l\u012bniju un grumbu veido\u0161anos. Serums mitrina \u0101du, padara to elast\u012bg\u0101ku un m\u012bkst\u0101ku. Hialuronsk\u0101be iek\u013c\u016bst dzi\u013ci \u0101d\u0101 un atjauno t\u0101s gludumu. Lieto\u0161ana: no r\u012bta vai vakar\u0101 uzkl\u0101jiet da\u017eus pilienus uz sejas \u0101das pirms vai kop\u0101 ar mitrino\u0161o [&#8230;]\n","protected":false},"featured_media":105110,"template":"","meta":[],"product_cat":[1325],"product_tag":[],"class_list":{"0":"post-39541","1":"product","2":"type-product","3":"status-publish","4":"has-post-thumbnail","6":"product_brand-rubella-bg","7":"product_cat-serumi","9":"first","10":"instock","11":"taxable","12":"shipping-taxable","13":"product-type-simple"},"_links":{"self":[{"href":"https:\/\/e.kosmolat.eu\/lv\/wp-json\/wp\/v2\/product\/39541","targetHints":{"allow":["GET"]}}],"collection":[{"href":"https:\/\/e.kosmolat.eu\/lv\/wp-json\/wp\/v2\/product"}],"about":[{"href":"https:\/\/e.kosmolat.eu\/lv\/wp-json\/wp\/v2\/types\/product"}],"wp:featuredmedia":[{"embeddable":true,"href":"https:\/\/e.kosmolat.eu\/lv\/wp-json\/wp\/v2\/media\/105110"}],"wp:attachment":[{"href":"https:\/\/e.kosmolat.eu\/lv\/wp-json\/wp\/v2\/media?parent=39541"}],"wp:term":[{"taxonomy":"product_cat","embeddable":true,"href":"https:\/\/e.kosmolat.eu\/lv\/wp-json\/wp\/v2\/product_cat?post=39541"},{"taxonomy":"product_tag","embeddable":true,"href":"https:\/\/e.kosmolat.eu\/lv\/wp-json\/wp\/v2\/product_tag?post=39541"}],"curies":[{"name":"wp","href":"https:\/\/api.w.org\/{rel}","templated":true}]}}