{"id":39537,"date":"2023-12-22T23:36:17","date_gmt":"2023-12-22T23:36:17","guid":{"rendered":"https:\/\/e.kosmolat.eu\/product\/inoph-pe-sejas-serums-ar-niacinamidu-30-ml\/"},"modified":"2026-04-20T10:11:20","modified_gmt":"2026-04-20T10:11:20","slug":"inoph-pe-sejas-serums-ar-niacinamidu-30-ml","status":"publish","type":"product","link":"https:\/\/e.kosmolat.eu\/lv\/product\/inoph-pe-sejas-serums-ar-niacinamidu-30-ml\/","title":{"rendered":"INOPH.PE Sejas serums ar niacinam\u012bdu, 30 ml"},"content":{"rendered":"<p>Formula \u0101das nepiln\u012bbu nov\u0113r\u0161anai: izgaismojo\u0161s serums ar 10% niacinam\u012bdu un 1% cinku.&nbsp;<\/p>\n<p>Niacinam\u012bds (B3 vitam\u012bns) pal\u012bdz nov\u0113rst \u0101das nepiln\u012bbas. T\u0101 augst\u0101 koncentr\u0101cija formul\u0101 pal\u012bdz regul\u0113t sebuma izstr\u0101di. Efekt\u012bvi izl\u012bdzina \u0101das toni.<\/p>\n<p><strong>Lieto\u0161ana: <\/strong>no r\u012bta vai vakar\u0101 uzkl\u0101jiet 4-5 pilienus uz labi att\u012br\u012btas un sausas \u0101das, izvairoties no acu zonas, un maigi iemas\u0113jiet. Pirms n\u0101kam\u0101 produkta uzkl\u0101\u0161anas \u013caujiet \u0101dai piln\u012bb\u0101 no\u017e\u016bt.<br \/>\n&nbsp;<\/p>\n","protected":false},"excerpt":{"rendered":"<p>Formula \u0101das nepiln\u012bbu nov\u0113r\u0161anai: izgaismojo\u0161s serums ar 10% niacinam\u012bdu un 1% cinku.&nbsp; Niacinam\u012bds (B3 vitam\u012bns) pal\u012bdz nov\u0113rst \u0101das nepiln\u012bbas. T\u0101 augst\u0101 koncentr\u0101cija formul\u0101 pal\u012bdz regul\u0113t sebuma izstr\u0101di. Efekt\u012bvi izl\u012bdzina \u0101das toni. Lieto\u0161ana: no r\u012bta vai vakar\u0101 uzkl\u0101jiet 4-5 pilienus uz labi att\u012br\u012btas un sausas \u0101das, izvairoties no acu zonas, un maigi iemas\u0113jiet. Pirms n\u0101kam\u0101 produkta [&#8230;]\n","protected":false},"featured_media":98788,"template":"","meta":[],"product_cat":[1325],"product_tag":[],"class_list":{"0":"post-39537","1":"product","2":"type-product","3":"status-publish","4":"has-post-thumbnail","6":"product_brand-rubella-bg","7":"product_cat-serumi","9":"first","10":"instock","11":"taxable","12":"shipping-taxable","13":"product-type-simple"},"_links":{"self":[{"href":"https:\/\/e.kosmolat.eu\/lv\/wp-json\/wp\/v2\/product\/39537","targetHints":{"allow":["GET"]}}],"collection":[{"href":"https:\/\/e.kosmolat.eu\/lv\/wp-json\/wp\/v2\/product"}],"about":[{"href":"https:\/\/e.kosmolat.eu\/lv\/wp-json\/wp\/v2\/types\/product"}],"wp:featuredmedia":[{"embeddable":true,"href":"https:\/\/e.kosmolat.eu\/lv\/wp-json\/wp\/v2\/media\/98788"}],"wp:attachment":[{"href":"https:\/\/e.kosmolat.eu\/lv\/wp-json\/wp\/v2\/media?parent=39537"}],"wp:term":[{"taxonomy":"product_cat","embeddable":true,"href":"https:\/\/e.kosmolat.eu\/lv\/wp-json\/wp\/v2\/product_cat?post=39537"},{"taxonomy":"product_tag","embeddable":true,"href":"https:\/\/e.kosmolat.eu\/lv\/wp-json\/wp\/v2\/product_tag?post=39537"}],"curies":[{"name":"wp","href":"https:\/\/api.w.org\/{rel}","templated":true}]}}