{"id":39529,"date":"2023-12-22T23:35:51","date_gmt":"2023-12-22T23:35:51","guid":{"rendered":"https:\/\/e.kosmolat.eu\/product\/inoph-pe-sejas-serums-ar-15-c-vitaminu-30-ml\/"},"modified":"2026-04-23T07:05:16","modified_gmt":"2026-04-23T07:05:16","slug":"inoph-pe-sejas-serums-ar-15-c-vitaminu-30-ml","status":"publish","type":"product","link":"https:\/\/e.kosmolat.eu\/lv\/product\/inoph-pe-sejas-serums-ar-15-c-vitaminu-30-ml\/","title":{"rendered":"INOPH.PE Sejas serums ar 15% C vitam\u012bnu, 30 ml"},"content":{"rendered":"<p>Antioksidanta formula: izgaismojo\u0161s serums ar 15% C vitam\u012bnu.&nbsp;<\/p>\n<p>Intens\u012bva atjaunojo\u0161a terapija ar augstu C vitam\u012bna koncentr\u0101ciju. C vitam\u012bns ir antioksidants, kas aizsarg\u0101 \u0101du no br\u012bvajiem radik\u0101\u013ciem, veicinot t\u0101s atjauno\u0161anos, un pal\u0113nina noveco\u0161an\u0101s procesus.<\/p>\n<p><strong>Lieto\u0161ana: <\/strong>no r\u012bta vai vakar\u0101 uzkl\u0101jiet da\u017eus pilienus uz sejas \u0101das pirms vai kop\u0101 ar mitrino\u0161o l\u012bdzekli. Izvairieties no acu zonas. P\u0101rtrauciet lieto\u0161anu, ja diskomforta saj\u016bta nep\u0101riet.<br \/>\n&nbsp;<\/p>\n","protected":false},"excerpt":{"rendered":"<p>Antioksidanta formula: izgaismojo\u0161s serums ar 15% C vitam\u012bnu.&nbsp; Intens\u012bva atjaunojo\u0161a terapija ar augstu C vitam\u012bna koncentr\u0101ciju. C vitam\u012bns ir antioksidants, kas aizsarg\u0101 \u0101du no br\u012bvajiem radik\u0101\u013ciem, veicinot t\u0101s atjauno\u0161anos, un pal\u0113nina noveco\u0161an\u0101s procesus. Lieto\u0161ana: no r\u012bta vai vakar\u0101 uzkl\u0101jiet da\u017eus pilienus uz sejas \u0101das pirms vai kop\u0101 ar mitrino\u0161o l\u012bdzekli. Izvairieties no acu zonas. P\u0101rtrauciet [&#8230;]\n","protected":false},"featured_media":99433,"template":"","meta":[],"product_cat":[1325],"product_tag":[],"class_list":{"0":"post-39529","1":"product","2":"type-product","3":"status-publish","4":"has-post-thumbnail","6":"product_brand-rubella-bg","7":"product_cat-serumi","9":"first","10":"instock","11":"taxable","12":"shipping-taxable","13":"product-type-simple"},"_links":{"self":[{"href":"https:\/\/e.kosmolat.eu\/lv\/wp-json\/wp\/v2\/product\/39529","targetHints":{"allow":["GET"]}}],"collection":[{"href":"https:\/\/e.kosmolat.eu\/lv\/wp-json\/wp\/v2\/product"}],"about":[{"href":"https:\/\/e.kosmolat.eu\/lv\/wp-json\/wp\/v2\/types\/product"}],"wp:featuredmedia":[{"embeddable":true,"href":"https:\/\/e.kosmolat.eu\/lv\/wp-json\/wp\/v2\/media\/99433"}],"wp:attachment":[{"href":"https:\/\/e.kosmolat.eu\/lv\/wp-json\/wp\/v2\/media?parent=39529"}],"wp:term":[{"taxonomy":"product_cat","embeddable":true,"href":"https:\/\/e.kosmolat.eu\/lv\/wp-json\/wp\/v2\/product_cat?post=39529"},{"taxonomy":"product_tag","embeddable":true,"href":"https:\/\/e.kosmolat.eu\/lv\/wp-json\/wp\/v2\/product_tag?post=39529"}],"curies":[{"name":"wp","href":"https:\/\/api.w.org\/{rel}","templated":true}]}}