{"id":39525,"date":"2023-12-22T23:35:26","date_gmt":"2023-12-22T23:35:26","guid":{"rendered":"https:\/\/e.kosmolat.eu\/product\/deba-nb-detoksificejoss-samp-ar-natri-un-piparmetru-500-ml\/"},"modified":"2026-04-22T14:17:49","modified_gmt":"2026-04-22T14:17:49","slug":"deba-nb-detoksificejoss-samp-ar-natri-un-piparmetru-500-ml","status":"publish","type":"product","link":"https:\/\/e.kosmolat.eu\/lv\/product\/deba-nb-detoksificejoss-samp-ar-natri-un-piparmetru-500-ml\/","title":{"rendered":"DeBa NB Detoksific\u0113jo\u0161s \u0161amp.ar n\u0101tri un piparm\u0113tru, 500 ml"},"content":{"rendered":"<p>&Scaron;amp\u016bns taukainiem matiem ar n\u0101tres un piparm\u0113tras ekstraktu.<\/p>\n<p>Akt\u012bv\u0101s sast\u0101vda\u013cas: n\u0101tres ekstrakts &ndash; likvid\u0113 lieko sebumu, piparm\u0113tras ekstrakts &ndash; atsvaidzina. 93% dab\u012bgo sast\u0101vda\u013cu.<\/p>\n<p>Saudz\u012bgi att\u012bra un atsvaidzina galvas \u0101du. Piem\u0113rots visiem matu tipiem. Ikdienas lieto&scaron;anai.<\/p>\n<p><strong>Lieto&scaron;ana:<\/strong> uzkl\u0101jiet uz mitriem matiem, tad r\u016bp\u012bgi izskalojiet ar lielu daudzumu \u016bdens. Optim\u0101lam rezult\u0101tam izmantojiet kop\u0101 ar DeBa Natural Beauty kondicionieri. Ja iek\u013c\u016bst ac\u012bs, r\u016bp\u012bgi izskalojiet ar lielu daudzumu \u016bdens.<br \/>\n&nbsp;<\/p>\n","protected":false},"excerpt":{"rendered":"<p>&Scaron;amp\u016bns taukainiem matiem ar n\u0101tres un piparm\u0113tras ekstraktu. Akt\u012bv\u0101s sast\u0101vda\u013cas: n\u0101tres ekstrakts &ndash; likvid\u0113 lieko sebumu, piparm\u0113tras ekstrakts &ndash; atsvaidzina. 93% dab\u012bgo sast\u0101vda\u013cu. Saudz\u012bgi att\u012bra un atsvaidzina galvas \u0101du. Piem\u0113rots visiem matu tipiem. Ikdienas lieto&scaron;anai. Lieto&scaron;ana: uzkl\u0101jiet uz mitriem matiem, tad r\u016bp\u012bgi izskalojiet ar lielu daudzumu \u016bdens. Optim\u0101lam rezult\u0101tam izmantojiet kop\u0101 ar DeBa Natural Beauty [&#8230;]\n","protected":false},"featured_media":99530,"template":"","meta":[],"product_cat":[1248],"product_tag":[],"class_list":{"0":"post-39525","1":"product","2":"type-product","3":"status-publish","4":"has-post-thumbnail","6":"product_brand-rubella-bg","7":"product_cat-sampuni","9":"first","10":"outofstock","11":"taxable","12":"shipping-taxable","13":"product-type-simple"},"_links":{"self":[{"href":"https:\/\/e.kosmolat.eu\/lv\/wp-json\/wp\/v2\/product\/39525","targetHints":{"allow":["GET"]}}],"collection":[{"href":"https:\/\/e.kosmolat.eu\/lv\/wp-json\/wp\/v2\/product"}],"about":[{"href":"https:\/\/e.kosmolat.eu\/lv\/wp-json\/wp\/v2\/types\/product"}],"wp:featuredmedia":[{"embeddable":true,"href":"https:\/\/e.kosmolat.eu\/lv\/wp-json\/wp\/v2\/media\/99530"}],"wp:attachment":[{"href":"https:\/\/e.kosmolat.eu\/lv\/wp-json\/wp\/v2\/media?parent=39525"}],"wp:term":[{"taxonomy":"product_cat","embeddable":true,"href":"https:\/\/e.kosmolat.eu\/lv\/wp-json\/wp\/v2\/product_cat?post=39525"},{"taxonomy":"product_tag","embeddable":true,"href":"https:\/\/e.kosmolat.eu\/lv\/wp-json\/wp\/v2\/product_tag?post=39525"}],"curies":[{"name":"wp","href":"https:\/\/api.w.org\/{rel}","templated":true}]}}