{"id":39521,"date":"2023-12-22T23:35:00","date_gmt":"2023-12-22T23:35:00","guid":{"rendered":"https:\/\/e.kosmolat.eu\/product\/deba-nb-lidzsvar-samp-ar-valriekstu-un-alveju-500-ml\/"},"modified":"2026-04-22T09:27:48","modified_gmt":"2026-04-22T09:27:48","slug":"deba-nb-lidzsvar-samp-ar-valriekstu-un-alveju-500-ml","status":"publish","type":"product","link":"https:\/\/e.kosmolat.eu\/lv\/product\/deba-nb-lidzsvar-samp-ar-valriekstu-un-alveju-500-ml\/","title":{"rendered":"DeBa NB L\u012bdzsvar. \u0161amp. ar valriekstu un alveju, 500 ml"},"content":{"rendered":"<p>&Scaron;amp\u016bns taukainiem matiem ar valrieksta un alvejas ekstraktiem.<\/p>\n<p>Akt\u012bv\u0101s sast\u0101vda\u013cas: valrieksta ekstrakts &ndash; regul\u0113 tauku dziedzeru darb\u012bbu, alvejas ekstrakts &ndash; mitrina. 93% dab\u012bgo sast\u0101vda\u013cu.<\/p>\n<p>Formulai piem\u012bt mitrino\u0161s efekts un t\u0101 labv\u0113l\u012bgi iedarbojas uz taukainiem matiem.<\/p>\n<p><strong>Lieto\u0161ana: <\/strong>uzkl\u0101jiet uz mitriem matiem, tad r\u016bp\u012bgi izskalojiet ar lielu daudzumu \u016bdens. Optim\u0101lam rezult\u0101tam izmantojiet kop\u0101 ar DeBa Natural Beauty kondicionieri. Ja iek\u013c\u016bst ac\u012bs, r\u016bp\u012bgi izskalojiet ar lielu daudzumu \u016bdens.<br \/>\n&nbsp;<\/p>\n","protected":false},"excerpt":{"rendered":"<p>&Scaron;amp\u016bns taukainiem matiem ar valrieksta un alvejas ekstraktiem. Akt\u012bv\u0101s sast\u0101vda\u013cas: valrieksta ekstrakts &ndash; regul\u0113 tauku dziedzeru darb\u012bbu, alvejas ekstrakts &ndash; mitrina. 93% dab\u012bgo sast\u0101vda\u013cu. Formulai piem\u012bt mitrino\u0161s efekts un t\u0101 labv\u0113l\u012bgi iedarbojas uz taukainiem matiem. Lieto\u0161ana: uzkl\u0101jiet uz mitriem matiem, tad r\u016bp\u012bgi izskalojiet ar lielu daudzumu \u016bdens. Optim\u0101lam rezult\u0101tam izmantojiet kop\u0101 ar DeBa Natural Beauty [&#8230;]\n","protected":false},"featured_media":100104,"template":"","meta":[],"product_cat":[2182],"product_tag":[],"class_list":{"0":"post-39521","1":"product","2":"type-product","3":"status-publish","4":"has-post-thumbnail","6":"product_brand-rubella-bg","7":"product_cat-bez-kategorijas-ru","9":"first","10":"instock","11":"taxable","12":"shipping-taxable","13":"product-type-simple"},"_links":{"self":[{"href":"https:\/\/e.kosmolat.eu\/lv\/wp-json\/wp\/v2\/product\/39521","targetHints":{"allow":["GET"]}}],"collection":[{"href":"https:\/\/e.kosmolat.eu\/lv\/wp-json\/wp\/v2\/product"}],"about":[{"href":"https:\/\/e.kosmolat.eu\/lv\/wp-json\/wp\/v2\/types\/product"}],"wp:featuredmedia":[{"embeddable":true,"href":"https:\/\/e.kosmolat.eu\/lv\/wp-json\/wp\/v2\/media\/100104"}],"wp:attachment":[{"href":"https:\/\/e.kosmolat.eu\/lv\/wp-json\/wp\/v2\/media?parent=39521"}],"wp:term":[{"taxonomy":"product_cat","embeddable":true,"href":"https:\/\/e.kosmolat.eu\/lv\/wp-json\/wp\/v2\/product_cat?post=39521"},{"taxonomy":"product_tag","embeddable":true,"href":"https:\/\/e.kosmolat.eu\/lv\/wp-json\/wp\/v2\/product_tag?post=39521"}],"curies":[{"name":"wp","href":"https:\/\/api.w.org\/{rel}","templated":true}]}}