{"id":39517,"date":"2023-12-22T23:34:36","date_gmt":"2023-12-22T23:34:36","guid":{"rendered":"https:\/\/e.kosmolat.eu\/product\/deba-nb-atjaunojoss-sampuns-ar-olu-proteiniem-un-medu-500-ml\/"},"modified":"2026-04-20T09:31:49","modified_gmt":"2026-04-20T09:31:49","slug":"deba-nb-atjaunojoss-sampuns-ar-olu-proteiniem-un-medu-500-ml","status":"publish","type":"product","link":"https:\/\/e.kosmolat.eu\/lv\/product\/deba-nb-atjaunojoss-sampuns-ar-olu-proteiniem-un-medu-500-ml\/","title":{"rendered":"DeBa NB Atjaunojo\u0161s \u0161amp\u016bns ar olu prote\u012bniem un medu, 500 ml"},"content":{"rendered":"<p>&Scaron;amp\u016bns ar olu prote\u012bnu un medus ekstraktu sausiem matiem. Akt\u012bv\u0101s sast\u0101vda\u013cas: olu prote\u012bni &ndash; baro, medus ekstrakts &ndash; pie\u0161\u0137ir sp\u012bdumu. 93% dab\u012bgo sast\u0101vda\u013cu. Formula maigi att\u012bra, izl\u012bdzina un atjauno sausu un boj\u0101tu matu sp\u012bdumu un ener\u0123iju.<\/p>\n<p><strong>Lieto\u0161ana: <\/strong>uzkl\u0101jiet uz mitriem matiem, tad r\u016bp\u012bgi izskalojiet ar lielu daudzumu \u016bdens. Optim\u0101lam rezult\u0101tam izmantojiet kop\u0101 ar DeBa Natural Beauty kondicionieri. Ja iek\u013c\u016bst ac\u012bs, r\u016bp\u012bgi izskalojiet ar lielu daudzumu \u016bdens.<\/p>\n","protected":false},"excerpt":{"rendered":"<p>&Scaron;amp\u016bns ar olu prote\u012bnu un medus ekstraktu sausiem matiem. Akt\u012bv\u0101s sast\u0101vda\u013cas: olu prote\u012bni &ndash; baro, medus ekstrakts &ndash; pie\u0161\u0137ir sp\u012bdumu. 93% dab\u012bgo sast\u0101vda\u013cu. Formula maigi att\u012bra, izl\u012bdzina un atjauno sausu un boj\u0101tu matu sp\u012bdumu un ener\u0123iju. Lieto\u0161ana: uzkl\u0101jiet uz mitriem matiem, tad r\u016bp\u012bgi izskalojiet ar lielu daudzumu \u016bdens. Optim\u0101lam rezult\u0101tam izmantojiet kop\u0101 ar DeBa Natural [&#8230;]\n","protected":false},"featured_media":100112,"template":"","meta":[],"product_cat":[1248],"product_tag":[],"class_list":{"0":"post-39517","1":"product","2":"type-product","3":"status-publish","4":"has-post-thumbnail","6":"product_brand-rubella-bg","7":"product_cat-sampuni","9":"first","10":"instock","11":"taxable","12":"shipping-taxable","13":"product-type-simple"},"_links":{"self":[{"href":"https:\/\/e.kosmolat.eu\/lv\/wp-json\/wp\/v2\/product\/39517","targetHints":{"allow":["GET"]}}],"collection":[{"href":"https:\/\/e.kosmolat.eu\/lv\/wp-json\/wp\/v2\/product"}],"about":[{"href":"https:\/\/e.kosmolat.eu\/lv\/wp-json\/wp\/v2\/types\/product"}],"wp:featuredmedia":[{"embeddable":true,"href":"https:\/\/e.kosmolat.eu\/lv\/wp-json\/wp\/v2\/media\/100112"}],"wp:attachment":[{"href":"https:\/\/e.kosmolat.eu\/lv\/wp-json\/wp\/v2\/media?parent=39517"}],"wp:term":[{"taxonomy":"product_cat","embeddable":true,"href":"https:\/\/e.kosmolat.eu\/lv\/wp-json\/wp\/v2\/product_cat?post=39517"},{"taxonomy":"product_tag","embeddable":true,"href":"https:\/\/e.kosmolat.eu\/lv\/wp-json\/wp\/v2\/product_tag?post=39517"}],"curies":[{"name":"wp","href":"https:\/\/api.w.org\/{rel}","templated":true}]}}