{"id":39505,"date":"2023-12-22T23:33:06","date_gmt":"2023-12-22T23:33:06","guid":{"rendered":"https:\/\/e.kosmolat.eu\/product\/mg-komplekts-skusanas-putas-250-ml-dezodorants-150-ml\/"},"modified":"2025-07-21T09:41:20","modified_gmt":"2025-07-21T09:41:20","slug":"mg-komplekts-skusanas-putas-250-ml-dezodorants-150-ml","status":"publish","type":"product","link":"https:\/\/e.kosmolat.eu\/lv\/product\/mg-komplekts-skusanas-putas-250-ml-dezodorants-150-ml\/","title":{"rendered":"MG Komplekts Sk\u016b\u0161an\u0101s putas, 250 ml + Dezodorants, 150 ml"},"content":{"rendered":"<p>1) Sk\u016b\u0161an\u0101s putas ar aktiv\u0113to ogli. Inovat\u012bva formula, kas m\u012bkstina galvas \u0101du un veicina cie\u0161u sk\u016b\u0161anos. Atst\u0101j \u0101du t\u012bru un tai ir pat\u012bkami pieskarties. Piem\u0113rots ikdienas lieto\u0161anai norm\u0101liem \u0101das tipiem. Akt\u012bv\u0101 ogle &#8211; att\u012bra \u0101du, nodro\u0161ina gludu sk\u016b\u0161anos. Piem\u0113rots veg\u0101niem. <strong>Lieto\u0161ana:<\/strong> pirms lieto\u0161anas labi sakratiet. Ar mas\u0101\u017eas kust\u012bb\u0101m uzkl\u0101t uz mitras \u0101das. Der\u012bgs l\u012bdz: skat\u012bt flakona apak\u0161\u0101. <strong>Svar\u012bgi! <\/strong>Tvertne zem spiediena. \u012apa\u0161i viegli uzliesmojo\u0161\u0161! Kars\u0113jot, tvertne var eksplod\u0113t. Nepie\u013caut nok\u013c\u016b\u0161anu ac\u012bs. Ja nok\u013c\u016bst ac\u012bs, nekav\u0113joties t\u0101s skalot ar lielu daudzumu \u016bdens. Sarg\u0101t no siltuma avotiem, karst\u0101m virsm\u0101m, dzirkstel\u0113m, atkl\u0101tiem aizdeg\u0161an\u0101s avotiem. Nesm\u0113\u0137\u0113t. Nedurt vai nededzin\u0101t, ar\u012b p\u0113c izlieto\u0161anas. Sarg\u0101t no tie\u0161iem saules stariem. Nepak\u013caut temperat\u016brai virs 50&deg;C\/122&deg;F. Neizsmidzin\u0101t uz atkl\u0101tas uguns vai citiem aizdeg\u0161an\u0101s avotiem. Uzglab\u0101t istabas temperat\u016br\u0101.&nbsp;<\/p>\n<p>2) Dezodorants ar aktiv\u0113to ogli &ndash; neitraliz\u0113 nepat\u012bkam\u0101s smakas, pal\u012bdz saglab\u0101t svaiguma saj\u016btu. Formula, kas apvienota ar v\u012bri\u0161\u0137\u012bgu un modernu arom\u0101tu. Piem\u0113rots ikdienas lieto\u0161anai norm\u0101liem \u0101das tipiem. Aktiv\u0113t\u0101 ogle absorb\u0113 s\u0101r\u0146us un toks\u012bnus t\u0101s absorb\u0113jo\u0161\u0101s iedarb\u012bbas d\u0113\u013c. Formula nesatur alum\u012bnija s\u0101\u013cus. Piem\u0113rots veg\u0101niem. <strong>Lieto\u0161ana:<\/strong> Sakratiet flakonu. Turot to vertik\u0101li, izsmidziniet 15 cm att\u0101lum\u0101 no \u0137erme\u0146a uz t\u012bras \u0101das. <strong>Svar\u012bgi! <\/strong>Tvertne zem spiediena. \u012apa\u0161i viegli uzliesmojo\u0161\u0161! Kars\u0113jot, tvertne var eksplod\u0113t. Nepie\u013caut nok\u013c\u016b\u0161anu ac\u012bs. Ja nok\u013c\u016bst ac\u012bs, nekav\u0113joties t\u0101s skalot ar lielu daudzumu \u016bdens. Sarg\u0101t no siltuma avotiem, karst\u0101m virsm\u0101m, dzirkstel\u0113m, atkl\u0101tiem aizdeg\u0161an\u0101s avotiem. Nesm\u0113\u0137\u0113t. Nedurt vai nededzin\u0101t, ar\u012b p\u0113c izlieto\u0161anas. Sarg\u0101t no tie\u0161iem saules stariem. Nepak\u013caut temperat\u016brai virs 50&deg;C \/ 122&deg;F. Neizsmidzin\u0101t uz atkl\u0101tas uguns vai citiem aizdeg\u0161an\u0101s avotiem. Uzglab\u0101t istabas temperat\u016br\u0101.&nbsp;<br \/>\n&nbsp;<\/p>\n","protected":false},"excerpt":{"rendered":"<p>1) Sk\u016b\u0161an\u0101s putas ar aktiv\u0113to ogli. Inovat\u012bva formula, kas m\u012bkstina galvas \u0101du un veicina cie\u0161u sk\u016b\u0161anos. Atst\u0101j \u0101du t\u012bru un tai ir pat\u012bkami pieskarties. Piem\u0113rots ikdienas lieto\u0161anai norm\u0101liem \u0101das tipiem. Akt\u012bv\u0101 ogle &#8211; att\u012bra \u0101du, nodro\u0161ina gludu sk\u016b\u0161anos. Piem\u0113rots veg\u0101niem. Lieto\u0161ana: pirms lieto\u0161anas labi sakratiet. Ar mas\u0101\u017eas kust\u012bb\u0101m uzkl\u0101t uz mitras \u0101das. Der\u012bgs l\u012bdz: skat\u012bt [&#8230;]\n","protected":false},"featured_media":640,"template":"","meta":[],"product_cat":[1856],"product_tag":[],"class_list":{"0":"post-39505","1":"product","2":"type-product","3":"status-publish","4":"has-post-thumbnail","6":"product_brand-rubella-bg","7":"product_cat-davanu-komplekti-viriesiem","9":"first","10":"outofstock","11":"taxable","12":"shipping-taxable","13":"product-type-simple"},"_links":{"self":[{"href":"https:\/\/e.kosmolat.eu\/lv\/wp-json\/wp\/v2\/product\/39505","targetHints":{"allow":["GET"]}}],"collection":[{"href":"https:\/\/e.kosmolat.eu\/lv\/wp-json\/wp\/v2\/product"}],"about":[{"href":"https:\/\/e.kosmolat.eu\/lv\/wp-json\/wp\/v2\/types\/product"}],"wp:featuredmedia":[{"embeddable":true,"href":"https:\/\/e.kosmolat.eu\/lv\/wp-json\/wp\/v2\/media\/640"}],"wp:attachment":[{"href":"https:\/\/e.kosmolat.eu\/lv\/wp-json\/wp\/v2\/media?parent=39505"}],"wp:term":[{"taxonomy":"product_cat","embeddable":true,"href":"https:\/\/e.kosmolat.eu\/lv\/wp-json\/wp\/v2\/product_cat?post=39505"},{"taxonomy":"product_tag","embeddable":true,"href":"https:\/\/e.kosmolat.eu\/lv\/wp-json\/wp\/v2\/product_tag?post=39505"}],"curies":[{"name":"wp","href":"https:\/\/api.w.org\/{rel}","templated":true}]}}