{"id":39501,"date":"2023-12-22T23:32:41","date_gmt":"2023-12-22T23:32:41","guid":{"rendered":"https:\/\/e.kosmolat.eu\/product\/mg-komplekts-skusanas-putas-250-ml-sampuns-200-ml\/"},"modified":"2025-07-21T09:41:08","modified_gmt":"2025-07-21T09:41:08","slug":"mg-komplekts-skusanas-putas-250-ml-sampuns-200-ml","status":"publish","type":"product","link":"https:\/\/e.kosmolat.eu\/lv\/product\/mg-komplekts-skusanas-putas-250-ml-sampuns-200-ml\/","title":{"rendered":"MG Komplekts Sk\u016b\u0161an\u0101s putas, 250 ml + \u0160amp\u016bns, 200 ml"},"content":{"rendered":"<p>1) Sk\u016b\u0161an\u0101s putas ar aktiv\u0113to ogli. Inovat\u012bva formula, kas m\u012bkstina galvas \u0101du un veicina cie\u0161u sk\u016b\u0161anos. Atst\u0101j \u0101du t\u012bru un tai ir pat\u012bkami pieskarties. Piem\u0113rots ikdienas lieto\u0161anai norm\u0101liem \u0101das tipiem. Akt\u012bv\u0101 ogle &#8211; att\u012bra \u0101du, nodro\u0161ina gludu sk\u016b\u0161anos. Piem\u0113rots veg\u0101niem. Lieto\u0161ana: pirms lieto\u0161anas labi sakratiet. Ar mas\u0101\u017eas kust\u012bb\u0101m uzkl\u0101t uz mitras \u0101das. Der\u012bgs l\u012bdz: skat\u012bt flakona apak\u0161\u0101. Svar\u012bgi! Tvertne zem spiediena. \u012apa\u0161i viegli uzliesmojo\u0161\u0161! Kars\u0113jot, tvertne var eksplod\u0113t. Nepie\u013caut nok\u013c\u016b\u0161anu ac\u012bs. Ja nok\u013c\u016bst ac\u012bs, nekav\u0113joties t\u0101s skalot ar lielu daudzumu \u016bdens. Sarg\u0101t no siltuma avotiem, karst\u0101m virsm\u0101m, dzirkstel\u0113m, atkl\u0101tiem aizdeg\u0161an\u0101s avotiem. Nesm\u0113\u0137\u0113t. Nedurt vai nededzin\u0101t, ar\u012b p\u0113c izlieto\u0161anas. Sarg\u0101t no tie\u0161iem saules stariem. Nepak\u013caut temperat\u016brai virs 50&deg;C\/122&deg;F. Neizsmidzin\u0101t uz atkl\u0101tas uguns vai citiem aizdeg\u0161an\u0101s avotiem. Uzglab\u0101t istabas temperat\u016br\u0101.<\/p>\n<p>2) &Scaron;amp\u016bns galvas matiem, b\u0101rdai un&nbsp;\u016bs\u0101m. Piem\u0113rots galvas mazg\u0101\u0161anai, padara b\u0101rdu un \u016bsas m\u012bkstus un mitrin\u0101tus. Inovat\u012bva formula ar akt\u012bv\u0101s ogles kompleksu, piparm\u0113tru un citrona ekstraktu. Formula nesatur silikonus. Piem\u0113rots veg\u0101niem. Piem\u0113rots visiem matu tipiem. Ikdienas lieto\u0161anai. Aktiv\u0113t\u0101 ogle no\u0146em net\u012brumus, absorb\u0113 lieko sebumu. Piparm\u0113tru ekstrakts &ndash; atsvaidzina un atv\u0113sina. Citronu ekstrakts &ndash; sniedz svaiguma un t\u012br\u012bbas saj\u016btu.&nbsp;<strong>Lieto\u0161ana: <\/strong>uzkl\u0101t uz mitras galvas \u0101das, b\u0101rdas un \u016bs\u0101m, iemas\u0113t un r\u016bp\u012bgi noskalot ar \u016bdeni. Optim\u0101lam &nbsp;rezult\u0101tam izmantojiet Mister Groomer e\u013c\u013cu b\u0101rdai un \u016bs\u0101m.<\/p>\n","protected":false},"excerpt":{"rendered":"<p>1) Sk\u016b\u0161an\u0101s putas ar aktiv\u0113to ogli. Inovat\u012bva formula, kas m\u012bkstina galvas \u0101du un veicina cie\u0161u sk\u016b\u0161anos. Atst\u0101j \u0101du t\u012bru un tai ir pat\u012bkami pieskarties. Piem\u0113rots ikdienas lieto\u0161anai norm\u0101liem \u0101das tipiem. Akt\u012bv\u0101 ogle &#8211; att\u012bra \u0101du, nodro\u0161ina gludu sk\u016b\u0161anos. Piem\u0113rots veg\u0101niem. Lieto\u0161ana: pirms lieto\u0161anas labi sakratiet. Ar mas\u0101\u017eas kust\u012bb\u0101m uzkl\u0101t uz mitras \u0101das. Der\u012bgs l\u012bdz: skat\u012bt [&#8230;]\n","protected":false},"featured_media":632,"template":"","meta":[],"product_cat":[1857],"product_tag":[],"class_list":{"0":"post-39501","1":"product","2":"type-product","3":"status-publish","4":"has-post-thumbnail","6":"product_brand-rubella-bg","7":"product_cat-1857","9":"first","10":"outofstock","11":"taxable","12":"shipping-taxable","13":"product-type-simple"},"_links":{"self":[{"href":"https:\/\/e.kosmolat.eu\/lv\/wp-json\/wp\/v2\/product\/39501","targetHints":{"allow":["GET"]}}],"collection":[{"href":"https:\/\/e.kosmolat.eu\/lv\/wp-json\/wp\/v2\/product"}],"about":[{"href":"https:\/\/e.kosmolat.eu\/lv\/wp-json\/wp\/v2\/types\/product"}],"wp:featuredmedia":[{"embeddable":true,"href":"https:\/\/e.kosmolat.eu\/lv\/wp-json\/wp\/v2\/media\/632"}],"wp:attachment":[{"href":"https:\/\/e.kosmolat.eu\/lv\/wp-json\/wp\/v2\/media?parent=39501"}],"wp:term":[{"taxonomy":"product_cat","embeddable":true,"href":"https:\/\/e.kosmolat.eu\/lv\/wp-json\/wp\/v2\/product_cat?post=39501"},{"taxonomy":"product_tag","embeddable":true,"href":"https:\/\/e.kosmolat.eu\/lv\/wp-json\/wp\/v2\/product_tag?post=39501"}],"curies":[{"name":"wp","href":"https:\/\/api.w.org\/{rel}","templated":true}]}}