{"id":39497,"date":"2023-12-22T23:32:21","date_gmt":"2023-12-22T23:32:21","guid":{"rendered":"https:\/\/e.kosmolat.eu\/product\/top-ten-skusanas-krems-normalai-adai-100-ml\/"},"modified":"2026-04-20T09:21:44","modified_gmt":"2026-04-20T09:21:44","slug":"top-ten-skusanas-krems-normalai-adai-100-ml","status":"publish","type":"product","link":"https:\/\/e.kosmolat.eu\/lv\/product\/top-ten-skusanas-krems-normalai-adai-100-ml\/","title":{"rendered":"TOP TEN Sk\u016b\u0161an\u0101s kr\u0113ms norm\u0101lai \u0101dai, 100 ml"},"content":{"rendered":"<p>Paredz\u0113ts mitrai sk\u016b\u0161anai, ar notur\u012bgu uzmundrino\u0161u arom\u0101tu. Kr\u0113m\u0101 eso\u0161ais mentols atsvaidzina un pat\u012bkami atv\u0113sina \u0101du.<\/p>\n<p><strong>Lieto\u0161ana:<\/strong> izmantojot sk\u016b\u0161an\u0101s otu, ar ap\u013cveida kust\u012bb\u0101m uzkl\u0101jiet pietiekamu daudzumu sk\u016b\u0161an\u0101s kr\u0113ma uz mitras \u0101das. Paredz\u0113ts norm\u0101lai \u0101dai. Nelietot uz iekaisu\u0161as \u0101das! Izvairieties no saskares ar ac\u012bm!<\/p>\n","protected":false},"excerpt":{"rendered":"<p>Paredz\u0113ts mitrai sk\u016b\u0161anai, ar notur\u012bgu uzmundrino\u0161u arom\u0101tu. Kr\u0113m\u0101 eso\u0161ais mentols atsvaidzina un pat\u012bkami atv\u0113sina \u0101du. Lieto\u0161ana: izmantojot sk\u016b\u0161an\u0101s otu, ar ap\u013cveida kust\u012bb\u0101m uzkl\u0101jiet pietiekamu daudzumu sk\u016b\u0161an\u0101s kr\u0113ma uz mitras \u0101das. Paredz\u0113ts norm\u0101lai \u0101dai. Nelietot uz iekaisu\u0161as \u0101das! Izvairieties no saskares ar ac\u012bm!<\/p>\n","protected":false},"featured_media":100456,"template":"","meta":[],"product_cat":[1680],"product_tag":[],"class_list":{"0":"post-39497","1":"product","2":"type-product","3":"status-publish","4":"has-post-thumbnail","6":"product_brand-rubella-bg","7":"product_cat-skusanas-kosmetika","9":"first","10":"instock","11":"taxable","12":"shipping-taxable","13":"product-type-simple"},"_links":{"self":[{"href":"https:\/\/e.kosmolat.eu\/lv\/wp-json\/wp\/v2\/product\/39497","targetHints":{"allow":["GET"]}}],"collection":[{"href":"https:\/\/e.kosmolat.eu\/lv\/wp-json\/wp\/v2\/product"}],"about":[{"href":"https:\/\/e.kosmolat.eu\/lv\/wp-json\/wp\/v2\/types\/product"}],"wp:featuredmedia":[{"embeddable":true,"href":"https:\/\/e.kosmolat.eu\/lv\/wp-json\/wp\/v2\/media\/100456"}],"wp:attachment":[{"href":"https:\/\/e.kosmolat.eu\/lv\/wp-json\/wp\/v2\/media?parent=39497"}],"wp:term":[{"taxonomy":"product_cat","embeddable":true,"href":"https:\/\/e.kosmolat.eu\/lv\/wp-json\/wp\/v2\/product_cat?post=39497"},{"taxonomy":"product_tag","embeddable":true,"href":"https:\/\/e.kosmolat.eu\/lv\/wp-json\/wp\/v2\/product_tag?post=39497"}],"curies":[{"name":"wp","href":"https:\/\/api.w.org\/{rel}","templated":true}]}}