{"id":39493,"date":"2023-12-22T23:31:55","date_gmt":"2023-12-22T23:31:55","guid":{"rendered":"https:\/\/e.kosmolat.eu\/product\/dental-zobu-birste-funny-time-kids-3\/"},"modified":"2026-04-13T11:19:59","modified_gmt":"2026-04-13T11:19:59","slug":"dental-zobu-birste-funny-time-kids-3","status":"publish","type":"product","link":"https:\/\/e.kosmolat.eu\/lv\/product\/dental-zobu-birste-funny-time-kids-3\/","title":{"rendered":"DENTAL Zobu birste Funny Time Kids, 3+"},"content":{"rendered":"<p>Zobu birste Funny Time Kids ir \u012bpa\u0161i izstr\u0101d\u0101ta b\u0113rniem, lai zobu t\u012br\u012b\u0161anu padar\u012btu par prieku. Noapa\u013cotie saru k\u016bl\u012b\u0161u gali aizsarg\u0101 b\u0113rnu smaganas un zobu emalju. Saru k\u016bl\u012b\u0161i, kas izvietoti da\u017e\u0101dos le\u0146\u0137os, vispus\u012bgi att\u012bra b\u0113rna zobus. Ergonomisks rokturis nov\u0113r\u0161 rokas sl\u012bd\u0113\u0161anu. Izmantot tikai vec\u0101ku uzraudz\u012bb\u0101.<\/p>\n","protected":false},"excerpt":{"rendered":"<p>Zobu birste Funny Time Kids ir \u012bpa\u0161i izstr\u0101d\u0101ta b\u0113rniem, lai zobu t\u012br\u012b\u0161anu padar\u012btu par prieku. Noapa\u013cotie saru k\u016bl\u012b\u0161u gali aizsarg\u0101 b\u0113rnu smaganas un zobu emalju. Saru k\u016bl\u012b\u0161i, kas izvietoti da\u017e\u0101dos le\u0146\u0137os, vispus\u012bgi att\u012bra b\u0113rna zobus. Ergonomisks rokturis nov\u0113r\u0161 rokas sl\u012bd\u0113\u0161anu. Izmantot tikai vec\u0101ku uzraudz\u012bb\u0101.<\/p>\n","protected":false},"featured_media":101546,"template":"","meta":[],"product_cat":[1335],"product_tag":[],"class_list":{"0":"post-39493","1":"product","2":"type-product","3":"status-publish","4":"has-post-thumbnail","6":"product_brand-rubella-bg","7":"product_cat-bernu-mutes-dobuma-higiena","9":"first","10":"instock","11":"taxable","12":"shipping-taxable","13":"product-type-simple"},"_links":{"self":[{"href":"https:\/\/e.kosmolat.eu\/lv\/wp-json\/wp\/v2\/product\/39493","targetHints":{"allow":["GET"]}}],"collection":[{"href":"https:\/\/e.kosmolat.eu\/lv\/wp-json\/wp\/v2\/product"}],"about":[{"href":"https:\/\/e.kosmolat.eu\/lv\/wp-json\/wp\/v2\/types\/product"}],"wp:featuredmedia":[{"embeddable":true,"href":"https:\/\/e.kosmolat.eu\/lv\/wp-json\/wp\/v2\/media\/101546"}],"wp:attachment":[{"href":"https:\/\/e.kosmolat.eu\/lv\/wp-json\/wp\/v2\/media?parent=39493"}],"wp:term":[{"taxonomy":"product_cat","embeddable":true,"href":"https:\/\/e.kosmolat.eu\/lv\/wp-json\/wp\/v2\/product_cat?post=39493"},{"taxonomy":"product_tag","embeddable":true,"href":"https:\/\/e.kosmolat.eu\/lv\/wp-json\/wp\/v2\/product_tag?post=39493"}],"curies":[{"name":"wp","href":"https:\/\/api.w.org\/{rel}","templated":true}]}}