{"id":39489,"date":"2023-12-22T23:31:25","date_gmt":"2023-12-22T23:31:25","guid":{"rendered":"https:\/\/e.kosmolat.eu\/product\/cl-akva-krems-matejoss-ideala-ada-50-ml\/"},"modified":"2025-09-12T10:52:13","modified_gmt":"2025-09-12T10:52:13","slug":"cl-akva-krems-matejoss-ideala-ada-50-ml","status":"publish","type":"product","link":"https:\/\/e.kosmolat.eu\/lv\/product\/cl-akva-krems-matejoss-ideala-ada-50-ml\/","title":{"rendered":"CL Akva-kr\u0113ms Mat\u0113jo\u0161s Ide\u0101la \u0101da, 50 ml"},"content":{"rendered":"<p>\u0100das probl\u0113mu risin\u0101jums bez sausuma. \u0100tri uzs\u016bcas. Lieliska b\u0101ze zem makij\u0101\u017eas.&nbsp;<\/p>\n<p>\u012apa\u0161a augstas efektivit\u0101tes formula:<br \/>\n&bull;&nbsp;&nbsp; &nbsp;Cinks regul\u0113 sebuma izstr\u0101di<br \/>\n&bull;&nbsp;&nbsp; &nbsp;Eikalipta ekstrakts att\u012bra un nomierina \u0101du<\/p>\n<p>Man\u0101ms rezult\u0101ts:&nbsp;<br \/>\n&bull;&nbsp;&nbsp; &nbsp;12 stundas bez taukaina sp\u012bduma&nbsp;<br \/>\n&bull;&nbsp;&nbsp; &nbsp;24 stundu \u0101das mitrin\u0101\u0161ana<br \/>\n&bull;&nbsp;&nbsp; &nbsp;Bez poru aizs\u0113r\u0113\u0161an\u0101s<br \/>\n&bull;&nbsp;&nbsp; &nbsp;\u0100da ir ide\u0101li gluda, mat\u0113ta un samtaina<\/p>\n<p><strong>Lieto\u0161ana:<\/strong> uzkl\u0101jiet kr\u0113mu uz sausas \u0101das no r\u012btiem un vakaros p\u0113c mazg\u0101\u0161an\u0101s un tonika lieto\u0161anas.<\/p>\n<p>Nav \u0101rstniecisks l\u012bdzeklis.<\/p>\n<p>Izlietot 6 m\u0113ne\u0161u laik\u0101 p\u0113c atv\u0113r\u0161anas.<\/p>\n<p>Uzglab\u0101t temperat\u016br\u0101 no 0&deg;C l\u012bdz +25&deg;C.<\/p>\n<p>&nbsp;<\/p>\n<p><strong>Pilna Ide\u0101la \u0101da l\u012bnijas \u0101das kop\u0161anas programma:<\/strong><br \/>\n1. Att\u012br\u012b\u0161ana. Dzi\u013cas iedarb\u012bbas <strong>Mazg\u0101\u0161an\u0101s \u017eeleja<\/strong> att\u012bra \u0101du, nov\u0113r\u0161ot p\u016bt\u012b\u0161u par\u0101d\u012b\u0161anos.<br \/>\n2. Toniz\u0113\u0161ana. <strong>Dzi\u013cas iedarb\u012bbas losjons<\/strong> savelk poras un efekt\u012bvi c\u012bn\u0101s ar melnajiem punktiem.<br \/>\n3. Sp\u012bduma kontrole. <strong>Kr\u0113ms Moment\u0101ns mat\u0113jums<\/strong> uz ilgu laiku nov\u0113r\u0161 taukainu sp\u012bdumu un mitrina \u0101du.<br \/>\n4. C\u012b\u0146a ar nepiln\u012bb\u0101m.<strong> Kr\u0113ms-akt\u012bvs pret p\u016bt\u012bt\u0113m<\/strong> mazina iekaisumu un c\u012bn\u0101s ar to p\u0113d\u0101m.<br \/>\n&nbsp;<\/p>\n","protected":false},"excerpt":{"rendered":"<p>\u0100das probl\u0113mu risin\u0101jums bez sausuma. \u0100tri uzs\u016bcas. Lieliska b\u0101ze zem makij\u0101\u017eas.&nbsp; \u012apa\u0161a augstas efektivit\u0101tes formula: &bull;&nbsp;&nbsp; &nbsp;Cinks regul\u0113 sebuma izstr\u0101di &bull;&nbsp;&nbsp; &nbsp;Eikalipta ekstrakts att\u012bra un nomierina \u0101du Man\u0101ms rezult\u0101ts:&nbsp; &bull;&nbsp;&nbsp; &nbsp;12 stundas bez taukaina sp\u012bduma&nbsp; &bull;&nbsp;&nbsp; &nbsp;24 stundu \u0101das mitrin\u0101\u0161ana &bull;&nbsp;&nbsp; &nbsp;Bez poru aizs\u0113r\u0113\u0161an\u0101s &bull;&nbsp;&nbsp; &nbsp;\u0100da ir ide\u0101li gluda, mat\u0113ta un samtaina Lieto\u0161ana: uzkl\u0101jiet kr\u0113mu [&#8230;]\n","protected":false},"featured_media":0,"template":"","meta":[],"product_cat":[1999],"product_tag":[],"class_list":{"0":"post-39489","1":"product","2":"type-product","3":"status-publish","5":"product_brand-sale","6":"product_cat-bez-kategorijas","8":"first","9":"instock","10":"taxable","11":"shipping-taxable","12":"product-type-simple"},"_links":{"self":[{"href":"https:\/\/e.kosmolat.eu\/lv\/wp-json\/wp\/v2\/product\/39489","targetHints":{"allow":["GET"]}}],"collection":[{"href":"https:\/\/e.kosmolat.eu\/lv\/wp-json\/wp\/v2\/product"}],"about":[{"href":"https:\/\/e.kosmolat.eu\/lv\/wp-json\/wp\/v2\/types\/product"}],"wp:attachment":[{"href":"https:\/\/e.kosmolat.eu\/lv\/wp-json\/wp\/v2\/media?parent=39489"}],"wp:term":[{"taxonomy":"product_cat","embeddable":true,"href":"https:\/\/e.kosmolat.eu\/lv\/wp-json\/wp\/v2\/product_cat?post=39489"},{"taxonomy":"product_tag","embeddable":true,"href":"https:\/\/e.kosmolat.eu\/lv\/wp-json\/wp\/v2\/product_tag?post=39489"}],"curies":[{"name":"wp","href":"https:\/\/api.w.org\/{rel}","templated":true}]}}