{"id":39481,"date":"2023-12-22T23:30:31","date_gmt":"2023-12-22T23:30:31","guid":{"rendered":"https:\/\/e.kosmolat.eu\/product\/lb-mutes-dobuma-skalot-forte-aktiv-400-ml\/"},"modified":"2025-06-13T07:14:18","modified_gmt":"2025-06-13T07:14:18","slug":"lb-mutes-dobuma-skalot-forte-aktiv-400-ml","status":"publish","type":"product","link":"https:\/\/e.kosmolat.eu\/lv\/product\/lb-mutes-dobuma-skalot-forte-aktiv-400-ml\/","title":{"rendered":"LB Mutes dobuma skalot. Forte Aktiv, 400 ml"},"content":{"rendered":"<p>Satur 15 dab\u012bgos ekstraktus redzamu mutes dobuma probl\u0113mu, piem\u0113ram, asi\u0146o\u0161ana, iekaisums, piet\u016bkums, fitoprofilaksei. Pal\u012bdz stiprin\u0101t imunit\u0101ti un mutes dobuma aizsargfunkciju efektivit\u0101ti, uzlabojot higi\u0113nas kvalit\u0101ti. Efekt\u012bvs jau no pirm\u0101s lieto\u0161anas reizes.<\/p>\n<p><strong>Lieto\u0161ana:<\/strong> piepildiet v\u0101ci\u0146u ar skalo\u0161anas l\u012bdzekli. Skalojiet mutes dobumu 30 sekundes. Lietot p\u0113c \u0113\u0161anas un zobu t\u012br\u012b\u0161anas ne ret\u0101k k\u0101 divas reizes dien\u0101. Tikai pieaugu\u0161ajiem.<\/p>\n<p><strong>Piesardz\u012bbas pas\u0101kumi: <\/strong>Satur n\u0101trija fluor\u012bdu. Fluor\u012bdu masas da\u013ca 0,02%. Nenor\u012bt. Ir pie\u013caujamas nenoz\u012bm\u012bgas nogulsnes sakar\u0101 ar dab\u012bgu sast\u0101vda\u013c\u0101m l\u012bdzek\u013ca satur\u0101. Neietekm\u0113 produktu kvalit\u0101ti un dro\u0161umu. Nav \u0101rstniecisks l\u012bdzeklis. Lieto\u0161ana neatbr\u012bvo no stomatologa apmekl\u0113\u0161anas.<\/p>\n<p>Uzglab\u0101t temperat\u016br\u0101 no +5&deg;C l\u012bdz +25&deg;C, b\u0113rniem nepieejam\u0101 viet\u0101.<br \/>\n&nbsp;<\/p>\n","protected":false},"excerpt":{"rendered":"<p>Satur 15 dab\u012bgos ekstraktus redzamu mutes dobuma probl\u0113mu, piem\u0113ram, asi\u0146o\u0161ana, iekaisums, piet\u016bkums, fitoprofilaksei. Pal\u012bdz stiprin\u0101t imunit\u0101ti un mutes dobuma aizsargfunkciju efektivit\u0101ti, uzlabojot higi\u0113nas kvalit\u0101ti. Efekt\u012bvs jau no pirm\u0101s lieto\u0161anas reizes. Lieto\u0161ana: piepildiet v\u0101ci\u0146u ar skalo\u0161anas l\u012bdzekli. Skalojiet mutes dobumu 30 sekundes. Lietot p\u0113c \u0113\u0161anas un zobu t\u012br\u012b\u0161anas ne ret\u0101k k\u0101 divas reizes dien\u0101. Tikai pieaugu\u0161ajiem. [&#8230;]\n","protected":false},"featured_media":616,"template":"","meta":[],"product_cat":[1311],"product_tag":[],"class_list":{"0":"post-39481","1":"product","2":"type-product","3":"status-publish","4":"has-post-thumbnail","6":"product_brand-unilever-ua","7":"product_cat-mutes-skalotaji","9":"first","10":"instock","11":"taxable","12":"shipping-taxable","13":"product-type-simple"},"_links":{"self":[{"href":"https:\/\/e.kosmolat.eu\/lv\/wp-json\/wp\/v2\/product\/39481","targetHints":{"allow":["GET"]}}],"collection":[{"href":"https:\/\/e.kosmolat.eu\/lv\/wp-json\/wp\/v2\/product"}],"about":[{"href":"https:\/\/e.kosmolat.eu\/lv\/wp-json\/wp\/v2\/types\/product"}],"wp:featuredmedia":[{"embeddable":true,"href":"https:\/\/e.kosmolat.eu\/lv\/wp-json\/wp\/v2\/media\/616"}],"wp:attachment":[{"href":"https:\/\/e.kosmolat.eu\/lv\/wp-json\/wp\/v2\/media?parent=39481"}],"wp:term":[{"taxonomy":"product_cat","embeddable":true,"href":"https:\/\/e.kosmolat.eu\/lv\/wp-json\/wp\/v2\/product_cat?post=39481"},{"taxonomy":"product_tag","embeddable":true,"href":"https:\/\/e.kosmolat.eu\/lv\/wp-json\/wp\/v2\/product_tag?post=39481"}],"curies":[{"name":"wp","href":"https:\/\/api.w.org\/{rel}","templated":true}]}}