{"id":39477,"date":"2023-12-22T23:29:59","date_gmt":"2023-12-22T23:29:59","guid":{"rendered":"https:\/\/e.kosmolat.eu\/product\/lb-mutes-dobuma-skalot-piparmetra-un-meza-zales-400-ml\/"},"modified":"2025-07-28T05:12:40","modified_gmt":"2025-07-28T05:12:40","slug":"lb-mutes-dobuma-skalot-piparmetra-un-meza-zales-400-ml","status":"publish","type":"product","link":"https:\/\/e.kosmolat.eu\/lv\/product\/lb-mutes-dobuma-skalot-piparmetra-un-meza-zales-400-ml\/","title":{"rendered":"LB Mutes dobuma skalot. Piparm\u0113tra un me\u017ea z\u0101les, 400 ml"},"content":{"rendered":"<ul>\n<li>Aplikuma no\u0146em\u0161ana + remineraliz\u0101cija.<\/li>\n<li>No\u0146em aplikumu pat starpzobu spraug\u0101s.<\/li>\n<li>Mazina zobu un smaganu aplikuma kait\u012bgo iedarb\u012bbu.<\/li>\n<li>Atjauno emalju un stiprina smaganas, samazina smaganu iekaisumu att\u012bst\u012bbas riskus.<\/li>\n<li>Maksim\u0101lu efektu var sasniegt lietojot kop\u0101 ar zobu pastu.<\/li>\n<\/ul>\n<p><strong>Lieto\u0161ana:<\/strong> piepildiet v\u0101ci\u0146u ar skalo\u0161anas l\u012bdzekli. Skalojiet mutes dobumu 30 sekundes. Lietot p\u0113c \u0113\u0161anas un zobu t\u012br\u012b\u0161anas ne ret\u0101k k\u0101 divas reizes dien\u0101. Tikai pieaugu\u0161ajiem.<\/p>\n<p><strong>Piesardz\u012bbas pas\u0101kumi: <\/strong>Satur n\u0101trija fluor\u012bdu. Fluor\u012bdu masas da\u013ca 0,02%. Nenor\u012bt. Ir pie\u013caujamas nenoz\u012bm\u012bgas nogulsnes sakar\u0101 ar dab\u012bgu sast\u0101vda\u013c\u0101m l\u012bdzek\u013ca satur\u0101. Neietekm\u0113 produktu kvalit\u0101ti un dro\u0161umu. Nav \u0101rstniecisks l\u012bdzeklis. Lieto\u0161ana neatbr\u012bvo no stomatologa apmekl\u0113\u0161anas.<\/p>\n<p>Uzglab\u0101t temperat\u016br\u0101 no +5&deg;C l\u012bdz +25&deg;C, b\u0113rniem nepieejam\u0101 viet\u0101.<br \/>\n&nbsp;<\/p>\n","protected":false},"excerpt":{"rendered":"<p>Aplikuma no\u0146em\u0161ana + remineraliz\u0101cija. No\u0146em aplikumu pat starpzobu spraug\u0101s. Mazina zobu un smaganu aplikuma kait\u012bgo iedarb\u012bbu. Atjauno emalju un stiprina smaganas, samazina smaganu iekaisumu att\u012bst\u012bbas riskus. Maksim\u0101lu efektu var sasniegt lietojot kop\u0101 ar zobu pastu. Lieto\u0161ana: piepildiet v\u0101ci\u0146u ar skalo\u0161anas l\u012bdzekli. Skalojiet mutes dobumu 30 sekundes. Lietot p\u0113c \u0113\u0161anas un zobu t\u012br\u012b\u0161anas ne ret\u0101k k\u0101 [&#8230;]\n","protected":false},"featured_media":608,"template":"","meta":[],"product_cat":[1311],"product_tag":[],"class_list":{"0":"post-39477","1":"product","2":"type-product","3":"status-publish","4":"has-post-thumbnail","6":"product_brand-unilever-ua","7":"product_cat-mutes-skalotaji","9":"first","10":"outofstock","11":"taxable","12":"shipping-taxable","13":"product-type-simple"},"_links":{"self":[{"href":"https:\/\/e.kosmolat.eu\/lv\/wp-json\/wp\/v2\/product\/39477","targetHints":{"allow":["GET"]}}],"collection":[{"href":"https:\/\/e.kosmolat.eu\/lv\/wp-json\/wp\/v2\/product"}],"about":[{"href":"https:\/\/e.kosmolat.eu\/lv\/wp-json\/wp\/v2\/types\/product"}],"wp:featuredmedia":[{"embeddable":true,"href":"https:\/\/e.kosmolat.eu\/lv\/wp-json\/wp\/v2\/media\/608"}],"wp:attachment":[{"href":"https:\/\/e.kosmolat.eu\/lv\/wp-json\/wp\/v2\/media?parent=39477"}],"wp:term":[{"taxonomy":"product_cat","embeddable":true,"href":"https:\/\/e.kosmolat.eu\/lv\/wp-json\/wp\/v2\/product_cat?post=39477"},{"taxonomy":"product_tag","embeddable":true,"href":"https:\/\/e.kosmolat.eu\/lv\/wp-json\/wp\/v2\/product_tag?post=39477"}],"curies":[{"name":"wp","href":"https:\/\/api.w.org\/{rel}","templated":true}]}}