{"id":39449,"date":"2023-12-22T23:26:36","date_gmt":"2023-12-22T23:26:36","guid":{"rendered":"https:\/\/e.kosmolat.eu\/product\/cl-mitrinoss-dienas-sejas-krems-norm-un-komb-adai-40-ml\/"},"modified":"2025-07-11T12:31:37","modified_gmt":"2025-07-11T12:31:37","slug":"cl-mitrinoss-dienas-sejas-krems-norm-un-komb-adai-40-ml","status":"publish","type":"product","link":"https:\/\/e.kosmolat.eu\/lv\/product\/cl-mitrinoss-dienas-sejas-krems-norm-un-komb-adai-40-ml\/","title":{"rendered":"CL Mitrino\u0161s dienas sejas kr\u0113ms norm. un komb. \u0101dai, 40 ml"},"content":{"rendered":"<p>Kr\u0113ms satur Nature Plus 5 ekstraktu un e\u013c\u013cu esenci (verbenas ekstrakts, peonijas ekstrakts, mande\u013cu, linu un ol\u012bvu e\u013c\u013ca) + Hialuronu. 97% dab\u012bgas izcelsmes sast\u0101vda\u013cu. Akt\u012bvas dab\u012bgas sast\u0101vda\u013cas baro, atjauno lip\u012bdu aizsargsl\u0101ni, kav\u0113jot s\u012bku grumbi\u0146u par\u0101d\u012b\u0161anos. Alveja mitrina un toniz\u0113 \u0101du, stimul\u0113 \u0161\u016bnu atjauno\u0161anos, sniedz atjaunino\u0161u iedarb\u012bbu. Rezult\u0101ts: dabiski skaista, gluda un mirdzo\u0161a \u0101da.<\/p>\n<p><strong>Lieto\u0161ana:<\/strong> no r\u012bta uzkl\u0101jiet kr\u0113mu uz att\u012br\u012btas sejas un kakla \u0101das.<br \/>\n&nbsp;<\/p>\n","protected":false},"excerpt":{"rendered":"<p>Kr\u0113ms satur Nature Plus 5 ekstraktu un e\u013c\u013cu esenci (verbenas ekstrakts, peonijas ekstrakts, mande\u013cu, linu un ol\u012bvu e\u013c\u013ca) + Hialuronu. 97% dab\u012bgas izcelsmes sast\u0101vda\u013cu. Akt\u012bvas dab\u012bgas sast\u0101vda\u013cas baro, atjauno lip\u012bdu aizsargsl\u0101ni, kav\u0113jot s\u012bku grumbi\u0146u par\u0101d\u012b\u0161anos. Alveja mitrina un toniz\u0113 \u0101du, stimul\u0113 \u0161\u016bnu atjauno\u0161anos, sniedz atjaunino\u0161u iedarb\u012bbu. Rezult\u0101ts: dabiski skaista, gluda un mirdzo\u0161a \u0101da. Lieto\u0161ana: no [&#8230;]\n","protected":false},"featured_media":592,"template":"","meta":[],"product_cat":[1322],"product_tag":[],"class_list":{"0":"post-39449","1":"product","2":"type-product","3":"status-publish","4":"has-post-thumbnail","6":"product_brand-unilever-ua","7":"product_cat-veido-kremai","9":"first","10":"outofstock","11":"taxable","12":"shipping-taxable","13":"product-type-simple"},"_links":{"self":[{"href":"https:\/\/e.kosmolat.eu\/lv\/wp-json\/wp\/v2\/product\/39449","targetHints":{"allow":["GET"]}}],"collection":[{"href":"https:\/\/e.kosmolat.eu\/lv\/wp-json\/wp\/v2\/product"}],"about":[{"href":"https:\/\/e.kosmolat.eu\/lv\/wp-json\/wp\/v2\/types\/product"}],"wp:featuredmedia":[{"embeddable":true,"href":"https:\/\/e.kosmolat.eu\/lv\/wp-json\/wp\/v2\/media\/592"}],"wp:attachment":[{"href":"https:\/\/e.kosmolat.eu\/lv\/wp-json\/wp\/v2\/media?parent=39449"}],"wp:term":[{"taxonomy":"product_cat","embeddable":true,"href":"https:\/\/e.kosmolat.eu\/lv\/wp-json\/wp\/v2\/product_cat?post=39449"},{"taxonomy":"product_tag","embeddable":true,"href":"https:\/\/e.kosmolat.eu\/lv\/wp-json\/wp\/v2\/product_tag?post=39449"}],"curies":[{"name":"wp","href":"https:\/\/api.w.org\/{rel}","templated":true}]}}