{"id":39445,"date":"2023-12-22T23:26:12","date_gmt":"2023-12-22T23:26:12","guid":{"rendered":"https:\/\/e.kosmolat.eu\/product\/cl-mitrinoss-dienas-sejas-krems-sausai-adai-40-ml\/"},"modified":"2025-07-11T12:31:24","modified_gmt":"2025-07-11T12:31:24","slug":"cl-mitrinoss-dienas-sejas-krems-sausai-adai-40-ml","status":"publish","type":"product","link":"https:\/\/e.kosmolat.eu\/lv\/product\/cl-mitrinoss-dienas-sejas-krems-sausai-adai-40-ml\/","title":{"rendered":"CL Mitrino\u0161s dienas sejas kr\u0113ms sausai \u0101dai, 40 ml"},"content":{"rendered":"<p>Kr\u0113ms satur NATURE PLUS 5 ekstraktus un e\u013c\u013cas (verbenas ekstrakts, peonijas ekstrakts, mande\u013cu, linu un ol\u012bvu e\u013c\u013ca) + hialurons.<br \/>\nAkt\u012bvas dab\u012bgas sast\u0101vda\u013cas baro, dzi\u013ci mitrina \u0101du, kav\u0113 s\u012bku grumbi\u0146u par\u0101d\u012b\u0161anos. Ro\u017eu ekstrakts nomierina, atsvaidzina, pie\u0161\u0137ir \u0101dai gludumu un vesel\u012bgu mirdzumu.<br \/>\nRezult\u0101ts: dabiski skaista, mirdzo\u0161a \u0101da.<\/p>\n<p><strong>Lieto\u0161ana:<\/strong> no r\u012bta uzkl\u0101jiet kr\u0113mu uz att\u012br\u012btas sejas un kakla \u0101das. &nbsp;<br \/>\n&nbsp;<\/p>\n","protected":false},"excerpt":{"rendered":"<p>Kr\u0113ms satur NATURE PLUS 5 ekstraktus un e\u013c\u013cas (verbenas ekstrakts, peonijas ekstrakts, mande\u013cu, linu un ol\u012bvu e\u013c\u013ca) + hialurons. Akt\u012bvas dab\u012bgas sast\u0101vda\u013cas baro, dzi\u013ci mitrina \u0101du, kav\u0113 s\u012bku grumbi\u0146u par\u0101d\u012b\u0161anos. Ro\u017eu ekstrakts nomierina, atsvaidzina, pie\u0161\u0137ir \u0101dai gludumu un vesel\u012bgu mirdzumu. Rezult\u0101ts: dabiski skaista, mirdzo\u0161a \u0101da. Lieto\u0161ana: no r\u012bta uzkl\u0101jiet kr\u0113mu uz att\u012br\u012btas sejas un kakla [&#8230;]\n","protected":false},"featured_media":1696,"template":"","meta":[],"product_cat":[1322],"product_tag":[],"class_list":{"0":"post-39445","1":"product","2":"type-product","3":"status-publish","4":"has-post-thumbnail","6":"product_brand-unilever-ua","7":"product_cat-veido-kremai","9":"first","10":"outofstock","11":"taxable","12":"shipping-taxable","13":"product-type-simple"},"_links":{"self":[{"href":"https:\/\/e.kosmolat.eu\/lv\/wp-json\/wp\/v2\/product\/39445","targetHints":{"allow":["GET"]}}],"collection":[{"href":"https:\/\/e.kosmolat.eu\/lv\/wp-json\/wp\/v2\/product"}],"about":[{"href":"https:\/\/e.kosmolat.eu\/lv\/wp-json\/wp\/v2\/types\/product"}],"wp:featuredmedia":[{"embeddable":true,"href":"https:\/\/e.kosmolat.eu\/lv\/wp-json\/wp\/v2\/media\/1696"}],"wp:attachment":[{"href":"https:\/\/e.kosmolat.eu\/lv\/wp-json\/wp\/v2\/media?parent=39445"}],"wp:term":[{"taxonomy":"product_cat","embeddable":true,"href":"https:\/\/e.kosmolat.eu\/lv\/wp-json\/wp\/v2\/product_cat?post=39445"},{"taxonomy":"product_tag","embeddable":true,"href":"https:\/\/e.kosmolat.eu\/lv\/wp-json\/wp\/v2\/product_tag?post=39445"}],"curies":[{"name":"wp","href":"https:\/\/api.w.org\/{rel}","templated":true}]}}