{"id":39441,"date":"2023-12-22T23:25:44","date_gmt":"2023-12-22T23:25:44","guid":{"rendered":"https:\/\/e.kosmolat.eu\/product\/cl-micelara-mazgasanas-zeleja-natura-120-ml\/"},"modified":"2025-09-11T05:21:06","modified_gmt":"2025-09-11T05:21:06","slug":"cl-micelara-mazgasanas-zeleja-natura-120-ml","status":"publish","type":"product","link":"https:\/\/e.kosmolat.eu\/lv\/product\/cl-micelara-mazgasanas-zeleja-natura-120-ml\/","title":{"rendered":"CL Micel\u0101r\u0101 mazg\u0101\u0161\u0101n\u0101s \u017eeleja Natura, 120 ml"},"content":{"rendered":"<p>Saudz\u012bga formula delik\u0101ti att\u012bra \u0101du no net\u012brumiem un sebuma p\u0101rpalikumiem. Att\u012br\u012b\u0161ana bez diskomforta un kairin\u0101juma. Lieliski likvid\u0113 makij\u0101\u017eu. T\u012bras poras, gluda, maiga, mirdzo\u0161a \u0101da. Visiem \u0101das tipiem, pat \u013coti jut\u012bgai \u0101dai.&nbsp;<\/p>\n<p><strong>Lieto\u0161ana:<\/strong> uzkl\u0101jiet l\u012bdzekli uz mitr\u0101s sejas \u0101das, pamas\u0113jiet, nomazg\u0101jiet ar \u016bdeni. Ja iek\u013c\u016bst ac\u012bs, r\u016bp\u012bgi izskalojiet ar \u016bdeni.<\/p>\n<p>Uzglab\u0101t temperat\u016br\u0101 no 0&deg;C l\u012bdz +25&deg;C.&nbsp;<\/p>\n<p>Izlietot 12 m\u0113ne\u0161u laik\u0101 p\u0113c atv\u0113r\u0161anas.<br \/>\n&nbsp;<\/p>\n","protected":false},"excerpt":{"rendered":"<p>Saudz\u012bga formula delik\u0101ti att\u012bra \u0101du no net\u012brumiem un sebuma p\u0101rpalikumiem. Att\u012br\u012b\u0161ana bez diskomforta un kairin\u0101juma. Lieliski likvid\u0113 makij\u0101\u017eu. T\u012bras poras, gluda, maiga, mirdzo\u0161a \u0101da. Visiem \u0101das tipiem, pat \u013coti jut\u012bgai \u0101dai.&nbsp; Lieto\u0161ana: uzkl\u0101jiet l\u012bdzekli uz mitr\u0101s sejas \u0101das, pamas\u0113jiet, nomazg\u0101jiet ar \u016bdeni. Ja iek\u013c\u016bst ac\u012bs, r\u016bp\u012bgi izskalojiet ar \u016bdeni. Uzglab\u0101t temperat\u016br\u0101 no 0&deg;C l\u012bdz +25&deg;C.&nbsp; [&#8230;]\n","protected":false},"featured_media":0,"template":"","meta":[],"product_cat":[2181],"product_tag":[],"class_list":{"0":"post-39441","1":"product","2":"type-product","3":"status-publish","5":"product_brand-sale","6":"product_cat-bez-kategorijas-lt","8":"first","9":"outofstock","10":"taxable","11":"shipping-taxable","12":"product-type-simple"},"_links":{"self":[{"href":"https:\/\/e.kosmolat.eu\/lv\/wp-json\/wp\/v2\/product\/39441","targetHints":{"allow":["GET"]}}],"collection":[{"href":"https:\/\/e.kosmolat.eu\/lv\/wp-json\/wp\/v2\/product"}],"about":[{"href":"https:\/\/e.kosmolat.eu\/lv\/wp-json\/wp\/v2\/types\/product"}],"wp:attachment":[{"href":"https:\/\/e.kosmolat.eu\/lv\/wp-json\/wp\/v2\/media?parent=39441"}],"wp:term":[{"taxonomy":"product_cat","embeddable":true,"href":"https:\/\/e.kosmolat.eu\/lv\/wp-json\/wp\/v2\/product_cat?post=39441"},{"taxonomy":"product_tag","embeddable":true,"href":"https:\/\/e.kosmolat.eu\/lv\/wp-json\/wp\/v2\/product_tag?post=39441"}],"curies":[{"name":"wp","href":"https:\/\/api.w.org\/{rel}","templated":true}]}}