{"id":39437,"date":"2023-12-22T23:25:20","date_gmt":"2023-12-22T23:25:20","guid":{"rendered":"https:\/\/e.kosmolat.eu\/product\/cl-aktivais-krems-pret-pinnems-ideala-ada-40-ml\/"},"modified":"2025-09-11T05:20:50","modified_gmt":"2025-09-11T05:20:50","slug":"cl-aktivais-krems-pret-pinnems-ideala-ada-40-ml","status":"publish","type":"product","link":"https:\/\/e.kosmolat.eu\/lv\/product\/cl-aktivais-krems-pret-pinnems-ideala-ada-40-ml\/","title":{"rendered":"CL Akt\u012bvais kr\u0113ms pret pinn\u0113ms Ide\u0101la \u0101da, 40 ml"},"content":{"rendered":"<p>\u0100das probl\u0113mu risin\u0101jums bez sausuma. \u0100tri uzs\u016bcas. Lieliska b\u0101ze zem makij\u0101\u017eas.&nbsp;<\/p>\n<p>\u012apa\u0161a augstas efektivit\u0101tes formula:<br \/>\n&bull;&nbsp;&nbsp; &nbsp;Cinks regul\u0113 sebuma izstr\u0101di<br \/>\n&bull;&nbsp;&nbsp; &nbsp;T\u0113jas koks att\u012bra un nov\u0113r\u0161 jaunu p\u016bt\u012b\u0161u ra\u0161anos&nbsp;<br \/>\n&bull;&nbsp;&nbsp; &nbsp;Alveja nomierina un mat\u0113 \u0101du<\/p>\n<p>Man\u0101ms rezult\u0101ts:&nbsp;<br \/>\n&bull;&nbsp;&nbsp; &nbsp;Maznin\u0101s iekaisumi un to p\u0113das<br \/>\n&bull;&nbsp;&nbsp; &nbsp;\u0100da k\u013c\u016bst man\u0101mi t\u012br\u0101ka jau p\u0113c 3 dien\u0101m<br \/>\n&bull;&nbsp;&nbsp; &nbsp;\u0100da tiek mitrin\u0101ta 24 stundas bez poru aizs\u0113r\u0113\u0161an\u0101s<br \/>\n&bull;&nbsp;&nbsp; &nbsp;\u0100da ir ide\u0101li gluda, t\u012bra un skaista<\/p>\n<p><strong>Lieto\u0161ana: <\/strong>uzkl\u0101jiet kr\u0113mu uz att\u012br\u012btas \u0101das no r\u012btiem un vakaros.&nbsp;<\/p>\n<p>Nav \u0101rstniecisks l\u012bdzeklis.<\/p>\n<p>Uzglab\u0101t temperat\u016br\u0101 no 0&deg;C l\u012bdz +25&deg;C.<\/p>\n<p>&nbsp;<\/p>\n<p><strong>Pilna Ide\u0101la \u0101da l\u012bnijas \u0101das kop\u0161anas programma:<\/strong><br \/>\n1. Att\u012br\u012b\u0161ana. Dzi\u013cas iedarb\u012bbas <strong>Mazg\u0101\u0161an\u0101s \u017eeleja<\/strong> att\u012bra \u0101du, nov\u0113r\u0161ot p\u016bt\u012b\u0161u par\u0101d\u012b\u0161anos.<br \/>\n2. Toniz\u0113\u0161ana. <strong>Dzi\u013cas iedarb\u012bbas losjons<\/strong> savelk poras un efekt\u012bvi c\u012bn\u0101s ar melnajiem punktiem.<br \/>\n3. Sp\u012bduma kontrole. <strong>Kr\u0113ms Moment\u0101ns mat\u0113jums <\/strong>uz ilgu laiku nov\u0113r\u0161 taukainu sp\u012bdumu un mitrina \u0101du.<br \/>\n4. C\u012b\u0146a ar nepiln\u012bb\u0101m. <strong>Kr\u0113ms-akt\u012bvs pret p\u016bt\u012bt\u0113m<\/strong> mazina iekaisumu un c\u012bn\u0101s ar to p\u0113d\u0101m.<br \/>\n&nbsp;<\/p>\n","protected":false},"excerpt":{"rendered":"<p>\u0100das probl\u0113mu risin\u0101jums bez sausuma. \u0100tri uzs\u016bcas. Lieliska b\u0101ze zem makij\u0101\u017eas.&nbsp; \u012apa\u0161a augstas efektivit\u0101tes formula: &bull;&nbsp;&nbsp; &nbsp;Cinks regul\u0113 sebuma izstr\u0101di &bull;&nbsp;&nbsp; &nbsp;T\u0113jas koks att\u012bra un nov\u0113r\u0161 jaunu p\u016bt\u012b\u0161u ra\u0161anos&nbsp; &bull;&nbsp;&nbsp; &nbsp;Alveja nomierina un mat\u0113 \u0101du Man\u0101ms rezult\u0101ts:&nbsp; &bull;&nbsp;&nbsp; &nbsp;Maznin\u0101s iekaisumi un to p\u0113das &bull;&nbsp;&nbsp; &nbsp;\u0100da k\u013c\u016bst man\u0101mi t\u012br\u0101ka jau p\u0113c 3 dien\u0101m &bull;&nbsp;&nbsp; &nbsp;\u0100da tiek [&#8230;]\n","protected":false},"featured_media":0,"template":"","meta":[],"product_cat":[2182],"product_tag":[],"class_list":{"0":"post-39437","1":"product","2":"type-product","3":"status-publish","5":"product_brand-sale","6":"product_cat-bez-kategorijas-ru","8":"first","9":"outofstock","10":"taxable","11":"shipping-taxable","12":"product-type-simple"},"_links":{"self":[{"href":"https:\/\/e.kosmolat.eu\/lv\/wp-json\/wp\/v2\/product\/39437","targetHints":{"allow":["GET"]}}],"collection":[{"href":"https:\/\/e.kosmolat.eu\/lv\/wp-json\/wp\/v2\/product"}],"about":[{"href":"https:\/\/e.kosmolat.eu\/lv\/wp-json\/wp\/v2\/types\/product"}],"wp:attachment":[{"href":"https:\/\/e.kosmolat.eu\/lv\/wp-json\/wp\/v2\/media?parent=39437"}],"wp:term":[{"taxonomy":"product_cat","embeddable":true,"href":"https:\/\/e.kosmolat.eu\/lv\/wp-json\/wp\/v2\/product_cat?post=39437"},{"taxonomy":"product_tag","embeddable":true,"href":"https:\/\/e.kosmolat.eu\/lv\/wp-json\/wp\/v2\/product_tag?post=39437"}],"curies":[{"name":"wp","href":"https:\/\/api.w.org\/{rel}","templated":true}]}}