{"id":39433,"date":"2023-12-22T23:24:52","date_gmt":"2023-12-22T23:24:52","guid":{"rendered":"https:\/\/e.kosmolat.eu\/product\/cl-rita-krems-sejai-un-kaklam-3in1-50-ml\/"},"modified":"2025-08-26T10:41:07","modified_gmt":"2025-08-26T10:41:07","slug":"cl-rita-krems-sejai-un-kaklam-3in1-50-ml","status":"publish","type":"product","link":"https:\/\/e.kosmolat.eu\/lv\/product\/cl-rita-krems-sejai-un-kaklam-3in1-50-ml\/","title":{"rendered":"CL R\u012bta kr\u0113ms sejai un kaklam 3in1, 50 ml"},"content":{"rendered":"<p>Kr\u0113ms visiem \u0101das tipiem satur Nature Plus 5 ekstraktu un e\u013c\u013cu esenci (verbenas ekstrakts, peonijas ekstrakts, mande\u013cu, linu un ol\u012bvu e\u013c\u013ca). 100% dab\u012bga b\u0101ze.<\/p>\n<p>Nodro\u0161ina liftinga efektu, mitrin\u0101\u0161anu, svaigumu, k\u0101 ar\u012b pilnv\u0113rt\u012bgu \u0101das baro\u0161anu. Nerada piera\u0161anu.<\/p>\n<p><strong>Lieto\u0161ana: <\/strong>uzkl\u0101jiet kr\u0113mu uz att\u012br\u012btas sejas un kakla \u0101das.<\/p>\n<p>Uzglab\u0101t temperat\u016br\u0101 no 0&deg;C l\u012bdz +25&deg;C.<\/p>\n<p><strong>Der\u012bguma termi\u0146\u0161:<\/strong> 36 m\u0113ne\u0161i no izgatavo\u0161anas datuma.<\/p>\n","protected":false},"excerpt":{"rendered":"<p>Kr\u0113ms visiem \u0101das tipiem satur Nature Plus 5 ekstraktu un e\u013c\u013cu esenci (verbenas ekstrakts, peonijas ekstrakts, mande\u013cu, linu un ol\u012bvu e\u013c\u013ca). 100% dab\u012bga b\u0101ze. Nodro\u0161ina liftinga efektu, mitrin\u0101\u0161anu, svaigumu, k\u0101 ar\u012b pilnv\u0113rt\u012bgu \u0101das baro\u0161anu. Nerada piera\u0161anu. Lieto\u0161ana: uzkl\u0101jiet kr\u0113mu uz att\u012br\u012btas sejas un kakla \u0101das. Uzglab\u0101t temperat\u016br\u0101 no 0&deg;C l\u012bdz +25&deg;C. Der\u012bguma termi\u0146\u0161: 36 m\u0113ne\u0161i [&#8230;]\n","protected":false},"featured_media":27879,"template":"","meta":[],"product_cat":[1322],"product_tag":[],"class_list":{"0":"post-39433","1":"product","2":"type-product","3":"status-publish","4":"has-post-thumbnail","6":"product_brand-unilever-ua","7":"product_cat-veido-kremai","9":"first","10":"outofstock","11":"taxable","12":"shipping-taxable","13":"product-type-simple"},"_links":{"self":[{"href":"https:\/\/e.kosmolat.eu\/lv\/wp-json\/wp\/v2\/product\/39433","targetHints":{"allow":["GET"]}}],"collection":[{"href":"https:\/\/e.kosmolat.eu\/lv\/wp-json\/wp\/v2\/product"}],"about":[{"href":"https:\/\/e.kosmolat.eu\/lv\/wp-json\/wp\/v2\/types\/product"}],"wp:featuredmedia":[{"embeddable":true,"href":"https:\/\/e.kosmolat.eu\/lv\/wp-json\/wp\/v2\/media\/27879"}],"wp:attachment":[{"href":"https:\/\/e.kosmolat.eu\/lv\/wp-json\/wp\/v2\/media?parent=39433"}],"wp:term":[{"taxonomy":"product_cat","embeddable":true,"href":"https:\/\/e.kosmolat.eu\/lv\/wp-json\/wp\/v2\/product_cat?post=39433"},{"taxonomy":"product_tag","embeddable":true,"href":"https:\/\/e.kosmolat.eu\/lv\/wp-json\/wp\/v2\/product_tag?post=39433"}],"curies":[{"name":"wp","href":"https:\/\/api.w.org\/{rel}","templated":true}]}}