{"id":39429,"date":"2023-12-22T23:24:23","date_gmt":"2023-12-22T23:24:23","guid":{"rendered":"https:\/\/e.kosmolat.eu\/product\/cl-barojoss-nakts-sejas-kems-kombinetai-adai-40-ml\/"},"modified":"2025-07-11T12:31:10","modified_gmt":"2025-07-11T12:31:10","slug":"cl-barojoss-nakts-sejas-kems-kombinetai-adai-40-ml","status":"publish","type":"product","link":"https:\/\/e.kosmolat.eu\/lv\/product\/cl-barojoss-nakts-sejas-kems-kombinetai-adai-40-ml\/","title":{"rendered":"CL Barojo\u0161s nakts sejas k\u0113ms kombin\u0113tai \u0101dai, 40 ml"},"content":{"rendered":"<p>Kr\u0113ms satur NATURE PLUS 5 ekstraktus un e\u013c\u013cas (verbenas ekstrakts, peonijas ekstrakts, mande\u013cu, linu un ol\u012bvu e\u013c\u013ca) + hialuronu. 97% dab\u012bgo sast\u0101vda\u013cu.<\/p>\n<p>Akt\u012bvas dab\u012bgas sast\u0101vda\u013cas baro, dzi\u013ci mitrina \u0101du, kav\u0113 s\u012bku grumbi\u0146u par\u0101d\u012b\u0161anos. Baro\u0161ana un gludumus. Smilts\u0113rk\u0161\u0137u e\u013c\u013ca atjauno \u0101du un bag\u0101tina to ar vitam\u012bniem. Rezult\u0101ts: dabiski skaista, tvirta un mirdzo\u0161a.&nbsp;<\/p>\n<p><strong>Lieto\u0161ana:<\/strong> vakar\u0101 uzkl\u0101jiet kr\u0113mu uz att\u012br\u012btas sejas un kakla \u0101da. Nelietot p\u0101rtikas nol\u016bkos.<\/p>\n<p>Uzglab\u0101t temperat\u016br\u0101 no 0&deg;C l\u012bdz +25&deg;C.<\/p>\n","protected":false},"excerpt":{"rendered":"<p>Kr\u0113ms satur NATURE PLUS 5 ekstraktus un e\u013c\u013cas (verbenas ekstrakts, peonijas ekstrakts, mande\u013cu, linu un ol\u012bvu e\u013c\u013ca) + hialuronu. 97% dab\u012bgo sast\u0101vda\u013cu. Akt\u012bvas dab\u012bgas sast\u0101vda\u013cas baro, dzi\u013ci mitrina \u0101du, kav\u0113 s\u012bku grumbi\u0146u par\u0101d\u012b\u0161anos. Baro\u0161ana un gludumus. Smilts\u0113rk\u0161\u0137u e\u013c\u013ca atjauno \u0101du un bag\u0101tina to ar vitam\u012bniem. Rezult\u0101ts: dabiski skaista, tvirta un mirdzo\u0161a.&nbsp; Lieto\u0161ana: vakar\u0101 uzkl\u0101jiet kr\u0113mu [&#8230;]\n","protected":false},"featured_media":572,"template":"","meta":[],"product_cat":[1323],"product_tag":[],"class_list":{"0":"post-39429","1":"product","2":"type-product","3":"status-publish","4":"has-post-thumbnail","6":"product_brand-unilever-ua","7":"product_cat-1323","9":"first","10":"outofstock","11":"taxable","12":"shipping-taxable","13":"product-type-simple"},"_links":{"self":[{"href":"https:\/\/e.kosmolat.eu\/lv\/wp-json\/wp\/v2\/product\/39429","targetHints":{"allow":["GET"]}}],"collection":[{"href":"https:\/\/e.kosmolat.eu\/lv\/wp-json\/wp\/v2\/product"}],"about":[{"href":"https:\/\/e.kosmolat.eu\/lv\/wp-json\/wp\/v2\/types\/product"}],"wp:featuredmedia":[{"embeddable":true,"href":"https:\/\/e.kosmolat.eu\/lv\/wp-json\/wp\/v2\/media\/572"}],"wp:attachment":[{"href":"https:\/\/e.kosmolat.eu\/lv\/wp-json\/wp\/v2\/media?parent=39429"}],"wp:term":[{"taxonomy":"product_cat","embeddable":true,"href":"https:\/\/e.kosmolat.eu\/lv\/wp-json\/wp\/v2\/product_cat?post=39429"},{"taxonomy":"product_tag","embeddable":true,"href":"https:\/\/e.kosmolat.eu\/lv\/wp-json\/wp\/v2\/product_tag?post=39429"}],"curies":[{"name":"wp","href":"https:\/\/api.w.org\/{rel}","templated":true}]}}