{"id":39425,"date":"2023-12-22T23:23:51","date_gmt":"2023-12-22T23:23:51","guid":{"rendered":"https:\/\/e.kosmolat.eu\/product\/cl-barojoss-nakts-krems-sausai-adai-40-ml\/"},"modified":"2025-07-25T10:10:15","modified_gmt":"2025-07-25T10:10:15","slug":"cl-barojoss-nakts-krems-sausai-adai-40-ml","status":"publish","type":"product","link":"https:\/\/e.kosmolat.eu\/lv\/product\/cl-barojoss-nakts-krems-sausai-adai-40-ml\/","title":{"rendered":"CL Barojo\u0161s nakts kr\u0113ms sausai \u0101dai, 40 ml"},"content":{"rendered":"<p>Kr\u0113ms satur Nature Plus 5 ekstraktu un e\u013c\u013cu esenci (verbenas ekstrakts, peonijas ekstrakts, mande\u013cu, linu un ol\u012bvu e\u013c\u013ca) + Hialuronu. 97% dab\u012bgas izcelsmes sast\u0101vda\u013cu.<\/p>\n<p>Akt\u012bvas dab\u012bgas sast\u0101vda\u013cas pie\u0161\u0137ir \u0101dai tvirtumu, dzi\u013ci mitrina, kav\u0113 s\u012bku grumbi\u0146u par\u0101d\u012b\u0161anos.<\/p>\n<p>Intens\u012bva baro\u0161ana: kvie\u0161u d\u012bg\u013cu e\u013c\u013ca, kas ir dab\u012bgs E vitam\u012bna avots, baro un m\u012bkstina \u0101du. Rezult\u0101ts: dabiski skaista, gluda un tvirta \u0101da.<\/p>\n<p><strong>Lieto\u0161ana:<\/strong> vakaros uzkl\u0101jiet kr\u0113mu uz att\u012br\u012btas sejas un kakla \u0101das.<\/p>\n<p>Uzglab\u0101t temperat\u016br\u0101 no 0&deg;C l\u012bdz +25&deg;C.<br \/>\n&nbsp;<\/p>\n","protected":false},"excerpt":{"rendered":"<p>Kr\u0113ms satur Nature Plus 5 ekstraktu un e\u013c\u013cu esenci (verbenas ekstrakts, peonijas ekstrakts, mande\u013cu, linu un ol\u012bvu e\u013c\u013ca) + Hialuronu. 97% dab\u012bgas izcelsmes sast\u0101vda\u013cu. Akt\u012bvas dab\u012bgas sast\u0101vda\u013cas pie\u0161\u0137ir \u0101dai tvirtumu, dzi\u013ci mitrina, kav\u0113 s\u012bku grumbi\u0146u par\u0101d\u012b\u0161anos. Intens\u012bva baro\u0161ana: kvie\u0161u d\u012bg\u013cu e\u013c\u013ca, kas ir dab\u012bgs E vitam\u012bna avots, baro un m\u012bkstina \u0101du. Rezult\u0101ts: dabiski skaista, gluda [&#8230;]\n","protected":false},"featured_media":1688,"template":"","meta":[],"product_cat":[1323],"product_tag":[],"class_list":{"0":"post-39425","1":"product","2":"type-product","3":"status-publish","4":"has-post-thumbnail","6":"product_brand-unilever-ua","7":"product_cat-1323","9":"first","10":"outofstock","11":"taxable","12":"shipping-taxable","13":"product-type-simple"},"_links":{"self":[{"href":"https:\/\/e.kosmolat.eu\/lv\/wp-json\/wp\/v2\/product\/39425","targetHints":{"allow":["GET"]}}],"collection":[{"href":"https:\/\/e.kosmolat.eu\/lv\/wp-json\/wp\/v2\/product"}],"about":[{"href":"https:\/\/e.kosmolat.eu\/lv\/wp-json\/wp\/v2\/types\/product"}],"wp:featuredmedia":[{"embeddable":true,"href":"https:\/\/e.kosmolat.eu\/lv\/wp-json\/wp\/v2\/media\/1688"}],"wp:attachment":[{"href":"https:\/\/e.kosmolat.eu\/lv\/wp-json\/wp\/v2\/media?parent=39425"}],"wp:term":[{"taxonomy":"product_cat","embeddable":true,"href":"https:\/\/e.kosmolat.eu\/lv\/wp-json\/wp\/v2\/product_cat?post=39425"},{"taxonomy":"product_tag","embeddable":true,"href":"https:\/\/e.kosmolat.eu\/lv\/wp-json\/wp\/v2\/product_tag?post=39425"}],"curies":[{"name":"wp","href":"https:\/\/api.w.org\/{rel}","templated":true}]}}