{"id":39409,"date":"2023-12-22T23:21:57","date_gmt":"2023-12-22T23:21:57","guid":{"rendered":"https:\/\/e.kosmolat.eu\/product\/cl-maigs-sejas-skrubis-50-ml\/"},"modified":"2025-06-09T05:21:38","modified_gmt":"2025-06-09T05:21:38","slug":"cl-maigs-sejas-skrubis-50-ml","status":"publish","type":"product","link":"https:\/\/e.kosmolat.eu\/lv\/product\/cl-maigs-sejas-skrubis-50-ml\/","title":{"rendered":"CL Maigs sejas skrubis, 50 ml"},"content":{"rendered":"<p>Maigs sejas skrubis sausai un jut\u012bgai \u0101dai. Satur&nbsp;Nature Plus esenci no 5 ekstraktiem un e\u013c\u013c\u0101m (verbenas, peonijas, mande\u013cu e\u013c\u013cas, lins\u0113klu e\u013c\u013cas, ol\u012bve\u013c\u013cas ekstrakts). Akt\u012bv\u0101s dab\u012bg\u0101s sast\u0101vda\u013cas kopj, m\u012bkstina un toniz\u0113 \u0101du.<br \/>\n&bull;&nbsp;&nbsp; &nbsp;Saudz\u012bga att\u012br\u012b\u0161ana: dz\u0113rve\u0146u kauli\u0146i saudz\u012bgi no\u0146em raupj\u0101s \u0161\u016bnas, netraum\u0113jot jut\u012bgo \u0101du.&nbsp;<br \/>\n&bull;&nbsp;&nbsp; &nbsp;Svaiga \u0101das kr\u0101sa: avenes sula nomierina \u0101du, pal\u012bdzot nov\u0113rst aps\u0101rtumu un kairin\u0101jumu, izl\u012bdzina \u0101das toni.<\/p>\n<p><strong>Lieto\u0161ana: <\/strong>nelielu daudzumu skrubja uzkl\u0101t uz samitrin\u0101tas sejas un kakla \u0101das, iz\u0146emot \u0101du ap ac\u012bm. Viegli pamas\u0113t \u0101du 1-2 min\u016btes. Nomazg\u0101t skrubi ar \u016bdeni. Ieteicams izmantot 1-2 reizes ned\u0113\u013c\u0101.&nbsp;<\/p>\n<p>Uzglab\u0101t temperat\u016br\u0101 no 0 &deg;C l\u012bdz +25 &deg;C.<br \/>\n&nbsp;<\/p>\n","protected":false},"excerpt":{"rendered":"<p>Maigs sejas skrubis sausai un jut\u012bgai \u0101dai. Satur&nbsp;Nature Plus esenci no 5 ekstraktiem un e\u013c\u013c\u0101m (verbenas, peonijas, mande\u013cu e\u013c\u013cas, lins\u0113klu e\u013c\u013cas, ol\u012bve\u013c\u013cas ekstrakts). Akt\u012bv\u0101s dab\u012bg\u0101s sast\u0101vda\u013cas kopj, m\u012bkstina un toniz\u0113 \u0101du. &bull;&nbsp;&nbsp; &nbsp;Saudz\u012bga att\u012br\u012b\u0161ana: dz\u0113rve\u0146u kauli\u0146i saudz\u012bgi no\u0146em raupj\u0101s \u0161\u016bnas, netraum\u0113jot jut\u012bgo \u0101du.&nbsp; &bull;&nbsp;&nbsp; &nbsp;Svaiga \u0101das kr\u0101sa: avenes sula nomierina \u0101du, pal\u012bdzot nov\u0113rst aps\u0101rtumu un [&#8230;]\n","protected":false},"featured_media":548,"template":"","meta":[],"product_cat":[1394],"product_tag":[],"class_list":{"0":"post-39409","1":"product","2":"type-product","3":"status-publish","4":"has-post-thumbnail","6":"product_brand-unilever-ua","7":"product_cat-skrubji-un-pilingi-sejai","9":"first","10":"outofstock","11":"taxable","12":"shipping-taxable","13":"product-type-simple"},"_links":{"self":[{"href":"https:\/\/e.kosmolat.eu\/lv\/wp-json\/wp\/v2\/product\/39409","targetHints":{"allow":["GET"]}}],"collection":[{"href":"https:\/\/e.kosmolat.eu\/lv\/wp-json\/wp\/v2\/product"}],"about":[{"href":"https:\/\/e.kosmolat.eu\/lv\/wp-json\/wp\/v2\/types\/product"}],"wp:featuredmedia":[{"embeddable":true,"href":"https:\/\/e.kosmolat.eu\/lv\/wp-json\/wp\/v2\/media\/548"}],"wp:attachment":[{"href":"https:\/\/e.kosmolat.eu\/lv\/wp-json\/wp\/v2\/media?parent=39409"}],"wp:term":[{"taxonomy":"product_cat","embeddable":true,"href":"https:\/\/e.kosmolat.eu\/lv\/wp-json\/wp\/v2\/product_cat?post=39409"},{"taxonomy":"product_tag","embeddable":true,"href":"https:\/\/e.kosmolat.eu\/lv\/wp-json\/wp\/v2\/product_tag?post=39409"}],"curies":[{"name":"wp","href":"https:\/\/api.w.org\/{rel}","templated":true}]}}