{"id":39405,"date":"2023-12-22T23:21:30","date_gmt":"2023-12-22T23:21:30","guid":{"rendered":"https:\/\/e.kosmolat.eu\/product\/br-roku-krems-makadamijas-greznums-72-ml\/"},"modified":"2025-06-02T10:00:32","modified_gmt":"2025-06-02T10:00:32","slug":"br-roku-krems-makadamijas-greznums-72-ml","status":"publish","type":"product","link":"https:\/\/e.kosmolat.eu\/lv\/product\/br-roku-krems-makadamijas-greznums-72-ml\/","title":{"rendered":"BR Roku kr\u0113ms Makad\u0101mijas greznums, 72 ml"},"content":{"rendered":"<p>V\u0113rt\u012bgo un barojo\u0161o e\u013c\u013cu kolekcija no da\u017e\u0101d\u0101m pasaules mal\u0101m. Organisk\u0101s un bioe\u013c\u013cas izcels &nbsp;j\u016bsu \u0101das dabisko skaistumu. Bag\u0101t\u012bg\u0101 makad\u0101mijas riekstu e\u013c\u013ca satur sabalans\u0113tu vitam\u012bnu un tauksk\u0101bju kokteili. Tas ir neaizst\u0101jams l\u012bdzeklis \u0101das baro\u0161anai un t\u0101s dabiskajam mirdzumam. Lieliski piem\u0113rots \u013coti sausai \u0101dai. Kr\u0113m\u012bg\u0101 tekst\u016bra un bag\u0101t\u012bgs arom\u0101ts &ndash; \u012bsta d\u0101vana \u0137ermenim un dv\u0113selei.<\/p>\n<p><strong>Lieto\u0161ana:<\/strong> uzkl\u0101jiet kr\u0113mu uz t\u012bras, sausas \u0101das ar viegl\u0101m mas\u0101\u017eas kust\u012bb\u0101m, l\u012bdz tas piln\u012bb\u0101 uzs\u016bcas.<br \/>\n&nbsp;<\/p>\n","protected":false},"excerpt":{"rendered":"<p>V\u0113rt\u012bgo un barojo\u0161o e\u013c\u013cu kolekcija no da\u017e\u0101d\u0101m pasaules mal\u0101m. Organisk\u0101s un bioe\u013c\u013cas izcels &nbsp;j\u016bsu \u0101das dabisko skaistumu. Bag\u0101t\u012bg\u0101 makad\u0101mijas riekstu e\u013c\u013ca satur sabalans\u0113tu vitam\u012bnu un tauksk\u0101bju kokteili. Tas ir neaizst\u0101jams l\u012bdzeklis \u0101das baro\u0161anai un t\u0101s dabiskajam mirdzumam. Lieliski piem\u0113rots \u013coti sausai \u0101dai. Kr\u0113m\u012bg\u0101 tekst\u016bra un bag\u0101t\u012bgs arom\u0101ts &ndash; \u012bsta d\u0101vana \u0137ermenim un dv\u0113selei. Lieto\u0161ana: uzkl\u0101jiet [&#8230;]\n","protected":false},"featured_media":540,"template":"","meta":[],"product_cat":[1999],"product_tag":[],"class_list":{"0":"post-39405","1":"product","2":"type-product","3":"status-publish","4":"has-post-thumbnail","6":"product_brand-unilever-ua","7":"product_cat-bez-kategorijas","9":"first","10":"outofstock","11":"taxable","12":"shipping-taxable","13":"product-type-simple"},"_links":{"self":[{"href":"https:\/\/e.kosmolat.eu\/lv\/wp-json\/wp\/v2\/product\/39405","targetHints":{"allow":["GET"]}}],"collection":[{"href":"https:\/\/e.kosmolat.eu\/lv\/wp-json\/wp\/v2\/product"}],"about":[{"href":"https:\/\/e.kosmolat.eu\/lv\/wp-json\/wp\/v2\/types\/product"}],"wp:featuredmedia":[{"embeddable":true,"href":"https:\/\/e.kosmolat.eu\/lv\/wp-json\/wp\/v2\/media\/540"}],"wp:attachment":[{"href":"https:\/\/e.kosmolat.eu\/lv\/wp-json\/wp\/v2\/media?parent=39405"}],"wp:term":[{"taxonomy":"product_cat","embeddable":true,"href":"https:\/\/e.kosmolat.eu\/lv\/wp-json\/wp\/v2\/product_cat?post=39405"},{"taxonomy":"product_tag","embeddable":true,"href":"https:\/\/e.kosmolat.eu\/lv\/wp-json\/wp\/v2\/product_tag?post=39405"}],"curies":[{"name":"wp","href":"https:\/\/api.w.org\/{rel}","templated":true}]}}