{"id":39401,"date":"2023-12-22T23:21:01","date_gmt":"2023-12-22T23:21:01","guid":{"rendered":"https:\/\/e.kosmolat.eu\/product\/br-roku-krems-zelejs-svaigums-72-ml\/"},"modified":"2025-09-23T09:51:47","modified_gmt":"2025-09-23T09:51:47","slug":"br-roku-krems-zelejs-svaigums-72-ml","status":"publish","type":"product","link":"https:\/\/e.kosmolat.eu\/lv\/product\/br-roku-krems-zelejs-svaigums-72-ml\/","title":{"rendered":"BR Roku kr\u0113ms-\u017eelejs Svaigums, 72 ml"},"content":{"rendered":"<p>Eksotiskais kaktusa ekstrakts pie\u0161\u0137irs j\u016bsu \u0101dai svaigumu un mundrumu. Kr\u0113ms-\u017eeleja nodro\u0161ina antibakteri\u0101lu efektu, bez lip\u012bguma un taukain\u012bbas. Produkta maig\u0101 \u017eelejveid\u012bg\u0101 tekst\u016bra mitrina un kopj roku \u0101du.<\/p>\n<p><strong>Lieto\u0161ana: <\/strong>ar viegl\u0101m mas\u0113jo\u0161\u0101m kust\u012bb\u0101m &nbsp;uzkl\u0101jiet kr\u0113mu uz roku \u0101das l\u012bdz tas piln\u012bb\u0101 uzs\u016bcas.&nbsp;Nav \u0101rstniecisks l\u012bdzeklis.<\/p>\n<p>Uzglab\u0101t temperat\u016br\u0101 no 0&deg;C l\u012bdz +25&deg;C.<\/p>\n<p><strong>Der\u012bguma termi\u0146\u0161:<\/strong> 36 m\u0113ne\u0161i no izgatavo\u0161anas datuma. Izlietot 6 m\u0113ne\u0161u laik\u0101 p\u0113c atv\u0113r\u0161anas.<br \/>\n&nbsp;<\/p>\n","protected":false},"excerpt":{"rendered":"<p>Eksotiskais kaktusa ekstrakts pie\u0161\u0137irs j\u016bsu \u0101dai svaigumu un mundrumu. Kr\u0113ms-\u017eeleja nodro\u0161ina antibakteri\u0101lu efektu, bez lip\u012bguma un taukain\u012bbas. Produkta maig\u0101 \u017eelejveid\u012bg\u0101 tekst\u016bra mitrina un kopj roku \u0101du. Lieto\u0161ana: ar viegl\u0101m mas\u0113jo\u0161\u0101m kust\u012bb\u0101m &nbsp;uzkl\u0101jiet kr\u0113mu uz roku \u0101das l\u012bdz tas piln\u012bb\u0101 uzs\u016bcas.&nbsp;Nav \u0101rstniecisks l\u012bdzeklis. Uzglab\u0101t temperat\u016br\u0101 no 0&deg;C l\u012bdz +25&deg;C. Der\u012bguma termi\u0146\u0161: 36 m\u0113ne\u0161i no izgatavo\u0161anas datuma. [&#8230;]\n","protected":false},"featured_media":96525,"template":"","meta":[],"product_cat":[1302],"product_tag":[],"class_list":{"0":"post-39401","1":"product","2":"type-product","3":"status-publish","4":"has-post-thumbnail","6":"product_brand-sale","7":"product_cat-roku-kopsanas-kosmetika","9":"first","10":"outofstock","11":"taxable","12":"shipping-taxable","13":"product-type-simple"},"_links":{"self":[{"href":"https:\/\/e.kosmolat.eu\/lv\/wp-json\/wp\/v2\/product\/39401","targetHints":{"allow":["GET"]}}],"collection":[{"href":"https:\/\/e.kosmolat.eu\/lv\/wp-json\/wp\/v2\/product"}],"about":[{"href":"https:\/\/e.kosmolat.eu\/lv\/wp-json\/wp\/v2\/types\/product"}],"wp:featuredmedia":[{"embeddable":true,"href":"https:\/\/e.kosmolat.eu\/lv\/wp-json\/wp\/v2\/media\/96525"}],"wp:attachment":[{"href":"https:\/\/e.kosmolat.eu\/lv\/wp-json\/wp\/v2\/media?parent=39401"}],"wp:term":[{"taxonomy":"product_cat","embeddable":true,"href":"https:\/\/e.kosmolat.eu\/lv\/wp-json\/wp\/v2\/product_cat?post=39401"},{"taxonomy":"product_tag","embeddable":true,"href":"https:\/\/e.kosmolat.eu\/lv\/wp-json\/wp\/v2\/product_tag?post=39401"}],"curies":[{"name":"wp","href":"https:\/\/api.w.org\/{rel}","templated":true}]}}