{"id":39397,"date":"2023-12-22T23:20:36","date_gmt":"2023-12-22T23:20:36","guid":{"rendered":"https:\/\/e.kosmolat.eu\/product\/sh-mitrinoss-roku-krems-72-ml\/"},"modified":"2025-09-23T09:51:32","modified_gmt":"2025-09-23T09:51:32","slug":"sh-mitrinoss-roku-krems-72-ml","status":"publish","type":"product","link":"https:\/\/e.kosmolat.eu\/lv\/product\/sh-mitrinoss-roku-krems-72-ml\/","title":{"rendered":"SH Mitrino\u0161s roku kr\u0113ms, 72 ml"},"content":{"rendered":"<p>Ol\u012bvu e\u013c\u013ca un hialurons. Viegla tekst\u016bra, bez lip\u012bguma un taukainuma. Intens\u012bvi pies\u0101tina \u0101du ar mitrumu un nov\u0113r\u0161 sausumu dienas garum\u0101.&nbsp;<\/p>\n<p>Silk Oil Elixir formula ar mikroe\u013c\u013c\u0101m un z\u012bda prote\u012bniem stiprina kr\u0113ma darb\u012bbu, aktiviz\u0113 \u0101das sp\u0113ju saglab\u0101t mitrumu. Roku \u0101da ir pl\u0101n\u0101ka un vair\u0101k pak\u013cauta \u0101r\u0113jai iedarb\u012bbai, nek\u0101 sejas \u0101da, un mitruma zudums ir intens\u012bv\u0101ks. Regul\u0101ra roku kr\u0113ma lieto\u0161ana ne ret\u0101k k\u0101 2 reizes dien\u0101 kompens\u0113 zaud\u0113to mitrumu un pal\u0113nina t\u0101 zudumu.&nbsp;<\/p>\n<p><strong>Lieto\u0161ana:<\/strong> uzkl\u0101jiet uz t\u012bras, sausas \u0101das, maigi iemas\u0113jot, l\u012bdz kr\u0113ms piln\u012bb\u0101 uzs\u016bcas. Lietojiet p\u0113c nepiecie\u0161am\u012bbas.<\/p>\n<p>Uzglab\u0101t temperat\u016br\u0101 no 0&deg;C l\u012bdz +25&deg;C.<\/p>\n<p><strong>Der\u012bguma termi\u0146\u0161:<\/strong> 36 m\u0113ne\u0161i no izgatavo\u0161anas datuma. Izlietot 6 m\u0113ne\u0161u laika p\u0113c atv\u0113r\u0161anas.<br \/>\n&nbsp;<\/p>\n","protected":false},"excerpt":{"rendered":"<p>Ol\u012bvu e\u013c\u013ca un hialurons. Viegla tekst\u016bra, bez lip\u012bguma un taukainuma. Intens\u012bvi pies\u0101tina \u0101du ar mitrumu un nov\u0113r\u0161 sausumu dienas garum\u0101.&nbsp; Silk Oil Elixir formula ar mikroe\u013c\u013c\u0101m un z\u012bda prote\u012bniem stiprina kr\u0113ma darb\u012bbu, aktiviz\u0113 \u0101das sp\u0113ju saglab\u0101t mitrumu. Roku \u0101da ir pl\u0101n\u0101ka un vair\u0101k pak\u013cauta \u0101r\u0113jai iedarb\u012bbai, nek\u0101 sejas \u0101da, un mitruma zudums ir intens\u012bv\u0101ks. Regul\u0101ra [&#8230;]\n","protected":false},"featured_media":96521,"template":"","meta":[],"product_cat":[1305],"product_tag":[],"class_list":{"0":"post-39397","1":"product","2":"type-product","3":"status-publish","4":"has-post-thumbnail","6":"product_brand-unilever-ua","7":"product_cat-1305","9":"first","10":"outofstock","11":"taxable","12":"shipping-taxable","13":"product-type-simple"},"_links":{"self":[{"href":"https:\/\/e.kosmolat.eu\/lv\/wp-json\/wp\/v2\/product\/39397","targetHints":{"allow":["GET"]}}],"collection":[{"href":"https:\/\/e.kosmolat.eu\/lv\/wp-json\/wp\/v2\/product"}],"about":[{"href":"https:\/\/e.kosmolat.eu\/lv\/wp-json\/wp\/v2\/types\/product"}],"wp:featuredmedia":[{"embeddable":true,"href":"https:\/\/e.kosmolat.eu\/lv\/wp-json\/wp\/v2\/media\/96521"}],"wp:attachment":[{"href":"https:\/\/e.kosmolat.eu\/lv\/wp-json\/wp\/v2\/media?parent=39397"}],"wp:term":[{"taxonomy":"product_cat","embeddable":true,"href":"https:\/\/e.kosmolat.eu\/lv\/wp-json\/wp\/v2\/product_cat?post=39397"},{"taxonomy":"product_tag","embeddable":true,"href":"https:\/\/e.kosmolat.eu\/lv\/wp-json\/wp\/v2\/product_tag?post=39397"}],"curies":[{"name":"wp","href":"https:\/\/api.w.org\/{rel}","templated":true}]}}