{"id":39381,"date":"2023-12-22T23:19:14","date_gmt":"2023-12-22T23:19:14","guid":{"rendered":"https:\/\/e.kosmolat.eu\/product\/br-kremziepes-mitrinasana-un-mikstinasana-230-ml\/"},"modified":"2025-10-30T14:41:16","modified_gmt":"2025-10-30T14:41:16","slug":"br-kremziepes-mitrinasana-un-mikstinasana-230-ml","status":"publish","type":"product","link":"https:\/\/e.kosmolat.eu\/lv\/product\/br-kremziepes-mitrinasana-un-mikstinasana-230-ml\/","title":{"rendered":"BR Kr\u0113mziepes Mitrin\u0101\u0161ana un m\u012bkstin\u0101\u0161ana, 230 ml"},"content":{"rendered":"<p>Kr\u0113mziepju formula ar ol\u012bve\u013c\u013cu nodro\u0161ina saudz\u012bgu \u0101das att\u012br\u012b\u0161anu un m\u012bkstin\u0101\u0161anu roku mazg\u0101\u0161anas laik\u0101. Atbilst dabiskajam \u0101das pH l\u012bmenim. T\u012br\u012b\u0161anas l\u012bdzek\u013ci un ciets \u016bdens var negat\u012bvi ietekm\u0113t \u0101das dabisko aizsargbarjeru roku mazg\u0101\u0161anas laik\u0101. Ziepju formula ar roku kr\u0113ma sast\u0101vda\u013c\u0101m maigi iedarbojas uz \u0101du, nov\u0113r\u0161ot sausumu.<\/p>\n<p><strong>Lieto\u0161ana: <\/strong>uzkl\u0101jiet nelielu daudzumu ziepju uz mitras \u0101das, pamas\u0113jiet, saputojiet, noskalojiet ar \u016bdeni.<\/p>\n<p>Uzglab\u0101t temperat\u016br\u0101 no +5&deg;C l\u012bdz +25&deg;C.<br \/>\n&nbsp;<\/p>\n","protected":false},"excerpt":{"rendered":"<p>Kr\u0113mziepju formula ar ol\u012bve\u013c\u013cu nodro\u0161ina saudz\u012bgu \u0101das att\u012br\u012b\u0161anu un m\u012bkstin\u0101\u0161anu roku mazg\u0101\u0161anas laik\u0101. Atbilst dabiskajam \u0101das pH l\u012bmenim. T\u012br\u012b\u0161anas l\u012bdzek\u013ci un ciets \u016bdens var negat\u012bvi ietekm\u0113t \u0101das dabisko aizsargbarjeru roku mazg\u0101\u0161anas laik\u0101. Ziepju formula ar roku kr\u0113ma sast\u0101vda\u013c\u0101m maigi iedarbojas uz \u0101du, nov\u0113r\u0161ot sausumu. Lieto\u0161ana: uzkl\u0101jiet nelielu daudzumu ziepju uz mitras \u0101das, pamas\u0113jiet, saputojiet, noskalojiet [&#8230;]\n","protected":false},"featured_media":98311,"template":"","meta":[],"product_cat":[1999],"product_tag":[],"class_list":{"0":"post-39381","1":"product","2":"type-product","3":"status-publish","4":"has-post-thumbnail","6":"product_brand-unilever-ua","7":"product_cat-bez-kategorijas","9":"first","10":"instock","11":"taxable","12":"shipping-taxable","13":"product-type-simple"},"_links":{"self":[{"href":"https:\/\/e.kosmolat.eu\/lv\/wp-json\/wp\/v2\/product\/39381","targetHints":{"allow":["GET"]}}],"collection":[{"href":"https:\/\/e.kosmolat.eu\/lv\/wp-json\/wp\/v2\/product"}],"about":[{"href":"https:\/\/e.kosmolat.eu\/lv\/wp-json\/wp\/v2\/types\/product"}],"wp:featuredmedia":[{"embeddable":true,"href":"https:\/\/e.kosmolat.eu\/lv\/wp-json\/wp\/v2\/media\/98311"}],"wp:attachment":[{"href":"https:\/\/e.kosmolat.eu\/lv\/wp-json\/wp\/v2\/media?parent=39381"}],"wp:term":[{"taxonomy":"product_cat","embeddable":true,"href":"https:\/\/e.kosmolat.eu\/lv\/wp-json\/wp\/v2\/product_cat?post=39381"},{"taxonomy":"product_tag","embeddable":true,"href":"https:\/\/e.kosmolat.eu\/lv\/wp-json\/wp\/v2\/product_tag?post=39381"}],"curies":[{"name":"wp","href":"https:\/\/api.w.org\/{rel}","templated":true}]}}