{"id":39377,"date":"2023-12-22T23:18:53","date_gmt":"2023-12-22T23:18:53","guid":{"rendered":"https:\/\/e.kosmolat.eu\/product\/br-roku-krems-balzams-sos-atjaunosana-45-ml\/"},"modified":"2025-01-28T11:10:59","modified_gmt":"2025-01-28T11:10:59","slug":"br-roku-krems-balzams-sos-atjaunosana-45-ml","status":"publish","type":"product","link":"https:\/\/e.kosmolat.eu\/lv\/product\/br-roku-krems-balzams-sos-atjaunosana-45-ml\/","title":{"rendered":"BR Roku kr\u0113ms-balzams SOS Atjauno\u0161ana, 45 ml"},"content":{"rendered":"<p>Sausai un kairin\u0101tai \u0101dai. 10% komplekss ar D-pantenolu, niacinam\u012bdu, PRO lip\u012bdiem.<\/p>\n<p>100% atjauno&scaron;ana vien\u0101 lieto&scaron;anas reiz\u0113. M\u012bkstino&scaron;ais efekts saglab\u0101jas l\u012bdz pat 12 stund\u0101m. Atjauno \u0101du p\u0113c roku mazg\u0101&scaron;anas un dezinfekcijas l\u012bdzek\u013ca lieto&scaron;anas. Uzs\u016bcas uzreiz, nerada lip\u012bguma saj\u016btu.<\/p>\n<p><strong>Lieto&scaron;ana:<\/strong> ar viegl\u0101m mas\u0113jo&scaron;\u0101m kust\u012bb\u0101m uzkl\u0101jiet kr\u0113mu uz t\u012bras, sausas \u0101das.&nbsp;<\/p>\n<p>Uzglab\u0101t temperat\u016br\u0101 no 0&deg;C l\u012bdz +25&deg;C.<\/p>\n<p><strong>Der\u012bguma termi\u0146&scaron;: <\/strong>36 m\u0113ne&scaron;i no izgatavo&scaron;anas datuma. Izlietot 6 m\u0113ne&scaron;u laik\u0101 p\u0113c atv\u0113r&scaron;anas.<br \/>\n&nbsp;<\/p>\n","protected":false},"excerpt":{"rendered":"<p>Sausai un kairin\u0101tai \u0101dai. 10% komplekss ar D-pantenolu, niacinam\u012bdu, PRO lip\u012bdiem. 100% atjauno&scaron;ana vien\u0101 lieto&scaron;anas reiz\u0113. M\u012bkstino&scaron;ais efekts saglab\u0101jas l\u012bdz pat 12 stund\u0101m. Atjauno \u0101du p\u0113c roku mazg\u0101&scaron;anas un dezinfekcijas l\u012bdzek\u013ca lieto&scaron;anas. Uzs\u016bcas uzreiz, nerada lip\u012bguma saj\u016btu. Lieto&scaron;ana: ar viegl\u0101m mas\u0113jo&scaron;\u0101m kust\u012bb\u0101m uzkl\u0101jiet kr\u0113mu uz t\u012bras, sausas \u0101das.&nbsp; Uzglab\u0101t temperat\u016br\u0101 no 0&deg;C l\u012bdz +25&deg;C. Der\u012bguma [&#8230;]\n","protected":false},"featured_media":512,"template":"","meta":[],"product_cat":[1305],"product_tag":[],"class_list":{"0":"post-39377","1":"product","2":"type-product","3":"status-publish","4":"has-post-thumbnail","6":"product_brand-unilever-cistajalinija-silkyhands-forestbalm-axe-tresemme","7":"product_cat-1305","9":"first","10":"outofstock","11":"taxable","12":"shipping-taxable","13":"product-type-simple"},"_links":{"self":[{"href":"https:\/\/e.kosmolat.eu\/lv\/wp-json\/wp\/v2\/product\/39377","targetHints":{"allow":["GET"]}}],"collection":[{"href":"https:\/\/e.kosmolat.eu\/lv\/wp-json\/wp\/v2\/product"}],"about":[{"href":"https:\/\/e.kosmolat.eu\/lv\/wp-json\/wp\/v2\/types\/product"}],"wp:featuredmedia":[{"embeddable":true,"href":"https:\/\/e.kosmolat.eu\/lv\/wp-json\/wp\/v2\/media\/512"}],"wp:attachment":[{"href":"https:\/\/e.kosmolat.eu\/lv\/wp-json\/wp\/v2\/media?parent=39377"}],"wp:term":[{"taxonomy":"product_cat","embeddable":true,"href":"https:\/\/e.kosmolat.eu\/lv\/wp-json\/wp\/v2\/product_cat?post=39377"},{"taxonomy":"product_tag","embeddable":true,"href":"https:\/\/e.kosmolat.eu\/lv\/wp-json\/wp\/v2\/product_tag?post=39377"}],"curies":[{"name":"wp","href":"https:\/\/api.w.org\/{rel}","templated":true}]}}