{"id":39373,"date":"2023-12-22T23:18:37","date_gmt":"2023-12-22T23:18:37","guid":{"rendered":"https:\/\/e.kosmolat.eu\/product\/sh-roku-krems-nakts-atjaunojoss-72-ml\/"},"modified":"2025-09-23T09:51:17","modified_gmt":"2025-09-23T09:51:17","slug":"sh-roku-krems-nakts-atjaunojoss-72-ml","status":"publish","type":"product","link":"https:\/\/e.kosmolat.eu\/lv\/product\/sh-roku-krems-nakts-atjaunojoss-72-ml\/","title":{"rendered":"SH Roku kr\u0113ms nakts, atjaunojo\u0161s, 72 ml"},"content":{"rendered":"<p>Vienas nakts laik\u0101 kr\u0113ms nodro\u0161ina roku \u0101das piln\u012bgu atjauno\u0161anos, nov\u0113r\u0161ot kait\u0113jumu \u0101dai, ko rada stresa faktori dienas laik\u0101. Ar kolag\u0113nu papildin\u0101t\u0101 Night Silk Oil Elixir formula satur 5 reizes vair\u0101k pies\u0101tin\u0101to mikroe\u013c\u013cu un z\u012bda prote\u012bnu, nodro\u0161ina \u0101du ar bar\u012bbas viel\u0101m, palielina elast\u012bbu, veicina intens\u012bvu kolag\u0113na sint\u0113zi nakts laik\u0101.<\/p>\n<p>Dienas un nakts kr\u0113mu lieto\u0161ana paaugstina \u0101das kop\u0161anas efektivit\u0101ti 2 reizes! Dienas laik\u0101 kr\u0113ms baro un pasarg\u0101 \u0101du no mitruma zuduma, savuk\u0101rt \u012bpa\u0161ais nakts kr\u0113ms nodro\u0161ina \u0101du ar bar\u012bbas viel\u0101m t\u0101s intens\u012bvai atjauno\u0161anai nakt\u012b.<\/p>\n<p><strong>Lieto\u0161ana: <\/strong>ar viegl\u0101m mas\u0113jo\u0161\u0101m kust\u012bb\u0101m uzkl\u0101jiet kr\u0113mu uz t\u012bras, sausas \u0101das l\u012bdz tas piln\u012bb\u0101 uzs\u016bcas. Lietojiet p\u0113c nepiecie\u0161am\u012bbas. Lieto\u0161ana p\u0101rtika nav pie\u013caujama.<\/p>\n<p>Uzglab\u0101t temperat\u016br\u0101 no 0&deg;C l\u012bdz +25&deg;C.<\/p>\n<p><strong>Der\u012bguma termi\u0146\u0161: <\/strong>36 m\u0113ne\u0161i no izgatavo\u0161anas datuma.<br \/>\n&nbsp;<\/p>\n","protected":false},"excerpt":{"rendered":"<p>Vienas nakts laik\u0101 kr\u0113ms nodro\u0161ina roku \u0101das piln\u012bgu atjauno\u0161anos, nov\u0113r\u0161ot kait\u0113jumu \u0101dai, ko rada stresa faktori dienas laik\u0101. Ar kolag\u0113nu papildin\u0101t\u0101 Night Silk Oil Elixir formula satur 5 reizes vair\u0101k pies\u0101tin\u0101to mikroe\u013c\u013cu un z\u012bda prote\u012bnu, nodro\u0161ina \u0101du ar bar\u012bbas viel\u0101m, palielina elast\u012bbu, veicina intens\u012bvu kolag\u0113na sint\u0113zi nakts laik\u0101. Dienas un nakts kr\u0113mu lieto\u0161ana paaugstina \u0101das [&#8230;]\n","protected":false},"featured_media":96517,"template":"","meta":[],"product_cat":[1305],"product_tag":[],"class_list":{"0":"post-39373","1":"product","2":"type-product","3":"status-publish","4":"has-post-thumbnail","6":"product_brand-unilever-ua","7":"product_cat-1305","9":"first","10":"outofstock","11":"taxable","12":"shipping-taxable","13":"product-type-simple"},"_links":{"self":[{"href":"https:\/\/e.kosmolat.eu\/lv\/wp-json\/wp\/v2\/product\/39373","targetHints":{"allow":["GET"]}}],"collection":[{"href":"https:\/\/e.kosmolat.eu\/lv\/wp-json\/wp\/v2\/product"}],"about":[{"href":"https:\/\/e.kosmolat.eu\/lv\/wp-json\/wp\/v2\/types\/product"}],"wp:featuredmedia":[{"embeddable":true,"href":"https:\/\/e.kosmolat.eu\/lv\/wp-json\/wp\/v2\/media\/96517"}],"wp:attachment":[{"href":"https:\/\/e.kosmolat.eu\/lv\/wp-json\/wp\/v2\/media?parent=39373"}],"wp:term":[{"taxonomy":"product_cat","embeddable":true,"href":"https:\/\/e.kosmolat.eu\/lv\/wp-json\/wp\/v2\/product_cat?post=39373"},{"taxonomy":"product_tag","embeddable":true,"href":"https:\/\/e.kosmolat.eu\/lv\/wp-json\/wp\/v2\/product_tag?post=39373"}],"curies":[{"name":"wp","href":"https:\/\/api.w.org\/{rel}","templated":true}]}}