{"id":39369,"date":"2023-12-22T23:18:21","date_gmt":"2023-12-22T23:18:21","guid":{"rendered":"https:\/\/e.kosmolat.eu\/product\/br-kremziepes-man-un-manai-gimenei-700-ml\/"},"modified":"2025-01-07T09:38:58","modified_gmt":"2025-01-07T09:38:58","slug":"br-kremziepes-man-un-manai-gimenei-700-ml","status":"publish","type":"product","link":"https:\/\/e.kosmolat.eu\/lv\/product\/br-kremziepes-man-un-manai-gimenei-700-ml\/","title":{"rendered":"BR Kr\u0113mziepes Man un manai \u0123imenei, 700 ml"},"content":{"rendered":"<ul>\n<li>Maiga formula<\/li>\n<li>Bez izteiktas smar\u017eas<\/li>\n<li>Bez kr\u0101sviel\u0101m<\/li>\n<li>Piem\u0113rots bie\u017eai lieto\u0161anai.<\/li>\n<\/ul>\n<p>Kr\u0113mziepju formula ar roku kr\u0113ma sast\u0101vda\u013c\u0101m nodro\u0161ina maigu \u0101das att\u012br\u012b\u0161anu un m\u012bkstin\u0101\u0161anu roku mazg\u0101\u0161anas laik\u0101. Atbilst dabiskajam \u0101das pH l\u012bmenim.<\/p>\n<p><strong>Lieto\u0161ana:<\/strong> uzkl\u0101jiet nelielu kr\u0113mziepju daudzumu uz mitr\u0101m rok\u0101m, saputojiet un noskalojiet ar \u016bdeni. Piem\u0113rots lieto\u0161anai b\u0113rniem vecum\u0101 no 4 gadiem.<\/p>\n<p>Uzglab\u0101t temperat\u016br\u0101 no +5&deg;C l\u012bdz +25&deg;C.<br \/>\n&nbsp;<\/p>\n","protected":false},"excerpt":{"rendered":"<p>Maiga formula Bez izteiktas smar\u017eas Bez kr\u0101sviel\u0101m Piem\u0113rots bie\u017eai lieto\u0161anai. Kr\u0113mziepju formula ar roku kr\u0113ma sast\u0101vda\u013c\u0101m nodro\u0161ina maigu \u0101das att\u012br\u012b\u0161anu un m\u012bkstin\u0101\u0161anu roku mazg\u0101\u0161anas laik\u0101. Atbilst dabiskajam \u0101das pH l\u012bmenim. Lieto\u0161ana: uzkl\u0101jiet nelielu kr\u0113mziepju daudzumu uz mitr\u0101m rok\u0101m, saputojiet un noskalojiet ar \u016bdeni. Piem\u0113rots lieto\u0161anai b\u0113rniem vecum\u0101 no 4 gadiem. Uzglab\u0101t temperat\u016br\u0101 no +5&deg;C l\u012bdz [&#8230;]\n","protected":false},"featured_media":25360,"template":"","meta":[],"product_cat":[1746],"product_tag":[],"class_list":{"0":"post-39369","1":"product","2":"type-product","3":"status-publish","4":"has-post-thumbnail","6":"product_brand-unilever-cistajalinija-silkyhands-forestbalm-axe-tresemme","7":"product_cat-skidras-ziepes","9":"first","10":"outofstock","11":"taxable","12":"shipping-taxable","13":"product-type-simple"},"_links":{"self":[{"href":"https:\/\/e.kosmolat.eu\/lv\/wp-json\/wp\/v2\/product\/39369","targetHints":{"allow":["GET"]}}],"collection":[{"href":"https:\/\/e.kosmolat.eu\/lv\/wp-json\/wp\/v2\/product"}],"about":[{"href":"https:\/\/e.kosmolat.eu\/lv\/wp-json\/wp\/v2\/types\/product"}],"wp:featuredmedia":[{"embeddable":true,"href":"https:\/\/e.kosmolat.eu\/lv\/wp-json\/wp\/v2\/media\/25360"}],"wp:attachment":[{"href":"https:\/\/e.kosmolat.eu\/lv\/wp-json\/wp\/v2\/media?parent=39369"}],"wp:term":[{"taxonomy":"product_cat","embeddable":true,"href":"https:\/\/e.kosmolat.eu\/lv\/wp-json\/wp\/v2\/product_cat?post=39369"},{"taxonomy":"product_tag","embeddable":true,"href":"https:\/\/e.kosmolat.eu\/lv\/wp-json\/wp\/v2\/product_tag?post=39369"}],"curies":[{"name":"wp","href":"https:\/\/api.w.org\/{rel}","templated":true}]}}