{"id":39357,"date":"2023-12-22T23:14:22","date_gmt":"2023-12-22T23:14:22","guid":{"rendered":"https:\/\/e.kosmolat.eu\/product\/deba-cbd-kermena-zeleja-muscle-relief-150ml\/"},"modified":"2025-01-07T09:51:34","modified_gmt":"2025-01-07T09:51:34","slug":"deba-cbd-kermena-zeleja-muscle-relief-150ml","status":"publish","type":"product","link":"https:\/\/e.kosmolat.eu\/lv\/product\/deba-cbd-kermena-zeleja-muscle-relief-150ml\/","title":{"rendered":"DeBa CBD \u0136erme\u0146a \u017eeleja &#8211; Muscle &#038; Relief, 150ml"},"content":{"rendered":"<p>200 mg kanabidiola. \u017deleja pal\u012bdz mazin\u0101t diskomfortu p\u0113c sporta vai citas fiziskas slodzes. Formula atv\u0113sina un atsvaidzina \u0101du.&nbsp;Kanabidiols uzlabo \u0101das elast\u012bbu.&nbsp;Piparm\u0113tra atv\u0113sina un atsvaidzina.<\/p>\n<p><strong>Lieto&scaron;ana: <\/strong>uzkl\u0101jiet nelielu \u017eelejas daudzumu uz \u0137erme\u0146a \u0101das un viegli iemas\u0113jiet l\u012bdz piln\u012bgai uzs\u016bk&scaron;anai.<\/p>\n","protected":false},"excerpt":{"rendered":"<p>200 mg kanabidiola. \u017deleja pal\u012bdz mazin\u0101t diskomfortu p\u0113c sporta vai citas fiziskas slodzes. Formula atv\u0113sina un atsvaidzina \u0101du.&nbsp;Kanabidiols uzlabo \u0101das elast\u012bbu.&nbsp;Piparm\u0113tra atv\u0113sina un atsvaidzina. Lieto&scaron;ana: uzkl\u0101jiet nelielu \u017eelejas daudzumu uz \u0137erme\u0146a \u0101das un viegli iemas\u0113jiet l\u012bdz piln\u012bgai uzs\u016bk&scaron;anai.<\/p>\n","protected":false},"featured_media":52839,"template":"","meta":[],"product_cat":[1388],"product_tag":[],"class_list":{"0":"post-39357","1":"product","2":"type-product","3":"status-publish","4":"has-post-thumbnail","6":"product_brand-rubella-inopharm-dental-deba-mistergroomer-topten-quackquack","7":"product_cat-kermena-kremi-pienini-sviesti","9":"first","10":"outofstock","11":"taxable","12":"shipping-taxable","13":"product-type-simple"},"_links":{"self":[{"href":"https:\/\/e.kosmolat.eu\/lv\/wp-json\/wp\/v2\/product\/39357","targetHints":{"allow":["GET"]}}],"collection":[{"href":"https:\/\/e.kosmolat.eu\/lv\/wp-json\/wp\/v2\/product"}],"about":[{"href":"https:\/\/e.kosmolat.eu\/lv\/wp-json\/wp\/v2\/types\/product"}],"wp:featuredmedia":[{"embeddable":true,"href":"https:\/\/e.kosmolat.eu\/lv\/wp-json\/wp\/v2\/media\/52839"}],"wp:attachment":[{"href":"https:\/\/e.kosmolat.eu\/lv\/wp-json\/wp\/v2\/media?parent=39357"}],"wp:term":[{"taxonomy":"product_cat","embeddable":true,"href":"https:\/\/e.kosmolat.eu\/lv\/wp-json\/wp\/v2\/product_cat?post=39357"},{"taxonomy":"product_tag","embeddable":true,"href":"https:\/\/e.kosmolat.eu\/lv\/wp-json\/wp\/v2\/product_tag?post=39357"}],"curies":[{"name":"wp","href":"https:\/\/api.w.org\/{rel}","templated":true}]}}