{"id":39349,"date":"2023-12-22T23:13:35","date_gmt":"2023-12-22T23:13:35","guid":{"rendered":"https:\/\/e.kosmolat.eu\/product\/deba-q10-dienas-sejas-krems-mitrinosa-kopsana-50-ml\/"},"modified":"2026-04-22T11:08:28","modified_gmt":"2026-04-22T11:08:28","slug":"deba-q10-dienas-sejas-krems-mitrinosa-kopsana-50-ml","status":"publish","type":"product","link":"https:\/\/e.kosmolat.eu\/lv\/product\/deba-q10-dienas-sejas-krems-mitrinosa-kopsana-50-ml\/","title":{"rendered":"DeBa Q10 Dienas sejas kr\u0113ms, mitrino\u0161a kop\u0161ana, 50 ml"},"content":{"rendered":"<p>RUBELLA DeBa Q10 Dienas sejas kr\u0113ms, mitrino\u0161a kop\u0161ana<br \/>\nInovat\u012bva formula ar sp\u0113c\u012bgu mitrino\u0161u koenz\u012bmu Q10, 4D hialuronsk\u0101bi un \u0161\u012b sviestu. Mitrina \u0101du un saglab\u0101 t\u0101s dabisko mitruma l\u012bdzsvaru, kas samazina pirmo grumbu ra\u0161an\u0101s risku.<br \/>\nAkt\u012bv\u0101s sast\u0101vda\u013cas un to iedarb\u012bba:<br \/>\nKoenz\u012bms Q10 &ndash; sp\u0113c\u012bgs antioksidants, stimul\u0113 dabisko \u0101das atjauno\u0161anos un ilg\u0101k saglab\u0101 to svaigu.<br \/>\n4D hialuronsk\u0101be &ndash; mitrina un uztur optim\u0101lu mitruma l\u012bmeni<br \/>\n&Scaron;\u012b sviests &ndash; saglab\u0101 mitrumu \u0101d\u0101 un saglab\u0101 t\u0101s elast\u012bbu<\/p>\n<p>Norm\u0101lai un taukainai \u0101dai, ikdienas lieto\u0161anai.<br \/>\nPiem\u0113rots veg\u0101niem.<\/p>\n<p>Lieto\u0161ana: Uzkl\u0101jiet kr\u0113mu uz att\u012br\u012btas sejas un kakla \u0101das no r\u012bta. Ier\u012bv\u0113jiet kr\u0113mu un maigi iemas\u0113jiet, l\u012bdz tas piln\u012bb\u0101 uzs\u016bcas.<br \/>\n&nbsp;<\/p>\n","protected":false},"excerpt":{"rendered":"<p>RUBELLA DeBa Q10 Dienas sejas kr\u0113ms, mitrino\u0161a kop\u0161ana Inovat\u012bva formula ar sp\u0113c\u012bgu mitrino\u0161u koenz\u012bmu Q10, 4D hialuronsk\u0101bi un \u0161\u012b sviestu. Mitrina \u0101du un saglab\u0101 t\u0101s dabisko mitruma l\u012bdzsvaru, kas samazina pirmo grumbu ra\u0161an\u0101s risku. Akt\u012bv\u0101s sast\u0101vda\u013cas un to iedarb\u012bba: Koenz\u012bms Q10 &ndash; sp\u0113c\u012bgs antioksidants, stimul\u0113 dabisko \u0101das atjauno\u0161anos un ilg\u0101k saglab\u0101 to svaigu. 4D hialuronsk\u0101be [&#8230;]\n","protected":false},"featured_media":100416,"template":"","meta":[],"product_cat":[1320],"product_tag":[],"class_list":{"0":"post-39349","1":"product","2":"type-product","3":"status-publish","4":"has-post-thumbnail","6":"product_brand-rubella-bg","7":"product_cat-sejas-kremi","9":"first","10":"instock","11":"taxable","12":"shipping-taxable","13":"product-type-simple"},"_links":{"self":[{"href":"https:\/\/e.kosmolat.eu\/lv\/wp-json\/wp\/v2\/product\/39349","targetHints":{"allow":["GET"]}}],"collection":[{"href":"https:\/\/e.kosmolat.eu\/lv\/wp-json\/wp\/v2\/product"}],"about":[{"href":"https:\/\/e.kosmolat.eu\/lv\/wp-json\/wp\/v2\/types\/product"}],"wp:featuredmedia":[{"embeddable":true,"href":"https:\/\/e.kosmolat.eu\/lv\/wp-json\/wp\/v2\/media\/100416"}],"wp:attachment":[{"href":"https:\/\/e.kosmolat.eu\/lv\/wp-json\/wp\/v2\/media?parent=39349"}],"wp:term":[{"taxonomy":"product_cat","embeddable":true,"href":"https:\/\/e.kosmolat.eu\/lv\/wp-json\/wp\/v2\/product_cat?post=39349"},{"taxonomy":"product_tag","embeddable":true,"href":"https:\/\/e.kosmolat.eu\/lv\/wp-json\/wp\/v2\/product_tag?post=39349"}],"curies":[{"name":"wp","href":"https:\/\/api.w.org\/{rel}","templated":true}]}}