{"id":39341,"date":"2023-12-22T23:13:06","date_gmt":"2023-12-22T23:13:06","guid":{"rendered":"https:\/\/e.kosmolat.eu\/product\/deba-q10-sejas-nakts-krems-maska-50-ml\/"},"modified":"2026-04-22T11:08:12","modified_gmt":"2026-04-22T11:08:12","slug":"deba-q10-sejas-nakts-krems-maska-50-ml","status":"publish","type":"product","link":"https:\/\/e.kosmolat.eu\/lv\/product\/deba-q10-sejas-nakts-krems-maska-50-ml\/","title":{"rendered":"DeBa Q10 Sejas nakts kr\u0113ms &#038; maska, 50 ml"},"content":{"rendered":"<p>RUBELLA DeBa Q10 Sejas nakts kr\u0113ms un maska<br \/>\nSatur Q10 koenz\u012bmu, v\u012bnogu kauli\u0146u e\u013c\u013cu, vitam\u012bnu kompleksu (A+E vitam\u012bns). Baro, mitrina un uzlabo \u0101das elast\u012bbu, pal\u012bdz c\u012bn\u012bties ar pirmaj\u0101m grumb\u0101m. Formula darbojas nakt\u012b, kad \u0101da visvair\u0101k uztver akt\u012bv\u0101s sast\u0101vda\u013cas.<br \/>\nAkt\u012bv\u0101s sast\u0101vda\u013cas un to iedarb\u012bba:<br \/>\nKoenz\u012bms Q10 &ndash; sp\u0113c\u012bgs antioksidants, stimul\u0113 dabisko \u0101das atjauno\u0161anos un ilg\u0101k saglab\u0101 to svaigu.<br \/>\nVitam\u012bnu komplekss \/A+E\/ &#8211; baro un atjauno dabisko lip\u012bdu saturu \u0101d\u0101<br \/>\nV\u012bnogu kauli\u0146u e\u013c\u013ca &ndash; pal\u012bdz toniz\u0113t un savelk \u0101du<br \/>\nNorm\u0101lai un sausai \u0101dai, ikdienas lieto\u0161anai.<br \/>\nPiem\u0113rots veg\u0101niem.<br \/>\nLieto\u0161ana: Uzkl\u0101jiet biezu sl\u0101ni uz att\u012br\u012btas sejas un kakla \u0101das. Ier\u012bv\u0113 kr\u0113mu un masku un maigi iemas\u0113, l\u012bdz tas piln\u012bb\u0101 uzs\u016bcas.<br \/>\n&nbsp;<\/p>\n","protected":false},"excerpt":{"rendered":"<p>RUBELLA DeBa Q10 Sejas nakts kr\u0113ms un maska Satur Q10 koenz\u012bmu, v\u012bnogu kauli\u0146u e\u013c\u013cu, vitam\u012bnu kompleksu (A+E vitam\u012bns). Baro, mitrina un uzlabo \u0101das elast\u012bbu, pal\u012bdz c\u012bn\u012bties ar pirmaj\u0101m grumb\u0101m. Formula darbojas nakt\u012b, kad \u0101da visvair\u0101k uztver akt\u012bv\u0101s sast\u0101vda\u013cas. Akt\u012bv\u0101s sast\u0101vda\u013cas un to iedarb\u012bba: Koenz\u012bms Q10 &ndash; sp\u0113c\u012bgs antioksidants, stimul\u0113 dabisko \u0101das atjauno\u0161anos un ilg\u0101k saglab\u0101 [&#8230;]\n","protected":false},"featured_media":99498,"template":"","meta":[],"product_cat":[1320],"product_tag":[],"class_list":{"0":"post-39341","1":"product","2":"type-product","3":"status-publish","4":"has-post-thumbnail","6":"product_brand-rubella-bg","7":"product_cat-sejas-kremi","9":"first","10":"instock","11":"taxable","12":"shipping-taxable","13":"product-type-simple"},"_links":{"self":[{"href":"https:\/\/e.kosmolat.eu\/lv\/wp-json\/wp\/v2\/product\/39341","targetHints":{"allow":["GET"]}}],"collection":[{"href":"https:\/\/e.kosmolat.eu\/lv\/wp-json\/wp\/v2\/product"}],"about":[{"href":"https:\/\/e.kosmolat.eu\/lv\/wp-json\/wp\/v2\/types\/product"}],"wp:featuredmedia":[{"embeddable":true,"href":"https:\/\/e.kosmolat.eu\/lv\/wp-json\/wp\/v2\/media\/99498"}],"wp:attachment":[{"href":"https:\/\/e.kosmolat.eu\/lv\/wp-json\/wp\/v2\/media?parent=39341"}],"wp:term":[{"taxonomy":"product_cat","embeddable":true,"href":"https:\/\/e.kosmolat.eu\/lv\/wp-json\/wp\/v2\/product_cat?post=39341"},{"taxonomy":"product_tag","embeddable":true,"href":"https:\/\/e.kosmolat.eu\/lv\/wp-json\/wp\/v2\/product_tag?post=39341"}],"curies":[{"name":"wp","href":"https:\/\/api.w.org\/{rel}","templated":true}]}}