{"id":39329,"date":"2023-12-22T23:11:40","date_gmt":"2023-12-22T23:11:40","guid":{"rendered":"https:\/\/e.kosmolat.eu\/product\/deba-maturel-nakts-krems-50ml\/"},"modified":"2025-01-24T06:33:36","modified_gmt":"2025-01-24T06:33:36","slug":"deba-maturel-nakts-krems-50ml","status":"publish","type":"product","link":"https:\/\/e.kosmolat.eu\/lv\/product\/deba-maturel-nakts-krems-50ml\/","title":{"rendered":"DeBa Maturel nakts kr\u0113ms, 50ml"},"content":{"rendered":"<p>RUBELLA DeBa Maturel nakts kr\u0113ms<br \/>\nSatur Sepilift DPHP, \u0161\u012b sviestu un A vitam\u012bnu. DeBa liftinga formula darbojas harmonij\u0101 ar ikvakara \u0101das atjauno\u0161an\u0101s procesu. T\u0101 rezult\u0101t\u0101 no r\u012bta j\u016bs izskat\u0101ties svaiga un atp\u016btusies.<br \/>\nAkt\u012bv\u0101s sast\u0101vda\u013cas un to iedarb\u012bba:<br \/>\nSepilift DPHP &ndash; savelk un pace\u013c \u0101du, uzlabojot t\u0101s mitrin\u0101\u0161anu un elast\u012bbu. Stimul\u0113 kolag\u0113na sint\u0113zi un izl\u012bdzina eso\u0161\u0101s grumbas, vienlaikus pasarg\u0101jot no jaunu veido\u0161an\u0101s. Sepilift DPHP aizsarg\u0101 no br\u012bvo radik\u0101\u013cu kait\u012bg\u0101s ietekmes.<br \/>\n&Scaron;\u012b sviests &ndash; baro epidermu, t\u0101d\u0113j\u0101di uzlabojot t\u0101s elast\u012bbu un maigumu<br \/>\nA vitam\u012bns &ndash; pal\u0113nina noveco\u0161an\u0101s procesu. Pal\u012bdz \u0101dai atjaunoties, uzlabo \u0101das elast\u012bbu<br \/>\nNobriedu\u0161ai \u0101dai, piem\u0113rots ikdienas lieto\u0161anai.<br \/>\nVeg\u0101niem draudz\u012bgs.<br \/>\nLieto\u0161ana: Lietojiet katru vakaru uz perfekti att\u012br\u012btas sejas un kakla. Uzkl\u0101jiet nelielu kr\u0113ma daudzumu. Ar pirkstu galiem iemas\u0113jiet ar viegl\u0101m mas\u0101\u017eas kust\u012bb\u0101m.<br \/>\n&nbsp;<\/p>\n","protected":false},"excerpt":{"rendered":"<p>RUBELLA DeBa Maturel nakts kr\u0113ms Satur Sepilift DPHP, \u0161\u012b sviestu un A vitam\u012bnu. DeBa liftinga formula darbojas harmonij\u0101 ar ikvakara \u0101das atjauno\u0161an\u0101s procesu. T\u0101 rezult\u0101t\u0101 no r\u012bta j\u016bs izskat\u0101ties svaiga un atp\u016btusies. Akt\u012bv\u0101s sast\u0101vda\u013cas un to iedarb\u012bba: Sepilift DPHP &ndash; savelk un pace\u013c \u0101du, uzlabojot t\u0101s mitrin\u0101\u0161anu un elast\u012bbu. Stimul\u0113 kolag\u0113na sint\u0113zi un izl\u012bdzina eso\u0161\u0101s [&#8230;]\n","protected":false},"featured_media":14685,"template":"","meta":[],"product_cat":[1320],"product_tag":[],"class_list":{"0":"post-39329","1":"product","2":"type-product","3":"status-publish","4":"has-post-thumbnail","6":"product_brand-rubella-inopharm-dental-deba-mistergroomer-topten-quackquack","7":"product_cat-sejas-kremi","9":"first","10":"outofstock","11":"taxable","12":"shipping-taxable","13":"product-type-simple"},"_links":{"self":[{"href":"https:\/\/e.kosmolat.eu\/lv\/wp-json\/wp\/v2\/product\/39329","targetHints":{"allow":["GET"]}}],"collection":[{"href":"https:\/\/e.kosmolat.eu\/lv\/wp-json\/wp\/v2\/product"}],"about":[{"href":"https:\/\/e.kosmolat.eu\/lv\/wp-json\/wp\/v2\/types\/product"}],"wp:featuredmedia":[{"embeddable":true,"href":"https:\/\/e.kosmolat.eu\/lv\/wp-json\/wp\/v2\/media\/14685"}],"wp:attachment":[{"href":"https:\/\/e.kosmolat.eu\/lv\/wp-json\/wp\/v2\/media?parent=39329"}],"wp:term":[{"taxonomy":"product_cat","embeddable":true,"href":"https:\/\/e.kosmolat.eu\/lv\/wp-json\/wp\/v2\/product_cat?post=39329"},{"taxonomy":"product_tag","embeddable":true,"href":"https:\/\/e.kosmolat.eu\/lv\/wp-json\/wp\/v2\/product_tag?post=39329"}],"curies":[{"name":"wp","href":"https:\/\/api.w.org\/{rel}","templated":true}]}}