{"id":39309,"date":"2023-12-22T23:09:24","date_gmt":"2023-12-22T23:09:24","guid":{"rendered":"https:\/\/e.kosmolat.eu\/product\/deba-micellar-intima-mazgasanas-zelejaaloe200-ml\/"},"modified":"2026-04-20T11:58:34","modified_gmt":"2026-04-20T11:58:34","slug":"deba-micellar-intima-mazgasanas-zelejaaloe200-ml","status":"publish","type":"product","link":"https:\/\/e.kosmolat.eu\/lv\/product\/deba-micellar-intima-mazgasanas-zelejaaloe200-ml\/","title":{"rendered":"DeBa Micellar int\u012bma mazg\u0101\u0161anas \u017eeleja,Aloe,200 ml"},"content":{"rendered":"<p>DeBa Micel\u0101ra att\u012bro\u0161a int\u012bma mazg\u0101\u0161anas \u017eeleja<br \/>\nDelik\u0101ta kop\u0161ana. Norm\u0101lai \u0101dai.<br \/>\nZems PH 3,5<br \/>\nAr alvejas ekstraktu, piensk\u0101bi un D-pantenolu<\/p>\n<p>Int\u012bma \u017eeleja ir paredz\u0113ta ikdienas kop\u0161anai un int\u012bmai higi\u0113nai. Inovat\u012bva formula, kas bag\u0101tin\u0101ta ar att\u012bro\u0161\u0101m micell\u0101m un piensk\u0101bi. Zema pH v\u0113rt\u012bba 3,5 un augsts piensk\u0101bes saturs. Alvejai ir pretiekaisuma \u012bpa\u0161\u012bbas. Pievienotais D &ndash; pantenols mitrina un nomierina kairin\u0101jumus. G\u0113ls att\u012bra maigi un rada svaiguma saj\u016btu visas dienas garum\u0101. Ieteicams visu vecumu sievie\u0161u int\u012bmo \u0137erme\u0146a da\u013cu maigai kop\u0161anai. Bez agres\u012bv\u0101m sast\u0101vda\u013c\u0101m, ar veg\u0101niem piem\u0113rotu formulu. Norm\u0101lai \u0101dai. Neizraisa kairin\u0101jumu. Dermatolo\u0123iski p\u0101rbaud\u012bts produkts. Lieto\u0161anas nor\u0101d\u012bjums: Uzkl\u0101jiet nelielu daudzumu \u017eelejas un r\u016bp\u012bgi noskalojiet ar \u016bdeni.<br \/>\nTikai \u0101r\u012bgai lieto\u0161anai.<br \/>\n&nbsp;<\/p>\n","protected":false},"excerpt":{"rendered":"<p>DeBa Micel\u0101ra att\u012bro\u0161a int\u012bma mazg\u0101\u0161anas \u017eeleja Delik\u0101ta kop\u0161ana. Norm\u0101lai \u0101dai. Zems PH 3,5 Ar alvejas ekstraktu, piensk\u0101bi un D-pantenolu Int\u012bma \u017eeleja ir paredz\u0113ta ikdienas kop\u0161anai un int\u012bmai higi\u0113nai. Inovat\u012bva formula, kas bag\u0101tin\u0101ta ar att\u012bro\u0161\u0101m micell\u0101m un piensk\u0101bi. Zema pH v\u0113rt\u012bba 3,5 un augsts piensk\u0101bes saturs. Alvejai ir pretiekaisuma \u012bpa\u0161\u012bbas. Pievienotais D &ndash; pantenols mitrina un [&#8230;]\n","protected":false},"featured_media":100408,"template":"","meta":[],"product_cat":[1374],"product_tag":[],"class_list":{"0":"post-39309","1":"product","2":"type-product","3":"status-publish","4":"has-post-thumbnail","6":"product_brand-rubella-bg","7":"product_cat-intymi-higiena","9":"first","10":"instock","11":"taxable","12":"shipping-taxable","13":"product-type-simple"},"_links":{"self":[{"href":"https:\/\/e.kosmolat.eu\/lv\/wp-json\/wp\/v2\/product\/39309","targetHints":{"allow":["GET"]}}],"collection":[{"href":"https:\/\/e.kosmolat.eu\/lv\/wp-json\/wp\/v2\/product"}],"about":[{"href":"https:\/\/e.kosmolat.eu\/lv\/wp-json\/wp\/v2\/types\/product"}],"wp:featuredmedia":[{"embeddable":true,"href":"https:\/\/e.kosmolat.eu\/lv\/wp-json\/wp\/v2\/media\/100408"}],"wp:attachment":[{"href":"https:\/\/e.kosmolat.eu\/lv\/wp-json\/wp\/v2\/media?parent=39309"}],"wp:term":[{"taxonomy":"product_cat","embeddable":true,"href":"https:\/\/e.kosmolat.eu\/lv\/wp-json\/wp\/v2\/product_cat?post=39309"},{"taxonomy":"product_tag","embeddable":true,"href":"https:\/\/e.kosmolat.eu\/lv\/wp-json\/wp\/v2\/product_tag?post=39309"}],"curies":[{"name":"wp","href":"https:\/\/api.w.org\/{rel}","templated":true}]}}