{"id":39285,"date":"2023-12-22T23:07:18","date_gmt":"2023-12-22T23:07:18","guid":{"rendered":"https:\/\/e.kosmolat.eu\/product\/lb-lidz-mut-dob-slal-total-ar-jur-sali-ingveru-800-ml\/"},"modified":"2024-03-21T21:54:22","modified_gmt":"2024-03-21T21:54:22","slug":"lb-lidz-mut-dob-slal-total-ar-jur-sali-ingveru-800-ml","status":"publish","type":"product","link":"https:\/\/e.kosmolat.eu\/lv\/product\/lb-lidz-mut-dob-slal-total-ar-jur-sali-ingveru-800-ml\/","title":{"rendered":"LB L\u012bdz.mut.dob.slal TOTAL ar j\u016br.s\u0101li, ingveru, 800 ml"},"content":{"rendered":"<p>Antiaplikums + aizsardz\u012bba pret kariesu.<\/p>\n<ul>\n<li>No\u0146em aplikumu pat starpzobu spraug\u0101s.<\/li>\n<li>Pal\u012bdz kav\u0113t zobu un smaganu aplikuma posto\u0161o darb\u012bbu.<\/li>\n<li>Atjauno emalju un stiprina smaganas, mazinot nopietnu mutes dobuma probl\u0113mu ra\u0161an\u0101s riskus.<\/li>\n<\/ul>\n<p>Maksim\u0101lu efektu var sasniegt lietojot kop\u0101 ar zobu pastu.<\/p>\n<p><strong>Lieto\u0161ana:<\/strong> piepildiet v\u0101ci\u0146u ar skalo\u0161anas l\u012bdzekli. Skalojiet mutes dobumu 30 sekundes. Lietot p\u0113c \u0113\u0161anas un zobu t\u012br\u012b\u0161anas.<\/p>\n<p>Fluor\u012bdu masas da\u013ca 0,02%. Satur n\u0101trija fluor\u012bdu. Nenor\u012bt. Nelietot b\u0113rniem l\u012bdz 6 gadu vecumam bez speci\u0101la stomatologa nor\u0101d\u012bjuma.&nbsp;Ir pie\u013caujamas nenoz\u012bm\u012bgas nogulsnes sakar\u0101 ar dab\u012bg\u0101m l\u012bdzek\u013ca sast\u0101vda\u013c\u0101m. Tas neietekm\u0113 produkta kvalit\u0101ti un dro\u0161umu. Lieto\u0161ana p\u0101rtikas nol\u016bkos nav pie\u013caujama. Nav \u0101rstniecisks l\u012bdzeklis. L\u012bdzek\u013ca lieto\u0161ana neatbr\u012bvo no stomatologa apmekl\u0113\u0161anas.<\/p>\n","protected":false},"excerpt":{"rendered":"<p>Antiaplikums + aizsardz\u012bba pret kariesu. No\u0146em aplikumu pat starpzobu spraug\u0101s. Pal\u012bdz kav\u0113t zobu un smaganu aplikuma posto\u0161o darb\u012bbu. Atjauno emalju un stiprina smaganas, mazinot nopietnu mutes dobuma probl\u0113mu ra\u0161an\u0101s riskus. Maksim\u0101lu efektu var sasniegt lietojot kop\u0101 ar zobu pastu. Lieto\u0161ana: piepildiet v\u0101ci\u0146u ar skalo\u0161anas l\u012bdzekli. Skalojiet mutes dobumu 30 sekundes. Lietot p\u0113c \u0113\u0161anas un zobu [&#8230;]\n","protected":false},"featured_media":4546,"template":"","meta":[],"product_cat":[1311],"product_tag":[],"class_list":{"0":"post-39285","1":"product","2":"type-product","3":"status-publish","4":"has-post-thumbnail","6":"product_brand-unilever-rus","7":"product_cat-mutes-skalotaji","9":"first","10":"outofstock","11":"taxable","12":"shipping-taxable","13":"product-type-simple"},"_links":{"self":[{"href":"https:\/\/e.kosmolat.eu\/lv\/wp-json\/wp\/v2\/product\/39285","targetHints":{"allow":["GET"]}}],"collection":[{"href":"https:\/\/e.kosmolat.eu\/lv\/wp-json\/wp\/v2\/product"}],"about":[{"href":"https:\/\/e.kosmolat.eu\/lv\/wp-json\/wp\/v2\/types\/product"}],"wp:featuredmedia":[{"embeddable":true,"href":"https:\/\/e.kosmolat.eu\/lv\/wp-json\/wp\/v2\/media\/4546"}],"wp:attachment":[{"href":"https:\/\/e.kosmolat.eu\/lv\/wp-json\/wp\/v2\/media?parent=39285"}],"wp:term":[{"taxonomy":"product_cat","embeddable":true,"href":"https:\/\/e.kosmolat.eu\/lv\/wp-json\/wp\/v2\/product_cat?post=39285"},{"taxonomy":"product_tag","embeddable":true,"href":"https:\/\/e.kosmolat.eu\/lv\/wp-json\/wp\/v2\/product_tag?post=39285"}],"curies":[{"name":"wp","href":"https:\/\/api.w.org\/{rel}","templated":true}]}}