{"id":39277,"date":"2023-12-22T23:06:26","date_gmt":"2023-12-22T23:06:26","guid":{"rendered":"https:\/\/e.kosmolat.eu\/product\/uti-puti-bernu-krems-mitrinoss-75-ml\/"},"modified":"2026-04-23T07:32:16","modified_gmt":"2026-04-23T07:32:16","slug":"uti-puti-bernu-krems-mitrinoss-75-ml","status":"publish","type":"product","link":"https:\/\/e.kosmolat.eu\/lv\/product\/uti-puti-bernu-krems-mitrinoss-75-ml\/","title":{"rendered":"UTI-PUTI B\u0113rnu kr\u0113ms Mitrino\u0161s, 75 ml"},"content":{"rendered":"<p>B\u0113rnu kr\u0113ms ar alanto\u012bnu, glicer\u012bnu, D-pantenolu, \u0101bolu un irbenes ekstraktiem un kvie\u0161u prote\u012bniem saudz\u012bgi kopj maigo b\u0113rna \u0101du, nomierina, mitrina, mazina kairin\u0101jumu un nov\u0113r\u0161 t\u0101 ra\u0161anos. Kr\u0113ms ir piem\u0113rots mazu\u013ca \u0137erme\u0146a kop\u0161anai no pirmaj\u0101m dien\u0101m, tostarp \u0101das aizsardz\u012bbai pret nelabv\u0113l\u012bgu laikapst\u0101k\u013cu iedarb\u012bbas. Neizraisa aler\u0123iskas reakcijas. Labi uzkl\u0101jas, \u0101tri uzs\u016bcas.<\/p>\n<p><strong>Lieto\u0161ana:<\/strong> uzkl\u0101t uz \u0101das ar viegl\u0101m mas\u0101\u017eas kust\u012bb\u0101m, l\u012bdz kr\u0113ms piln\u012bb\u0101 uzs\u016bcas.<\/p>\n<p><strong>Piesardz\u012bbas pas\u0101kumi:<\/strong> tikai \u0101r\u012bgai lieto\u0161anai, ja iek\u013c\u016bst ac\u012bs, r\u016bp\u012bgi izskalot ar lielu daudzumu teko\u0161a \u016bdens.<\/p>\n<p><strong>Uzglab\u0101\u0161ana:<\/strong> temperat\u016br\u0101 no +5&deg;C l\u012bdz +25&deg;C, sarg\u0101jot no tie\u0161iem saules stariem.<\/p>\n<p><strong>Der\u012bguma termi\u0146\u0161:<\/strong> 36 m\u0113ne\u0161i.<br \/>\n&nbsp;<\/p>\n","protected":false},"excerpt":{"rendered":"<p>B\u0113rnu kr\u0113ms ar alanto\u012bnu, glicer\u012bnu, D-pantenolu, \u0101bolu un irbenes ekstraktiem un kvie\u0161u prote\u012bniem saudz\u012bgi kopj maigo b\u0113rna \u0101du, nomierina, mitrina, mazina kairin\u0101jumu un nov\u0113r\u0161 t\u0101 ra\u0161anos. Kr\u0113ms ir piem\u0113rots mazu\u013ca \u0137erme\u0146a kop\u0161anai no pirmaj\u0101m dien\u0101m, tostarp \u0101das aizsardz\u012bbai pret nelabv\u0113l\u012bgu laikapst\u0101k\u013cu iedarb\u012bbas. Neizraisa aler\u0123iskas reakcijas. Labi uzkl\u0101jas, \u0101tri uzs\u016bcas. Lieto\u0161ana: uzkl\u0101t uz \u0101das ar viegl\u0101m [&#8230;]\n","protected":false},"featured_media":101358,"template":"","meta":[],"product_cat":[1999],"product_tag":[],"class_list":{"0":"post-39277","1":"product","2":"type-product","3":"status-publish","4":"has-post-thumbnail","6":"product_brand-slobozanskij-milovar_ua","7":"product_cat-bez-kategorijas","9":"first","10":"instock","11":"taxable","12":"shipping-taxable","13":"product-type-simple"},"_links":{"self":[{"href":"https:\/\/e.kosmolat.eu\/lv\/wp-json\/wp\/v2\/product\/39277","targetHints":{"allow":["GET"]}}],"collection":[{"href":"https:\/\/e.kosmolat.eu\/lv\/wp-json\/wp\/v2\/product"}],"about":[{"href":"https:\/\/e.kosmolat.eu\/lv\/wp-json\/wp\/v2\/types\/product"}],"wp:featuredmedia":[{"embeddable":true,"href":"https:\/\/e.kosmolat.eu\/lv\/wp-json\/wp\/v2\/media\/101358"}],"wp:attachment":[{"href":"https:\/\/e.kosmolat.eu\/lv\/wp-json\/wp\/v2\/media?parent=39277"}],"wp:term":[{"taxonomy":"product_cat","embeddable":true,"href":"https:\/\/e.kosmolat.eu\/lv\/wp-json\/wp\/v2\/product_cat?post=39277"},{"taxonomy":"product_tag","embeddable":true,"href":"https:\/\/e.kosmolat.eu\/lv\/wp-json\/wp\/v2\/product_tag?post=39277"}],"curies":[{"name":"wp","href":"https:\/\/api.w.org\/{rel}","templated":true}]}}