{"id":39273,"date":"2023-12-22T23:05:57","date_gmt":"2023-12-22T23:05:57","guid":{"rendered":"https:\/\/e.kosmolat.eu\/product\/uti-puti-bernu-krems-aizsargajoss-75-ml\/"},"modified":"2026-04-23T07:32:02","modified_gmt":"2026-04-23T07:32:02","slug":"uti-puti-bernu-krems-aizsargajoss-75-ml","status":"publish","type":"product","link":"https:\/\/e.kosmolat.eu\/lv\/product\/uti-puti-bernu-krems-aizsargajoss-75-ml\/","title":{"rendered":"UTI-PUTI B\u0113rnu kr\u0113ms Aizsarg\u0101jo\u0161s, 75 ml"},"content":{"rendered":"<p>Univers\u0101ls kr\u0113ms \u012bpa\u0161i jut\u012bgai \u0101dai. Piem\u0113rots b\u0113rnu \u0101das ikdienas kop\u0161anai. R\u016bp\u012bgi kopj un maigi mitrina, nov\u0113r\u0161ot izsutumu par\u0101d\u012b\u0161anos, lietojot auti\u0146biks\u012btes. Dro\u0161i pasarg\u0101s b\u0113rna maigo \u0101du no saules un v\u0113ja, atrodoties svaig\u0101 gais\u0101. Pal\u012bdz saglab\u0101t maig\u0101s un jut\u012bg\u0101s mazu\u013ca \u0101das vesel\u012bbu, lietojot auti\u0146biks\u012btes. Kosm\u0113tikas l\u012bdzek\u013ca formula satur alanto\u012bnu, glicer\u012bnu, D-pantenolu, k\u0101 ar\u012b mande\u013cu e\u013c\u013cu un kumel\u012b\u0161u ekstraktu.<\/p>\n<p><strong>Lieto\u0161ana: <\/strong>uzkl\u0101t uz \u0101das ar viegl\u0101m mas\u0101\u017eas kust\u012bb\u0101m, l\u012bdz kr\u0113ms piln\u012bb\u0101 uzs\u016bcas.<\/p>\n<p><strong>Piesardz\u012bbas pas\u0101kumi: <\/strong>tikai \u0101r\u012bgai lieto\u0161anai, ja iek\u013c\u016bst ac\u012bs, r\u016bp\u012bgi izskalot ar lielu daudzumu teko\u0161a \u016bdens.<\/p>\n<p><strong>Uzglab\u0101\u0161ana:<\/strong> temperat\u016br\u0101 no +5&deg;C l\u012bdz +25&deg;C, sarg\u0101jot no tie\u0161iem saules stariem.<\/p>\n<p><strong>Der\u012bguma termi\u0146\u0161:<\/strong> 36 m\u0113ne\u0161i.<br \/>\n&nbsp;<\/p>\n","protected":false},"excerpt":{"rendered":"<p>Univers\u0101ls kr\u0113ms \u012bpa\u0161i jut\u012bgai \u0101dai. Piem\u0113rots b\u0113rnu \u0101das ikdienas kop\u0161anai. R\u016bp\u012bgi kopj un maigi mitrina, nov\u0113r\u0161ot izsutumu par\u0101d\u012b\u0161anos, lietojot auti\u0146biks\u012btes. Dro\u0161i pasarg\u0101s b\u0113rna maigo \u0101du no saules un v\u0113ja, atrodoties svaig\u0101 gais\u0101. Pal\u012bdz saglab\u0101t maig\u0101s un jut\u012bg\u0101s mazu\u013ca \u0101das vesel\u012bbu, lietojot auti\u0146biks\u012btes. Kosm\u0113tikas l\u012bdzek\u013ca formula satur alanto\u012bnu, glicer\u012bnu, D-pantenolu, k\u0101 ar\u012b mande\u013cu e\u013c\u013cu un kumel\u012b\u0161u [&#8230;]\n","protected":false},"featured_media":101354,"template":"","meta":[],"product_cat":[1999],"product_tag":[],"class_list":{"0":"post-39273","1":"product","2":"type-product","3":"status-publish","4":"has-post-thumbnail","6":"product_brand-slobozanskij-milovar_ua","7":"product_cat-bez-kategorijas","9":"first","10":"instock","11":"taxable","12":"shipping-taxable","13":"product-type-simple"},"_links":{"self":[{"href":"https:\/\/e.kosmolat.eu\/lv\/wp-json\/wp\/v2\/product\/39273","targetHints":{"allow":["GET"]}}],"collection":[{"href":"https:\/\/e.kosmolat.eu\/lv\/wp-json\/wp\/v2\/product"}],"about":[{"href":"https:\/\/e.kosmolat.eu\/lv\/wp-json\/wp\/v2\/types\/product"}],"wp:featuredmedia":[{"embeddable":true,"href":"https:\/\/e.kosmolat.eu\/lv\/wp-json\/wp\/v2\/media\/101354"}],"wp:attachment":[{"href":"https:\/\/e.kosmolat.eu\/lv\/wp-json\/wp\/v2\/media?parent=39273"}],"wp:term":[{"taxonomy":"product_cat","embeddable":true,"href":"https:\/\/e.kosmolat.eu\/lv\/wp-json\/wp\/v2\/product_cat?post=39273"},{"taxonomy":"product_tag","embeddable":true,"href":"https:\/\/e.kosmolat.eu\/lv\/wp-json\/wp\/v2\/product_tag?post=39273"}],"curies":[{"name":"wp","href":"https:\/\/api.w.org\/{rel}","templated":true}]}}