{"id":39269,"date":"2023-12-22T23:05:35","date_gmt":"2023-12-22T23:05:35","guid":{"rendered":"https:\/\/e.kosmolat.eu\/product\/uti-puti-bernu-sampuns-auzu-pienins-un-proteini-200-ml\/"},"modified":"2026-04-21T09:19:44","modified_gmt":"2026-04-21T09:19:44","slug":"uti-puti-bernu-sampuns-auzu-pienins-un-proteini-200-ml","status":"publish","type":"product","link":"https:\/\/e.kosmolat.eu\/lv\/product\/uti-puti-bernu-sampuns-auzu-pienins-un-proteini-200-ml\/","title":{"rendered":"UTI-PUTI B\u0113rnu \u0161amp\u016bns Auzu pieni\u0146\u0161 un prote\u012bni, 200 ml"},"content":{"rendered":"<p>Maigs &scaron;amp\u016bns jebkura vecuma b\u0113rniem. Piem\u0113rots jut\u012bgai b\u0113rna \u0101dai. Efekt\u012bvi att\u012bra mazu\u013ca galvas \u0101du un matus. Auzu pieni\u0146&scaron; un kvie&scaron;u d\u012bg\u013cu prote\u012bni &scaron;amp\u016bna sast\u0101v\u0101 ir bag\u0101ti ar aminosk\u0101b\u0113m un cit\u0101m v\u0113rt\u012bg\u0101m viel\u0101m, kam piem\u012bt mitrino&scaron;as, m\u012bkstino&scaron;as un nomierino&scaron;as \u012bpa&scaron;\u012bbas. Nekairina acis, ar antistatisko efektu.&nbsp;<\/p>\n<p><strong>Lieto&scaron;ana:<\/strong> uzkl\u0101t uz mitriem matiem, saputot, izskalot ar \u016bdeni.&nbsp;<\/p>\n<p><strong>Piesardz\u012bbas pas\u0101kumi:<\/strong> ja iek\u013c\u016bst ac\u012bs, r\u016bp\u012bgi izskalojiet ar lielu daudzumu teko&scaron;a \u016bdens.<\/p>\n<p><strong>Uzglab\u0101&scaron;ana:<\/strong> temperat\u016br\u0101 no +5&deg;C l\u012bdz +25&deg;C, sarg\u0101jot no tie&scaron;iem saules stariem.<\/p>\n<p><strong>Der\u012bguma termi\u0146&scaron;:<\/strong> 36 m\u0113ne&scaron;i.<br \/>\n&nbsp;<\/p>\n","protected":false},"excerpt":{"rendered":"<p>Maigs &scaron;amp\u016bns jebkura vecuma b\u0113rniem. Piem\u0113rots jut\u012bgai b\u0113rna \u0101dai. Efekt\u012bvi att\u012bra mazu\u013ca galvas \u0101du un matus. Auzu pieni\u0146&scaron; un kvie&scaron;u d\u012bg\u013cu prote\u012bni &scaron;amp\u016bna sast\u0101v\u0101 ir bag\u0101ti ar aminosk\u0101b\u0113m un cit\u0101m v\u0113rt\u012bg\u0101m viel\u0101m, kam piem\u012bt mitrino&scaron;as, m\u012bkstino&scaron;as un nomierino&scaron;as \u012bpa&scaron;\u012bbas. Nekairina acis, ar antistatisko efektu.&nbsp; Lieto&scaron;ana: uzkl\u0101t uz mitriem matiem, saputot, izskalot ar \u016bdeni.&nbsp; Piesardz\u012bbas pas\u0101kumi: [&#8230;]\n","protected":false},"featured_media":99952,"template":"","meta":[],"product_cat":[1999],"product_tag":[],"class_list":{"0":"post-39269","1":"product","2":"type-product","3":"status-publish","4":"has-post-thumbnail","6":"product_brand-slobozanskij-milovar_ua","7":"product_cat-bez-kategorijas","9":"first","10":"instock","11":"taxable","12":"shipping-taxable","13":"product-type-simple"},"_links":{"self":[{"href":"https:\/\/e.kosmolat.eu\/lv\/wp-json\/wp\/v2\/product\/39269","targetHints":{"allow":["GET"]}}],"collection":[{"href":"https:\/\/e.kosmolat.eu\/lv\/wp-json\/wp\/v2\/product"}],"about":[{"href":"https:\/\/e.kosmolat.eu\/lv\/wp-json\/wp\/v2\/types\/product"}],"wp:featuredmedia":[{"embeddable":true,"href":"https:\/\/e.kosmolat.eu\/lv\/wp-json\/wp\/v2\/media\/99952"}],"wp:attachment":[{"href":"https:\/\/e.kosmolat.eu\/lv\/wp-json\/wp\/v2\/media?parent=39269"}],"wp:term":[{"taxonomy":"product_cat","embeddable":true,"href":"https:\/\/e.kosmolat.eu\/lv\/wp-json\/wp\/v2\/product_cat?post=39269"},{"taxonomy":"product_tag","embeddable":true,"href":"https:\/\/e.kosmolat.eu\/lv\/wp-json\/wp\/v2\/product_tag?post=39269"}],"curies":[{"name":"wp","href":"https:\/\/api.w.org\/{rel}","templated":true}]}}