{"id":39265,"date":"2023-12-22T23:05:08","date_gmt":"2023-12-22T23:05:08","guid":{"rendered":"https:\/\/e.kosmolat.eu\/product\/hl-sampuns-visai-gmenei-natre-un-salvija-1-l\/"},"modified":"2025-05-30T13:51:02","modified_gmt":"2025-05-30T13:51:02","slug":"hl-sampuns-visai-gmenei-natre-un-salvija-1-l","status":"publish","type":"product","link":"https:\/\/e.kosmolat.eu\/lv\/product\/hl-sampuns-visai-gmenei-natre-un-salvija-1-l\/","title":{"rendered":"HL \u0160amp\u016bns visai \u0123menei N\u0101tre un salvija, 1 l"},"content":{"rendered":"<p>Efekt\u012bva matu att\u012br\u012b\u0161ana visai \u0123imenei. Satur dab\u012bg\u0101s sast\u0101vda\u013cas veseliem un sp\u012bd\u012bgiem matiem. &Scaron;amp\u016bn\u0101 eso\u0161ie n\u0101tres un salvijas ekstrakti stiprina, toniz\u0113 un baro matus, normaliz\u0113 tauku dziedzeru darb\u012bbu, uzlabo asinsriti un nov\u0113r\u0161 blaugznu veido\u0161anos.<\/p>\n<p><strong>Lieto\u0161ana: <\/strong>uzkl\u0101t uz mitriem matiem, saputot un noskalot ar \u016bdeni.<\/p>\n<p><strong>Piesardz\u012bbas pas\u0101kumi: <\/strong>Nenor\u012bt! Ja iek\u013c\u016bst ac\u012bs, skalot ar lielu daudzumu teko\u0161a \u016bdens.<\/p>\n<p><strong>Der\u012bguma termi\u0146\u0161: <\/strong>36 m\u0113ne\u0161i.<\/p>\n<p><strong>Uzglab\u0101\u0161ana:<\/strong> temperat\u016br\u0101 no +5&deg;C l\u012bdz +25&deg;C, sarg\u0101jot no tie\u0161iem saules stariem.<br \/>\n&nbsp;<\/p>\n","protected":false},"excerpt":{"rendered":"<p>Efekt\u012bva matu att\u012br\u012b\u0161ana visai \u0123imenei. Satur dab\u012bg\u0101s sast\u0101vda\u013cas veseliem un sp\u012bd\u012bgiem matiem. &Scaron;amp\u016bn\u0101 eso\u0161ie n\u0101tres un salvijas ekstrakti stiprina, toniz\u0113 un baro matus, normaliz\u0113 tauku dziedzeru darb\u012bbu, uzlabo asinsriti un nov\u0113r\u0161 blaugznu veido\u0161anos. Lieto\u0161ana: uzkl\u0101t uz mitriem matiem, saputot un noskalot ar \u016bdeni. Piesardz\u012bbas pas\u0101kumi: Nenor\u012bt! Ja iek\u013c\u016bst ac\u012bs, skalot ar lielu daudzumu teko\u0161a \u016bdens. [&#8230;]\n","protected":false},"featured_media":28099,"template":"","meta":[],"product_cat":[1999],"product_tag":[],"class_list":{"0":"post-39265","1":"product","2":"type-product","3":"status-publish","4":"has-post-thumbnail","6":"product_brand-slobozanskij-milovar_ua","7":"product_cat-bez-kategorijas","9":"first","10":"outofstock","11":"taxable","12":"shipping-taxable","13":"product-type-simple"},"_links":{"self":[{"href":"https:\/\/e.kosmolat.eu\/lv\/wp-json\/wp\/v2\/product\/39265","targetHints":{"allow":["GET"]}}],"collection":[{"href":"https:\/\/e.kosmolat.eu\/lv\/wp-json\/wp\/v2\/product"}],"about":[{"href":"https:\/\/e.kosmolat.eu\/lv\/wp-json\/wp\/v2\/types\/product"}],"wp:featuredmedia":[{"embeddable":true,"href":"https:\/\/e.kosmolat.eu\/lv\/wp-json\/wp\/v2\/media\/28099"}],"wp:attachment":[{"href":"https:\/\/e.kosmolat.eu\/lv\/wp-json\/wp\/v2\/media?parent=39265"}],"wp:term":[{"taxonomy":"product_cat","embeddable":true,"href":"https:\/\/e.kosmolat.eu\/lv\/wp-json\/wp\/v2\/product_cat?post=39265"},{"taxonomy":"product_tag","embeddable":true,"href":"https:\/\/e.kosmolat.eu\/lv\/wp-json\/wp\/v2\/product_tag?post=39265"}],"curies":[{"name":"wp","href":"https:\/\/api.w.org\/{rel}","templated":true}]}}