{"id":39261,"date":"2023-12-22T23:04:38","date_gmt":"2023-12-22T23:04:38","guid":{"rendered":"https:\/\/e.kosmolat.eu\/product\/hl-sampuns-visai-gmenei-olivas-un-alus-rauga-proteini-1-l\/"},"modified":"2025-05-23T10:50:45","modified_gmt":"2025-05-23T10:50:45","slug":"hl-sampuns-visai-gmenei-olivas-un-alus-rauga-proteini-1-l","status":"publish","type":"product","link":"https:\/\/e.kosmolat.eu\/lv\/product\/hl-sampuns-visai-gmenei-olivas-un-alus-rauga-proteini-1-l\/","title":{"rendered":"HL \u0160amp\u016bns visai \u0123menei Ol\u012bvas un alus rauga prote\u012bni, 1 l"},"content":{"rendered":"<p>&Scaron;amp\u016bns matu stiprin\u0101\u0161anai visai \u0123imenei, satur dab\u012bg\u0101s sast\u0101vda\u013cas veseliem un sp\u012bd\u012bgiem matiem. Alus rauga prote\u012bni stiprina matus, uzlabo galvas \u0101das mikrocirkul\u0101ciju. Ol\u012bve\u013c\u013cas ekstrakts pies\u0101tina galvas \u0101du un matus ar v\u0113rt\u012bg\u0101m viel\u0101m, padara matus elast\u012bgus un gais\u012bgus.<\/p>\n<p><strong>Lieto\u0161ana:<\/strong> uzkl\u0101t uz mitriem matiem, saputot un noskalot ar \u016bdeni.<\/p>\n<p><strong>Piesardz\u012bbas pas\u0101kumi:<\/strong> Nenor\u012bt! Ja iek\u013c\u016bst ac\u012bs, skalot ar lielu daudzumu teko\u0161a \u016bdens.<\/p>\n<p><strong>Der\u012bguma termi\u0146\u0161:<\/strong> 36 m\u0113ne\u0161i.<\/p>\n<p><strong>Uzglab\u0101\u0161ana:<\/strong> temperat\u016br\u0101 no +5&deg;C l\u012bdz +25&deg;C, sarg\u0101jot no tie\u0161iem saules stariem.<br \/>\n&nbsp;<\/p>\n","protected":false},"excerpt":{"rendered":"<p>&Scaron;amp\u016bns matu stiprin\u0101\u0161anai visai \u0123imenei, satur dab\u012bg\u0101s sast\u0101vda\u013cas veseliem un sp\u012bd\u012bgiem matiem. Alus rauga prote\u012bni stiprina matus, uzlabo galvas \u0101das mikrocirkul\u0101ciju. Ol\u012bve\u013c\u013cas ekstrakts pies\u0101tina galvas \u0101du un matus ar v\u0113rt\u012bg\u0101m viel\u0101m, padara matus elast\u012bgus un gais\u012bgus. Lieto\u0161ana: uzkl\u0101t uz mitriem matiem, saputot un noskalot ar \u016bdeni. Piesardz\u012bbas pas\u0101kumi: Nenor\u012bt! Ja iek\u013c\u016bst ac\u012bs, skalot ar lielu [&#8230;]\n","protected":false},"featured_media":28091,"template":"","meta":[],"product_cat":[1999],"product_tag":[],"class_list":{"0":"post-39261","1":"product","2":"type-product","3":"status-publish","4":"has-post-thumbnail","6":"product_brand-slobozanskij-milovar_ua","7":"product_cat-bez-kategorijas","9":"first","10":"outofstock","11":"taxable","12":"shipping-taxable","13":"product-type-simple"},"_links":{"self":[{"href":"https:\/\/e.kosmolat.eu\/lv\/wp-json\/wp\/v2\/product\/39261","targetHints":{"allow":["GET"]}}],"collection":[{"href":"https:\/\/e.kosmolat.eu\/lv\/wp-json\/wp\/v2\/product"}],"about":[{"href":"https:\/\/e.kosmolat.eu\/lv\/wp-json\/wp\/v2\/types\/product"}],"wp:featuredmedia":[{"embeddable":true,"href":"https:\/\/e.kosmolat.eu\/lv\/wp-json\/wp\/v2\/media\/28091"}],"wp:attachment":[{"href":"https:\/\/e.kosmolat.eu\/lv\/wp-json\/wp\/v2\/media?parent=39261"}],"wp:term":[{"taxonomy":"product_cat","embeddable":true,"href":"https:\/\/e.kosmolat.eu\/lv\/wp-json\/wp\/v2\/product_cat?post=39261"},{"taxonomy":"product_tag","embeddable":true,"href":"https:\/\/e.kosmolat.eu\/lv\/wp-json\/wp\/v2\/product_tag?post=39261"}],"curies":[{"name":"wp","href":"https:\/\/api.w.org\/{rel}","templated":true}]}}