{"id":39257,"date":"2023-12-22T23:04:08","date_gmt":"2023-12-22T23:04:08","guid":{"rendered":"https:\/\/e.kosmolat.eu\/product\/hl-sampuns-visai-gmenei-olu-ekstr-un-kviesu-prot-1-l\/"},"modified":"2025-09-15T13:01:28","modified_gmt":"2025-09-15T13:01:28","slug":"hl-sampuns-visai-gmenei-olu-ekstr-un-kviesu-prot-1000-g","status":"publish","type":"product","link":"https:\/\/e.kosmolat.eu\/lv\/product\/hl-sampuns-visai-gmenei-olu-ekstr-un-kviesu-prot-1000-g\/","title":{"rendered":"HL \u0160amp\u016bns visai \u0123menei Olu ekstr. un kvie\u0161u prot., 1000 g"},"content":{"rendered":"<p>&Scaron;amp\u016bns matu stiprin\u0101\u0161anai visai \u0123imenei, satur dab\u012bg\u0101s sast\u0101vda\u013cas veseliem un sp\u012bd\u012bgiem matiem. &nbsp;Olu ekstrakts aizsarg\u0101 matus no boj\u0101jumiem, savuk\u0101rt kvie\u0161u prote\u012bni nogludina, mitrina un atsvaidzina matus.<\/p>\n<p><strong>Lieto\u0161ana: <\/strong>uzkl\u0101t uz mitriem matiem, saputot un noskalot ar \u016bdeni.<\/p>\n<p><strong>Piesardz\u012bbas pas\u0101kumi: <\/strong>Nenor\u012bt! Ja iek\u013c\u016bst ac\u012bs, izskalot ar lielu daudzumu teko\u0161a \u016bdens.<\/p>\n<p><strong>Der\u012bguma termi\u0146\u0161:<\/strong> 36 m\u0113ne\u0161i.<\/p>\n<p><strong>Uzglab\u0101\u0161ana: <\/strong>temperat\u016br\u0101 no +5&deg;C l\u012bdz +25&deg;C, sarg\u0101jot no tie\u0161iem saules stariem.<br \/>\n&nbsp;<\/p>\n","protected":false},"excerpt":{"rendered":"<p>&Scaron;amp\u016bns matu stiprin\u0101\u0161anai visai \u0123imenei, satur dab\u012bg\u0101s sast\u0101vda\u013cas veseliem un sp\u012bd\u012bgiem matiem. &nbsp;Olu ekstrakts aizsarg\u0101 matus no boj\u0101jumiem, savuk\u0101rt kvie\u0161u prote\u012bni nogludina, mitrina un atsvaidzina matus. Lieto\u0161ana: uzkl\u0101t uz mitriem matiem, saputot un noskalot ar \u016bdeni. Piesardz\u012bbas pas\u0101kumi: Nenor\u012bt! Ja iek\u013c\u016bst ac\u012bs, izskalot ar lielu daudzumu teko\u0161a \u016bdens. Der\u012bguma termi\u0146\u0161: 36 m\u0113ne\u0161i. Uzglab\u0101\u0161ana: temperat\u016br\u0101 no [&#8230;]\n","protected":false},"featured_media":0,"template":"","meta":[],"product_cat":[1248],"product_tag":[],"class_list":{"0":"post-39257","1":"product","2":"type-product","3":"status-publish","5":"product_brand-slobozanskij-milovar_ua","6":"product_cat-sampuni","8":"first","9":"outofstock","10":"taxable","11":"shipping-taxable","12":"product-type-simple"},"_links":{"self":[{"href":"https:\/\/e.kosmolat.eu\/lv\/wp-json\/wp\/v2\/product\/39257","targetHints":{"allow":["GET"]}}],"collection":[{"href":"https:\/\/e.kosmolat.eu\/lv\/wp-json\/wp\/v2\/product"}],"about":[{"href":"https:\/\/e.kosmolat.eu\/lv\/wp-json\/wp\/v2\/types\/product"}],"wp:attachment":[{"href":"https:\/\/e.kosmolat.eu\/lv\/wp-json\/wp\/v2\/media?parent=39257"}],"wp:term":[{"taxonomy":"product_cat","embeddable":true,"href":"https:\/\/e.kosmolat.eu\/lv\/wp-json\/wp\/v2\/product_cat?post=39257"},{"taxonomy":"product_tag","embeddable":true,"href":"https:\/\/e.kosmolat.eu\/lv\/wp-json\/wp\/v2\/product_tag?post=39257"}],"curies":[{"name":"wp","href":"https:\/\/api.w.org\/{rel}","templated":true}]}}