{"id":39229,"date":"2023-12-22T23:00:38","date_gmt":"2023-12-22T23:00:38","guid":{"rendered":"https:\/\/e.kosmolat.eu\/product\/uti-puti-bernu-trauku-mazg-lidz-ar-alveju-600-g\/"},"modified":"2026-04-14T06:49:42","modified_gmt":"2026-04-14T06:49:42","slug":"uti-puti-bernu-trauku-mazg-lidz-ar-alveju-600-g","status":"publish","type":"product","link":"https:\/\/e.kosmolat.eu\/lv\/product\/uti-puti-bernu-trauku-mazg-lidz-ar-alveju-600-g\/","title":{"rendered":"UTI-PUTI B\u0113rnu trauku mazg.l\u012bdz.ar Alveju, 600 g"},"content":{"rendered":"<p>L\u012bdzeklis b\u0113rnu trauku, stikla un plastmasas pudel\u012b&scaron;u, knup\u012b&scaron;u, rota\u013clietu un jebk\u0101du virsmu, kur\u0101m pieskaras b\u0113rns, mazg\u0101&scaron;anai.<\/p>\n<p>&#8211; efekt\u012bvi no\u0146em net\u012brumus<br \/>\n&#8211; viegli noskalojas<br \/>\n&#8211; nesatur aromatiz\u0113t\u0101jus un kr\u0101svielas<br \/>\n&#8211; nekairina \u0101du<br \/>\n&#8211; maiga formula<br \/>\n&#8211; ekonomiska lieto&scaron;ana<\/p>\n<p><strong>Lieto&scaron;ana:<\/strong> iz&scaron;\u0137\u012bdiniet l\u012bdzekli \u016bden\u012b vai uzkl\u0101jiet nepiecie&scaron;amo daudzumu uz s\u016bk\u013ca vai uz traukiem. Nomazg\u0101jiet traukus un r\u016bp\u012bgi noskalojiet ar \u016bdeni. Ja nepiecie&scaron;ams, atk\u0101rtojiet proced\u016bru.<\/p>\n<p><strong>Piesardz\u012bbas pas\u0101kumi:<\/strong> ja iek\u013c\u016bst ac\u012bs, r\u016bp\u012bgi izskalojiet ar lielu daudzumu teko&scaron;a \u016bdens.<\/p>\n<p><strong>Uzglab\u0101&scaron;ana:<\/strong> temperat\u016br\u0101 no +5&deg;C l\u012bdz +25&deg;C, sarg\u0101jot no tie&scaron;iem saules stariem.<\/p>\n<p><strong>Der\u012bguma termi\u0146&scaron;:<\/strong> 36 m\u0113ne&scaron;i.<\/p>\n<p><strong>Sast\u0101v\u0101: <\/strong>maz\u0101k 5% anjonu virsmakt\u012bv\u0101s vielas, &nbsp;maz\u0101k 5% nejonu &nbsp;virsmakt\u012bv\u0101s vielas, maz\u0101k par 5 % amfot\u0113raj\u0101s virsmakt\u012bvaj\u0101s viel\u0101s, maz\u0101k par 5 % EDTA un t\u0101s s\u0101\u013ci. Konservants: Benzisothiazolinone.<\/p>\n<p>P102 Sarg\u0101t no b\u0113rniem.<br \/>\nP305+P351+P338 Saskar\u0113 ar ac\u012bm: Uzman\u012bgi izskalot ar \u016bdeni vair\u0101kas min\u016btes. Iz\u0146emt kontaktl\u0113cas, ja t\u0101s ir ievietotas un ja to var vienk\u0101r&scaron;i izdar\u012bt. Turpin\u0101t skalot.<br \/>\n&nbsp;<\/p>\n","protected":false},"excerpt":{"rendered":"<p>L\u012bdzeklis b\u0113rnu trauku, stikla un plastmasas pudel\u012b&scaron;u, knup\u012b&scaron;u, rota\u013clietu un jebk\u0101du virsmu, kur\u0101m pieskaras b\u0113rns, mazg\u0101&scaron;anai. &#8211; efekt\u012bvi no\u0146em net\u012brumus &#8211; viegli noskalojas &#8211; nesatur aromatiz\u0113t\u0101jus un kr\u0101svielas &#8211; nekairina \u0101du &#8211; maiga formula &#8211; ekonomiska lieto&scaron;ana Lieto&scaron;ana: iz&scaron;\u0137\u012bdiniet l\u012bdzekli \u016bden\u012b vai uzkl\u0101jiet nepiecie&scaron;amo daudzumu uz s\u016bk\u013ca vai uz traukiem. Nomazg\u0101jiet traukus un r\u016bp\u012bgi noskalojiet [&#8230;]\n","protected":false},"featured_media":105084,"template":"","meta":[],"product_cat":[1504],"product_tag":[],"class_list":{"0":"post-39229","1":"product","2":"type-product","3":"status-publish","4":"has-post-thumbnail","6":"product_brand-slobozanskij-milovar_ua","7":"product_cat-1504","9":"first","10":"instock","11":"taxable","12":"shipping-taxable","13":"product-type-simple"},"_links":{"self":[{"href":"https:\/\/e.kosmolat.eu\/lv\/wp-json\/wp\/v2\/product\/39229","targetHints":{"allow":["GET"]}}],"collection":[{"href":"https:\/\/e.kosmolat.eu\/lv\/wp-json\/wp\/v2\/product"}],"about":[{"href":"https:\/\/e.kosmolat.eu\/lv\/wp-json\/wp\/v2\/types\/product"}],"wp:featuredmedia":[{"embeddable":true,"href":"https:\/\/e.kosmolat.eu\/lv\/wp-json\/wp\/v2\/media\/105084"}],"wp:attachment":[{"href":"https:\/\/e.kosmolat.eu\/lv\/wp-json\/wp\/v2\/media?parent=39229"}],"wp:term":[{"taxonomy":"product_cat","embeddable":true,"href":"https:\/\/e.kosmolat.eu\/lv\/wp-json\/wp\/v2\/product_cat?post=39229"},{"taxonomy":"product_tag","embeddable":true,"href":"https:\/\/e.kosmolat.eu\/lv\/wp-json\/wp\/v2\/product_tag?post=39229"}],"curies":[{"name":"wp","href":"https:\/\/api.w.org\/{rel}","templated":true}]}}