{"id":39217,"date":"2023-12-22T22:59:10","date_gmt":"2023-12-22T22:59:10","guid":{"rendered":"https:\/\/e.kosmolat.eu\/product\/drug-lidzeklis-trauku-mazgasanai-alveja-460-g\/"},"modified":"2026-02-19T06:53:43","modified_gmt":"2026-02-19T06:53:43","slug":"i_friends-lidzeklis-trauku-mazgasanai-alveja-460-g","status":"publish","type":"product","link":"https:\/\/e.kosmolat.eu\/lv\/product\/i_friends-lidzeklis-trauku-mazgasanai-alveja-460-g\/","title":{"rendered":"I_Friends L\u012bdzeklis trauku mazg\u0101\u0161anai &#8220;Alveja&#8221;, 460 g"},"content":{"rendered":"<p>Efekt\u012bvs aukst\u0101 \u016bden\u012b. Viegli noskalot. Izn\u012bcina nepat\u012bkamas smar\u017eas.<\/p>\n<p><strong>Lieto&scaron;ana:<\/strong> iz&scaron;\u0137\u012bdin\u0101t l\u012bdzekli \u016bden\u012b vai uzkl\u0101t nepiecie&scaron;amo l\u012bdzek\u013ca daudzumu uz &scaron;vamm\u012btes vai traukiem, paberz\u0113t un r\u016bp\u012bgi noskalot. Ja nepiecie&scaron;ams, proced\u016bru atk\u0101rtot.&nbsp;<\/p>\n<p><strong>Piesardz\u012bbas pas\u0101kumi:<\/strong> ja iek\u013c\u016bst ac\u012bs, r\u016bp\u012bgi izskalojiet ar lielu daudzumu \u016bdens.<\/p>\n<p><strong>Uzglab\u0101&scaron;ana:<\/strong> temperat\u016br\u0101 no +5&deg;C l\u012bdz +25&deg;C, sarg\u0101jot no tie&scaron;iem saules stariem.<\/p>\n<p><strong>Der\u012bguma termi\u0146&scaron;:<\/strong> 36 m\u0113ne&scaron;i.<\/p>\n<p><strong>Sast\u0101v\u0101: <\/strong>5 % un vair\u0101k, bet maz\u0101k nek\u0101 15% anjonu virsmakt\u012bvo vielu, maz\u0101k 5% nejonu &nbsp;virsmakt\u012bvo vielu, maz\u0101k par 5 % EDTA un t\u0101s s\u0101\u013cu. Smar\u017eas un arom\u0101tisk\u0101s vielas. Konservanti: Benzisothiazolinone\/ Methylisothiazolinone. Kr\u0101svielas.<\/p>\n<p>P102 Laikyti vaikams neprieinamoje vietoje<br \/>\nP305+P351+P338 Patekus \u012f akis: Kelias minutes atsargiai plauti vandeniu. I&scaron;imti kontaktinius l\u0119&scaron;ius, jeigu jie yra ir jeigu lengvai galima tai padaryti. Toliau plauti akis.<br \/>\n&nbsp;<\/p>\n","protected":false},"excerpt":{"rendered":"<p>Efekt\u012bvs aukst\u0101 \u016bden\u012b. Viegli noskalot. Izn\u012bcina nepat\u012bkamas smar\u017eas. Lieto&scaron;ana: iz&scaron;\u0137\u012bdin\u0101t l\u012bdzekli \u016bden\u012b vai uzkl\u0101t nepiecie&scaron;amo l\u012bdzek\u013ca daudzumu uz &scaron;vamm\u012btes vai traukiem, paberz\u0113t un r\u016bp\u012bgi noskalot. Ja nepiecie&scaron;ams, proced\u016bru atk\u0101rtot.&nbsp; Piesardz\u012bbas pas\u0101kumi: ja iek\u013c\u016bst ac\u012bs, r\u016bp\u012bgi izskalojiet ar lielu daudzumu \u016bdens. Uzglab\u0101&scaron;ana: temperat\u016br\u0101 no +5&deg;C l\u012bdz +25&deg;C, sarg\u0101jot no tie&scaron;iem saules stariem. Der\u012bguma termi\u0146&scaron;: 36 m\u0113ne&scaron;i. [&#8230;]\n","protected":false},"featured_media":100672,"template":"","meta":[],"product_cat":[1501],"product_tag":[],"class_list":{"0":"post-39217","1":"product","2":"type-product","3":"status-publish","4":"has-post-thumbnail","6":"product_brand-slobozanskij-milovar_ua","7":"product_cat-lidzekli-trauku-mazgasanai","9":"first","10":"outofstock","11":"taxable","12":"shipping-taxable","13":"product-type-simple"},"_links":{"self":[{"href":"https:\/\/e.kosmolat.eu\/lv\/wp-json\/wp\/v2\/product\/39217","targetHints":{"allow":["GET"]}}],"collection":[{"href":"https:\/\/e.kosmolat.eu\/lv\/wp-json\/wp\/v2\/product"}],"about":[{"href":"https:\/\/e.kosmolat.eu\/lv\/wp-json\/wp\/v2\/types\/product"}],"wp:featuredmedia":[{"embeddable":true,"href":"https:\/\/e.kosmolat.eu\/lv\/wp-json\/wp\/v2\/media\/100672"}],"wp:attachment":[{"href":"https:\/\/e.kosmolat.eu\/lv\/wp-json\/wp\/v2\/media?parent=39217"}],"wp:term":[{"taxonomy":"product_cat","embeddable":true,"href":"https:\/\/e.kosmolat.eu\/lv\/wp-json\/wp\/v2\/product_cat?post=39217"},{"taxonomy":"product_tag","embeddable":true,"href":"https:\/\/e.kosmolat.eu\/lv\/wp-json\/wp\/v2\/product_tag?post=39217"}],"curies":[{"name":"wp","href":"https:\/\/api.w.org\/{rel}","templated":true}]}}