{"id":39213,"date":"2023-12-22T22:58:44","date_gmt":"2023-12-22T22:58:44","guid":{"rendered":"https:\/\/e.kosmolat.eu\/product\/uti-puti-vannosanas-lidz-berniem-2in1-200-ml\/"},"modified":"2026-04-28T11:10:56","modified_gmt":"2026-04-28T11:10:56","slug":"uti-puti-vannosanas-lidz-berniem-2in1-200-ml","status":"publish","type":"product","link":"https:\/\/e.kosmolat.eu\/lv\/product\/uti-puti-vannosanas-lidz-berniem-2in1-200-ml\/","title":{"rendered":"UTI-PUTI Vanno\u0161an\u0101s l\u012bdz.b\u0113rniem 2in1, 200 ml"},"content":{"rendered":"<p>Vanno\u0161an\u0101s l\u012bdzeklis visu vecumu b\u0113rniem. Nekairina acti\u0146as, maigi att\u012bra un nomierina. Efekt\u012bvi att\u012bra mazu\u013ca galvas \u0101du un matus. R\u016bp\u012bgi atlas\u012btu ekstraktu un e\u013c\u013cu komplekss mitrina un nomierina mazu\u013ca jut\u012bgo \u0101du.&nbsp;<\/p>\n<p><strong>Lieto\u0161ana:<\/strong> uzkl\u0101t uz mitriem matiem vai \u0137erme\u0146a, saputot, noskalot ar \u016bdeni.<\/p>\n<p><strong>Piesardz\u012bbas pas\u0101kumi:<\/strong> tikai \u0101r\u012bgai lieto\u0161anai! Ja iek\u013c\u016bst ac\u012bs, r\u016bp\u012bgi izskalojiet ar lielu daudzumu teko\u0161a \u016bdens.<\/p>\n<p><strong>Uzglab\u0101\u0161ana: <\/strong>temperat\u016br\u0101 no +5&deg;C l\u012bdz +25&deg;C, sarg\u0101jot no tie\u0161iem saules stariem.<\/p>\n<p><strong>Der\u012bguma termi\u0146\u0161:<\/strong> 36 m\u0113ne\u0161i.<br \/>\n&nbsp;<\/p>\n","protected":false},"excerpt":{"rendered":"<p>Vanno\u0161an\u0101s l\u012bdzeklis visu vecumu b\u0113rniem. Nekairina acti\u0146as, maigi att\u012bra un nomierina. Efekt\u012bvi att\u012bra mazu\u013ca galvas \u0101du un matus. R\u016bp\u012bgi atlas\u012btu ekstraktu un e\u013c\u013cu komplekss mitrina un nomierina mazu\u013ca jut\u012bgo \u0101du.&nbsp; Lieto\u0161ana: uzkl\u0101t uz mitriem matiem vai \u0137erme\u0146a, saputot, noskalot ar \u016bdeni. Piesardz\u012bbas pas\u0101kumi: tikai \u0101r\u012bgai lieto\u0161anai! Ja iek\u013c\u016bst ac\u012bs, r\u016bp\u012bgi izskalojiet ar lielu daudzumu teko\u0161a [&#8230;]\n","protected":false},"featured_media":0,"template":"","meta":[],"product_cat":[1797],"product_tag":[],"class_list":{"0":"post-39213","1":"product","2":"type-product","3":"status-publish","5":"product_brand-slobozanskij-milovar_ua","6":"product_cat-dusas-zelejas-ziepes-putas","8":"first","9":"outofstock","10":"taxable","11":"shipping-taxable","12":"product-type-simple"},"_links":{"self":[{"href":"https:\/\/e.kosmolat.eu\/lv\/wp-json\/wp\/v2\/product\/39213","targetHints":{"allow":["GET"]}}],"collection":[{"href":"https:\/\/e.kosmolat.eu\/lv\/wp-json\/wp\/v2\/product"}],"about":[{"href":"https:\/\/e.kosmolat.eu\/lv\/wp-json\/wp\/v2\/types\/product"}],"wp:attachment":[{"href":"https:\/\/e.kosmolat.eu\/lv\/wp-json\/wp\/v2\/media?parent=39213"}],"wp:term":[{"taxonomy":"product_cat","embeddable":true,"href":"https:\/\/e.kosmolat.eu\/lv\/wp-json\/wp\/v2\/product_cat?post=39213"},{"taxonomy":"product_tag","embeddable":true,"href":"https:\/\/e.kosmolat.eu\/lv\/wp-json\/wp\/v2\/product_tag?post=39213"}],"curies":[{"name":"wp","href":"https:\/\/api.w.org\/{rel}","templated":true}]}}