{"id":39201,"date":"2023-12-22T22:57:25","date_gmt":"2023-12-22T22:57:25","guid":{"rendered":"https:\/\/e.kosmolat.eu\/product\/shik-putu-ziepes-hypnotic-iris-ar-dozatoru-500-ml\/"},"modified":"2026-04-22T09:01:26","modified_gmt":"2026-04-22T09:01:26","slug":"shik-putu-ziepes-hypnotic-iris-ar-dozatoru-500-ml","status":"publish","type":"product","link":"https:\/\/e.kosmolat.eu\/lv\/product\/shik-putu-ziepes-hypnotic-iris-ar-dozatoru-500-ml\/","title":{"rendered":"SHIK Putu ziepes Hypnotic Iris, ar dozatoru, 500 ml"},"content":{"rendered":"<p>&bull; Fran\u010du smar\u017eu renesanse<br \/>\n&bull; Valdzino\u0161s \u012brisa arom\u0101ts<br \/>\n&bull; Maiga un saudz\u012bga \u0101das att\u012br\u012b\u0161ana<br \/>\n&bull; \u012arisu ekstrakts m\u012bkstina un toniz\u0113, uzlabo kop\u0113jo \u0101das st\u0101vokli<\/p>\n<p>Aug\u0161\u0113j\u0101s notis &ndash; r\u016bgtie citrusaug\u013ci<br \/>\nVidus notis &ndash; balt\u0101 lavanda<br \/>\nB\u0101zes notis &ndash; ingvers, pa\u010d\u016blija, tonkas pupi\u0146as un s\u016bnas<\/p>\n<p><strong>Lieto\u0161ana: <\/strong>uzkl\u0101t uz mitras \u0101das, saputot un noskalot ar \u016bdeni. Roku un \u0137erme\u0146a mazg\u0101\u0161anai.<\/p>\n<p><strong>Piesardz\u012bbas pas\u0101kumi: <\/strong>ja iek\u013c\u016bst ac\u012bs, r\u016bp\u012bgi izskalojiet ar lielu daudzumu \u016bdens.<\/p>\n<p><strong>Uzglab\u0101\u0161ana: <\/strong>temperat\u016br\u0101 no +5&deg;C l\u012bdz +25&deg;C, sarg\u0101jot no tie\u0161iem saules stariem.<\/p>\n<p><strong>Der\u012bguma termi\u0146\u0161: <\/strong>36 m\u0113ne\u0161i.<br \/>\n&nbsp;<\/p>\n","protected":false},"excerpt":{"rendered":"<p>&bull; Fran\u010du smar\u017eu renesanse &bull; Valdzino\u0161s \u012brisa arom\u0101ts &bull; Maiga un saudz\u012bga \u0101das att\u012br\u012b\u0161ana &bull; \u012arisu ekstrakts m\u012bkstina un toniz\u0113, uzlabo kop\u0113jo \u0101das st\u0101vokli Aug\u0161\u0113j\u0101s notis &ndash; r\u016bgtie citrusaug\u013ci Vidus notis &ndash; balt\u0101 lavanda B\u0101zes notis &ndash; ingvers, pa\u010d\u016blija, tonkas pupi\u0146as un s\u016bnas Lieto\u0161ana: uzkl\u0101t uz mitras \u0101das, saputot un noskalot ar \u016bdeni. Roku un [&#8230;]\n","protected":false},"featured_media":98904,"template":"","meta":[],"product_cat":[1999],"product_tag":[],"class_list":{"0":"post-39201","1":"product","2":"type-product","3":"status-publish","4":"has-post-thumbnail","6":"product_brand-slobozanskij-milovar_ua","7":"product_cat-bez-kategorijas","9":"first","10":"instock","11":"taxable","12":"shipping-taxable","13":"product-type-simple"},"_links":{"self":[{"href":"https:\/\/e.kosmolat.eu\/lv\/wp-json\/wp\/v2\/product\/39201","targetHints":{"allow":["GET"]}}],"collection":[{"href":"https:\/\/e.kosmolat.eu\/lv\/wp-json\/wp\/v2\/product"}],"about":[{"href":"https:\/\/e.kosmolat.eu\/lv\/wp-json\/wp\/v2\/types\/product"}],"wp:featuredmedia":[{"embeddable":true,"href":"https:\/\/e.kosmolat.eu\/lv\/wp-json\/wp\/v2\/media\/98904"}],"wp:attachment":[{"href":"https:\/\/e.kosmolat.eu\/lv\/wp-json\/wp\/v2\/media?parent=39201"}],"wp:term":[{"taxonomy":"product_cat","embeddable":true,"href":"https:\/\/e.kosmolat.eu\/lv\/wp-json\/wp\/v2\/product_cat?post=39201"},{"taxonomy":"product_tag","embeddable":true,"href":"https:\/\/e.kosmolat.eu\/lv\/wp-json\/wp\/v2\/product_tag?post=39201"}],"curies":[{"name":"wp","href":"https:\/\/api.w.org\/{rel}","templated":true}]}}