{"id":39185,"date":"2023-12-22T22:56:04","date_gmt":"2023-12-22T22:56:04","guid":{"rendered":"https:\/\/e.kosmolat.eu\/product\/shik-tual-kremziepes-juras-minerali-un-frandzipani-90-g\/"},"modified":"2026-04-08T06:07:52","modified_gmt":"2026-04-08T06:07:52","slug":"shik-tual-kremziepes-juras-minerali-un-frandzipani-90-g","status":"publish","type":"product","link":"https:\/\/e.kosmolat.eu\/lv\/product\/shik-tual-kremziepes-juras-minerali-un-frandzipani-90-g\/","title":{"rendered":"SHIK Tual. kr\u0113mziepes J\u016bras miner\u0101li un frand\u017eipani, 90 g"},"content":{"rendered":"","protected":false},"excerpt":{"rendered":"","protected":false},"featured_media":100424,"template":"","meta":[],"product_cat":[2181],"product_tag":[],"class_list":{"0":"post-39185","1":"product","2":"type-product","3":"status-publish","4":"has-post-thumbnail","6":"product_brand-slobozanskij-milovar_ua","7":"product_cat-bez-kategorijas-lt","9":"first","10":"instock","11":"taxable","12":"shipping-taxable","13":"product-type-simple"},"_links":{"self":[{"href":"https:\/\/e.kosmolat.eu\/lv\/wp-json\/wp\/v2\/product\/39185","targetHints":{"allow":["GET"]}}],"collection":[{"href":"https:\/\/e.kosmolat.eu\/lv\/wp-json\/wp\/v2\/product"}],"about":[{"href":"https:\/\/e.kosmolat.eu\/lv\/wp-json\/wp\/v2\/types\/product"}],"wp:featuredmedia":[{"embeddable":true,"href":"https:\/\/e.kosmolat.eu\/lv\/wp-json\/wp\/v2\/media\/100424"}],"wp:attachment":[{"href":"https:\/\/e.kosmolat.eu\/lv\/wp-json\/wp\/v2\/media?parent=39185"}],"wp:term":[{"taxonomy":"product_cat","embeddable":true,"href":"https:\/\/e.kosmolat.eu\/lv\/wp-json\/wp\/v2\/product_cat?post=39185"},{"taxonomy":"product_tag","embeddable":true,"href":"https:\/\/e.kosmolat.eu\/lv\/wp-json\/wp\/v2\/product_tag?post=39185"}],"curies":[{"name":"wp","href":"https:\/\/api.w.org\/{rel}","templated":true}]}}