{"id":39169,"date":"2023-12-22T22:54:21","date_gmt":"2023-12-22T22:54:21","guid":{"rendered":"https:\/\/e.kosmolat.eu\/product\/elitan-kremkr-uzacim-un-skropstam-10-50-ml\/"},"modified":"2026-04-08T08:46:53","modified_gmt":"2026-04-08T08:46:53","slug":"elitan-kremkr-uzacim-un-skropstam-10-50-ml","status":"publish","type":"product","link":"https:\/\/e.kosmolat.eu\/lv\/product\/elitan-kremkr-uzacim-un-skropstam-10-50-ml\/","title":{"rendered":"ELITAN Kremkr. uzac\u012bm un skropst\u0101m (10), 50 ml"},"content":{"rendered":"<p>Jee \u0421osmetics l\u012bnijas kosm\u0113tika nodro\u0161ina perfektu sejas \u0101das kop\u0161anu, kr\u0101sojot uzacis un skropstas.<br \/>\n&#8211; Tatu\u0101\u017eas efekts<br \/>\n&#8211; Bez amonjaka<br \/>\n&#8211; Provitam\u012bns B5<br \/>\n&#8211; UV filtrs<\/p>\n<p><strong>Piesardz\u012bbas pas\u0101kumi:<\/strong><br \/>\nSatur \u016bde\u0146ra\u017ea peroks\u012bdu, rezorc\u012bnu, fenil\u0113ndiam\u012bnus (tolu\u0113ndiam\u012bnus). Var izrais\u012bt smagu aler\u0123isku reakciju. Veiciet aler\u0123ijas testu 48 stundas pirms lieto\u0161anas. Izlasiet un izpildiet instrukcij\u0101s sniegtos nor\u0101d\u012bjumus. Nelietot person\u0101m, kas jaun\u0101kas par 16 gadiem. Pagaidu meln\u0101s hennas tetov\u0113jumi paaugstina aler\u0123iju risku. Nelietot, ja: uz sejas ir izsitumi, \u0101da ir jut\u012bga, boj\u0101ta un kairin\u0101ta, ir biju\u0161as aler\u0123iskas reakcijas p\u0113c matu kr\u0101so\u0161anas vai p\u0113c \u012bslaic\u012bga meln\u0101s hennas tetov\u0113juma. Izvairieties no iek\u013c\u016b\u0161anas ac\u012bs. Ja kr\u0101sa nok\u013c\u016bst ac\u012bs, nekav\u0113joties izskalojiet ar lielu daudzumu \u016bdens, v\u0113rsieties pie \u0101rsta. Izlietojiet visu mais\u012bjumu uzreiz p\u0113c t\u0101 pagatavo\u0161anas. Lietojiet aizsargcimdus. Neizmantojiet met\u0101la priek\u0161metus. Iedarb\u012bbas laikam beidzoties, mais\u012bjums ir r\u016bp\u012bgi j\u0101noskalo. Uzglab\u0101t b\u0113rniem nepieejam\u0101 viet\u0101. Iev\u0113rojiet uzglab\u0101\u0161anas noteikumus. Profesion\u0101lai lieto\u0161anai.<\/p>\n<p><strong>Iepakojuma saturs:<\/strong><br \/>\n&#8211; Kr\u0113mkr\u0101sa, 50 ml<br \/>\n&#8211; Oksid\u0113jo\u0161a emulsija, 50 ml<br \/>\n&#8211; Aplikators 2 gab.<br \/>\n&#8211; Instrukcijas 2 gab.<br \/>\n&nbsp;<\/p>\n","protected":false},"excerpt":{"rendered":"<p>Jee \u0421osmetics l\u012bnijas kosm\u0113tika nodro\u0161ina perfektu sejas \u0101das kop\u0161anu, kr\u0101sojot uzacis un skropstas. &#8211; Tatu\u0101\u017eas efekts &#8211; Bez amonjaka &#8211; Provitam\u012bns B5 &#8211; UV filtrs Piesardz\u012bbas pas\u0101kumi: Satur \u016bde\u0146ra\u017ea peroks\u012bdu, rezorc\u012bnu, fenil\u0113ndiam\u012bnus (tolu\u0113ndiam\u012bnus). Var izrais\u012bt smagu aler\u0123isku reakciju. Veiciet aler\u0123ijas testu 48 stundas pirms lieto\u0161anas. Izlasiet un izpildiet instrukcij\u0101s sniegtos nor\u0101d\u012bjumus. Nelietot person\u0101m, kas jaun\u0101kas [&#8230;]\n","protected":false},"featured_media":98267,"template":"","meta":[],"product_cat":[1666],"product_tag":[],"class_list":{"0":"post-39169","1":"product","2":"type-product","3":"status-publish","4":"has-post-thumbnail","6":"product_brand-kombi_ua","7":"product_cat-antakiu-ir-blakstienu-dazai","9":"first","10":"instock","11":"taxable","12":"shipping-taxable","13":"product-type-simple"},"_links":{"self":[{"href":"https:\/\/e.kosmolat.eu\/lv\/wp-json\/wp\/v2\/product\/39169","targetHints":{"allow":["GET"]}}],"collection":[{"href":"https:\/\/e.kosmolat.eu\/lv\/wp-json\/wp\/v2\/product"}],"about":[{"href":"https:\/\/e.kosmolat.eu\/lv\/wp-json\/wp\/v2\/types\/product"}],"wp:featuredmedia":[{"embeddable":true,"href":"https:\/\/e.kosmolat.eu\/lv\/wp-json\/wp\/v2\/media\/98267"}],"wp:attachment":[{"href":"https:\/\/e.kosmolat.eu\/lv\/wp-json\/wp\/v2\/media?parent=39169"}],"wp:term":[{"taxonomy":"product_cat","embeddable":true,"href":"https:\/\/e.kosmolat.eu\/lv\/wp-json\/wp\/v2\/product_cat?post=39169"},{"taxonomy":"product_tag","embeddable":true,"href":"https:\/\/e.kosmolat.eu\/lv\/wp-json\/wp\/v2\/product_tag?post=39169"}],"curies":[{"name":"wp","href":"https:\/\/api.w.org\/{rel}","templated":true}]}}