{"id":39157,"date":"2023-12-22T22:53:07","date_gmt":"2023-12-22T22:53:07","guid":{"rendered":"https:\/\/e.kosmolat.eu\/product\/i_jc-zobu-pasta-berniem-krasas-50-ml\/"},"modified":"2026-04-10T05:31:56","modified_gmt":"2026-04-10T05:31:56","slug":"jc-zobu-pasta-berniem-krasas-50-ml","status":"publish","type":"product","link":"https:\/\/e.kosmolat.eu\/lv\/product\/jc-zobu-pasta-berniem-krasas-50-ml\/","title":{"rendered":"JC Zobu pasta berniem Krasas, 50 ml"},"content":{"rendered":"<p>Dab\u012bga b\u0101ze. Bioakt\u012bvais kalcijs. Ave\u0146u gar\u0161a. Maiga t\u012br\u012b\u0161ana.<\/p>\n<p><strong>Lieto\u0161ana\/piesardz\u012bbas pas\u0101kumi: <\/strong>ikdienas lieto\u0161anai 2-3 reizes dien\u0101. B\u0113rniem, kas jaun\u0101ki par 7 gadiem, zobi j\u0101t\u012bra pieaugu\u0161o uzraudz\u012bb\u0101. Nenor\u012bt, izsp\u013caut. Satur n\u0101trija monofluorfosf\u0101tu. Fluor\u012bda masas da\u013ca 0,05% (500 ppm F-)<\/p>\n<p><strong>Der\u012bguma termi\u0146\u0161:<\/strong> 36 m\u0113ne\u0161i. Uzglab\u0101t temperat\u016br\u0101 no +5&deg;C l\u012bdz +25&deg;C.<br \/>\n&nbsp;<\/p>\n","protected":false},"excerpt":{"rendered":"<p>Dab\u012bga b\u0101ze. Bioakt\u012bvais kalcijs. Ave\u0146u gar\u0161a. Maiga t\u012br\u012b\u0161ana. Lieto\u0161ana\/piesardz\u012bbas pas\u0101kumi: ikdienas lieto\u0161anai 2-3 reizes dien\u0101. B\u0113rniem, kas jaun\u0101ki par 7 gadiem, zobi j\u0101t\u012bra pieaugu\u0161o uzraudz\u012bb\u0101. Nenor\u012bt, izsp\u013caut. Satur n\u0101trija monofluorfosf\u0101tu. Fluor\u012bda masas da\u013ca 0,05% (500 ppm F-) Der\u012bguma termi\u0146\u0161: 36 m\u0113ne\u0161i. Uzglab\u0101t temperat\u016br\u0101 no +5&deg;C l\u012bdz +25&deg;C. &nbsp;<\/p>\n","protected":false},"featured_media":98263,"template":"","meta":[],"product_cat":[1335],"product_tag":[],"class_list":{"0":"post-39157","1":"product","2":"type-product","3":"status-publish","4":"has-post-thumbnail","6":"product_brand-kombi_ua","7":"product_cat-bernu-mutes-dobuma-higiena","9":"first","10":"instock","11":"taxable","12":"shipping-taxable","13":"product-type-simple"},"_links":{"self":[{"href":"https:\/\/e.kosmolat.eu\/lv\/wp-json\/wp\/v2\/product\/39157","targetHints":{"allow":["GET"]}}],"collection":[{"href":"https:\/\/e.kosmolat.eu\/lv\/wp-json\/wp\/v2\/product"}],"about":[{"href":"https:\/\/e.kosmolat.eu\/lv\/wp-json\/wp\/v2\/types\/product"}],"wp:featuredmedia":[{"embeddable":true,"href":"https:\/\/e.kosmolat.eu\/lv\/wp-json\/wp\/v2\/media\/98263"}],"wp:attachment":[{"href":"https:\/\/e.kosmolat.eu\/lv\/wp-json\/wp\/v2\/media?parent=39157"}],"wp:term":[{"taxonomy":"product_cat","embeddable":true,"href":"https:\/\/e.kosmolat.eu\/lv\/wp-json\/wp\/v2\/product_cat?post=39157"},{"taxonomy":"product_tag","embeddable":true,"href":"https:\/\/e.kosmolat.eu\/lv\/wp-json\/wp\/v2\/product_tag?post=39157"}],"curies":[{"name":"wp","href":"https:\/\/api.w.org\/{rel}","templated":true}]}}