{"id":39133,"date":"2023-12-22T22:50:38","date_gmt":"2023-12-22T22:50:38","guid":{"rendered":"https:\/\/e.kosmolat.eu\/product\/blyskavka-apavu-krems-krasa-ar-svammiti-tumsi-bruns-50-ml\/"},"modified":"2026-04-23T14:15:46","modified_gmt":"2026-04-23T14:15:46","slug":"blyskavka-apavu-krems-krasa-ar-svammiti-tumsi-bruns-50-ml","status":"publish","type":"product","link":"https:\/\/e.kosmolat.eu\/lv\/product\/blyskavka-apavu-krems-krasa-ar-svammiti-tumsi-bruns-50-ml\/","title":{"rendered":"Blyskavka Apavu kr\u0113ms-kr\u0101sa (ar \u0161vamm\u012bti) Tum\u0161i br\u016bns, 50 ml"},"content":{"rendered":"<p>Pie\u0161\u0137ir dab\u012bgu sp\u012bdumu, nav j\u0101pul\u0113. Aizsarg\u0101 pret mitrumu, \u0113rti lietojama.<\/p>\n<p><strong>Lieto\u0161ana:<\/strong> ar \u0161vamm\u012bti uzkl\u0101jiet pl\u0101nu kr\u0113mkr\u0101sas k\u0101rtu uz t\u012bras un sausas virsmas, \u013caujiet no\u017e\u016bt. Nepul\u0113jiet. Ja nepiecie\u0161ams atk\u0101rtojiet uzkl\u0101\u0161anu. P\u0113c lieto\u0161anas cie\u0161i aizveriet abus v\u0101kus.<\/p>\n<p><strong>Sast\u0101vs:<\/strong> \u016bdens, vasku kompoz\u012bcija, akrila emulsija, izopropanols, plastifikators, kr\u0101sviela.<\/p>\n<p><strong>Uzglab\u0101\u0161anas noteikumi:<\/strong> uzglab\u0101t saus\u0101, labi v\u0113din\u0101m\u0101 telp\u0101, temperat\u016br\u0101 no 0&deg;C l\u012bdz +35&deg;C, b\u0113rniem nepieejam\u0101 viet\u0101. Lietot p\u0113c nor\u0101d\u012bjumiem.<\/p>\n<p><strong>Der\u012bguma termi\u0146\u0161: <\/strong>5 gadi no izgatavo\u0161anas datuma, kas nor\u0101d\u012bts uz iepakojuma.<br \/>\n&nbsp;<\/p>\n","protected":false},"excerpt":{"rendered":"<p>Pie\u0161\u0137ir dab\u012bgu sp\u012bdumu, nav j\u0101pul\u0113. Aizsarg\u0101 pret mitrumu, \u0113rti lietojama. Lieto\u0161ana: ar \u0161vamm\u012bti uzkl\u0101jiet pl\u0101nu kr\u0113mkr\u0101sas k\u0101rtu uz t\u012bras un sausas virsmas, \u013caujiet no\u017e\u016bt. Nepul\u0113jiet. Ja nepiecie\u0161ams atk\u0101rtojiet uzkl\u0101\u0161anu. P\u0113c lieto\u0161anas cie\u0161i aizveriet abus v\u0101kus. Sast\u0101vs: \u016bdens, vasku kompoz\u012bcija, akrila emulsija, izopropanols, plastifikators, kr\u0101sviela. Uzglab\u0101\u0161anas noteikumi: uzglab\u0101t saus\u0101, labi v\u0113din\u0101m\u0101 telp\u0101, temperat\u016br\u0101 no 0&deg;C l\u012bdz [&#8230;]\n","protected":false},"featured_media":102575,"template":"","meta":[],"product_cat":[1731],"product_tag":[],"class_list":{"0":"post-39133","1":"product","2":"type-product","3":"status-publish","4":"has-post-thumbnail","6":"product_brand-blyskavka_ua","7":"product_cat-batu-valymo-priemones-ir-priedai","9":"first","10":"instock","11":"taxable","12":"shipping-taxable","13":"product-type-simple"},"_links":{"self":[{"href":"https:\/\/e.kosmolat.eu\/lv\/wp-json\/wp\/v2\/product\/39133","targetHints":{"allow":["GET"]}}],"collection":[{"href":"https:\/\/e.kosmolat.eu\/lv\/wp-json\/wp\/v2\/product"}],"about":[{"href":"https:\/\/e.kosmolat.eu\/lv\/wp-json\/wp\/v2\/types\/product"}],"wp:featuredmedia":[{"embeddable":true,"href":"https:\/\/e.kosmolat.eu\/lv\/wp-json\/wp\/v2\/media\/102575"}],"wp:attachment":[{"href":"https:\/\/e.kosmolat.eu\/lv\/wp-json\/wp\/v2\/media?parent=39133"}],"wp:term":[{"taxonomy":"product_cat","embeddable":true,"href":"https:\/\/e.kosmolat.eu\/lv\/wp-json\/wp\/v2\/product_cat?post=39133"},{"taxonomy":"product_tag","embeddable":true,"href":"https:\/\/e.kosmolat.eu\/lv\/wp-json\/wp\/v2\/product_tag?post=39133"}],"curies":[{"name":"wp","href":"https:\/\/api.w.org\/{rel}","templated":true}]}}