{"id":39129,"date":"2023-12-22T22:50:09","date_gmt":"2023-12-22T22:50:09","guid":{"rendered":"https:\/\/e.kosmolat.eu\/product\/blyskavka-apavu-krems-ar-svammiti-tumsi-bruns-75-ml\/"},"modified":"2026-05-07T16:02:11","modified_gmt":"2026-05-07T16:02:11","slug":"i_blyskavka-apavu-krems-ar-svammiti-tumsi-bruns-75-ml","status":"publish","type":"product","link":"https:\/\/e.kosmolat.eu\/lv\/product\/i_blyskavka-apavu-krems-ar-svammiti-tumsi-bruns-75-ml\/","title":{"rendered":"I_Blyskavka Apavu kr\u0113ms ar \u0161vamm\u012bti Tum\u0161i br\u016bns, 75 ml"},"content":{"rendered":"<p>Augstas kvalit\u0101tes apavu kr\u0113ms piem\u0113rots visu veidu gludai \u0101dai. Atjauno kr\u0101su, aizsarg\u0101 pret mitrumu, s\u0101li un pie\u0161\u0137ir sp\u012bdumu. Izgatavots uz bi\u0161u vaska pamata. Kr\u0113ms ir viegli uzkl\u0101jams, \u0101tri uzs\u016bcas un lieliski p\u016bl\u0113jas. Satur dab\u012bgu vasku, nodro\u0161ina pilnv\u0113rt\u012bgu apavu kop\u0161anu. Regul\u0101ra kr\u0113ma lieto\u0161ana \u013cauj uztur\u0113t apavus lab\u0101 st\u0101vokl\u012b un paildzina to kalpo\u0161anas laiku.&nbsp;<\/p>\n<p><strong>Lieto\u0161ana:<\/strong> vienm\u0113r\u012bgi uzkl\u0101t uz sausas t\u012bras virsmas. \u013baut uzs\u016bkties un nop\u016bl\u0113t.&nbsp;<\/p>\n<p><strong>Sast\u0101vs: <\/strong>bi\u0161u vasks, stear\u012bns, paraf\u012bns, \u016bdens, kr\u0101sviela, aromatiz\u0113t\u0101js.&nbsp;<\/p>\n<p><strong>Uzglab\u0101\u0161anas noteikumi:<\/strong> uzglab\u0101t saus\u0101 labi v\u0113din\u0101m\u0101 telp\u0101, temperat\u016br\u0101 no 0&deg;C l\u012bdz +20&deg;C, b\u0113rniem nepieejam\u0101 viet\u0101. Lietot p\u0113c nor\u0101d\u012bjumiem.<br \/>\n&nbsp;<\/p>\n","protected":false},"excerpt":{"rendered":"<p>Augstas kvalit\u0101tes apavu kr\u0113ms piem\u0113rots visu veidu gludai \u0101dai. Atjauno kr\u0101su, aizsarg\u0101 pret mitrumu, s\u0101li un pie\u0161\u0137ir sp\u012bdumu. Izgatavots uz bi\u0161u vaska pamata. Kr\u0113ms ir viegli uzkl\u0101jams, \u0101tri uzs\u016bcas un lieliski p\u016bl\u0113jas. Satur dab\u012bgu vasku, nodro\u0161ina pilnv\u0113rt\u012bgu apavu kop\u0161anu. Regul\u0101ra kr\u0113ma lieto\u0161ana \u013cauj uztur\u0113t apavus lab\u0101 st\u0101vokl\u012b un paildzina to kalpo\u0161anas laiku.&nbsp; Lieto\u0161ana: vienm\u0113r\u012bgi uzkl\u0101t [&#8230;]\n","protected":false},"featured_media":102919,"template":"","meta":[],"product_cat":[1730],"product_tag":[],"class_list":{"0":"post-39129","1":"product","2":"type-product","3":"status-publish","4":"has-post-thumbnail","6":"product_brand-blyskavka_ua","7":"product_cat-1730","9":"first","10":"instock","11":"taxable","12":"shipping-taxable","13":"product-type-simple"},"_links":{"self":[{"href":"https:\/\/e.kosmolat.eu\/lv\/wp-json\/wp\/v2\/product\/39129","targetHints":{"allow":["GET"]}}],"collection":[{"href":"https:\/\/e.kosmolat.eu\/lv\/wp-json\/wp\/v2\/product"}],"about":[{"href":"https:\/\/e.kosmolat.eu\/lv\/wp-json\/wp\/v2\/types\/product"}],"wp:featuredmedia":[{"embeddable":true,"href":"https:\/\/e.kosmolat.eu\/lv\/wp-json\/wp\/v2\/media\/102919"}],"wp:attachment":[{"href":"https:\/\/e.kosmolat.eu\/lv\/wp-json\/wp\/v2\/media?parent=39129"}],"wp:term":[{"taxonomy":"product_cat","embeddable":true,"href":"https:\/\/e.kosmolat.eu\/lv\/wp-json\/wp\/v2\/product_cat?post=39129"},{"taxonomy":"product_tag","embeddable":true,"href":"https:\/\/e.kosmolat.eu\/lv\/wp-json\/wp\/v2\/product_tag?post=39129"}],"curies":[{"name":"wp","href":"https:\/\/api.w.org\/{rel}","templated":true}]}}